{"id":95,"date":"2024-12-02T07:37:58","date_gmt":"2024-12-02T07:37:58","guid":{"rendered":"https:\/\/infmix.ro\/a6a\/?page_id=95"},"modified":"2024-12-03T08:50:48","modified_gmt":"2024-12-03T08:50:48","slug":"m2-l3-operatii-cu-foldere-si-fisiere-in-linux","status":"publish","type":"page","link":"https:\/\/infmix.ro\/a6a\/m2\/m2-l3-operatii-cu-foldere-si-fisiere-in-linux\/","title":{"rendered":"M2 L3 Opera\u021bii cu foldere \u0219i fi\u0219iere \u00een Linux"},"content":{"rendered":"\n<p>Orice sistem de operare are folderele \u0219i fi\u0219ierele organizate sub forma unui arbore. Dac\u0103 \u00een Windows avem mai multe foldere r\u0103d\u0103cin\u0103 numite \u0219i parti\u021bii sau volume sau discuri logice notate cu C: D: E: etc., Linux este urma\u0219ul sistemului de operare Unix care are un arbore cu o singur\u0103 r\u0103d\u0103cin\u0103 sub care exist\u0103 o structur\u0103 fix\u0103 de foldere la care utilizatorul \u00een mare parte nu are acces.<\/p>\n\n\n\n<figure class=\"wp-block-image\"><img decoding=\"async\" src=\"https:\/\/infmix.ro\/wp-content\/uploads\/2021\/03\/linux-filesystem.png\" alt=\"\" class=\"wp-image-417\"\/><figcaption class=\"wp-element-caption\">Figura 1 Arborele de directoare \u00een Linux, Unix, BSD sau Android.<\/figcaption><\/figure>\n\n\n\n<p>Dup\u0103 cum vedem \u00een figura 1 folderul r\u0103d\u0103cin\u0103 (<strong>root <\/strong>\u00een englez\u0103 \u00eenseamn\u0103 <strong>r\u0103d\u0103cin\u0103 <\/strong>\u00een rom\u00e2n\u0103) este unic, se noteaz\u0103 cu <strong>\u201e \/ \u201d<\/strong> \u0219i de la el pleac\u0103 toate celelalte foldere av\u00e2nd fiecare c\u00e2te o destina\u021bie specific\u0103. Utilizatorul are acces de obicei doar la folderul <strong>home<\/strong>.<\/p>\n\n\n\n<p>Din p\u0103cate nu exist\u0103 \u00eenc\u0103 un video cu structura folderelor din linux \u00een limba rom\u00e2n\u0103 dar video de mai jos are subtitrare \u00een englez\u0103 care poate fi tradus\u0103 \u00een rom\u00e2n\u0103 (pentru a \u00eenv\u0103\u021ba cu se traduce automat subtitrarea \u00een rom\u00e2n\u0103 vezi <a href=\"https:\/\/infmix.ro\/informatica\/hardware\/08-reprezentarea-datelor-in-memorie\/\" target=\"_blank\" rel=\"noreferrer noopener\">reprezentarea datelor \u00een memorie<\/a>):<\/p>\n\n\n\n<figure class=\"wp-block-embed aligncenter is-type-video is-provider-youtube wp-block-embed-youtube wp-embed-aspect-16-9 wp-has-aspect-ratio\"><div class=\"wp-block-embed__wrapper\">\n<iframe loading=\"lazy\" title=\"05. Linux Root Folders Explained\" width=\"729\" height=\"410\" src=\"https:\/\/www.youtube.com\/embed\/ucctAawSnj8?feature=oembed\" frameborder=\"0\" allow=\"accelerometer; autoplay; clipboard-write; encrypted-media; gyroscope; picture-in-picture; web-share\" referrerpolicy=\"strict-origin-when-cross-origin\" allowfullscreen><\/iframe>\n<\/div><\/figure>\n\n\n\n<p>Exist\u0103 un super utilizator denumit <strong>Administrator <\/strong>\u00een <strong>Windows <\/strong>\u0219i <strong>root <\/strong>\u00een <strong>Linux <\/strong>adic\u0103 cel care a instalat sistemul fiind singurul care are dreptul de a instala sau dezinstala sistemul de operare.<\/p>\n\n\n\n<p>Pentru a ajunge \u00een Android la <strong>root <\/strong>este periculos deoarece se trece peste toate barierele de securitate ale telefonului. Utilizatorii de telefoane inteligente cump\u0103r\u0103 telefonul cu sistemul de operare instalat \u0219i doar instaleaz\u0103 aplica\u021bii \u0219i jocuri la nivel de utilizator \u00een folderul <strong>home<\/strong>.<\/p>\n\n\n\n<p>Opera\u021bia de a accesa super-utilizatorul <strong>root <\/strong>\u00een Android se nume\u0219te rutare \u0219i const\u0103 \u00een:<\/p>\n\n\n\n<ul class=\"wp-block-list\">\n<li>Deblocarea bootloater-ului. Boot \u00eenseamn\u0103 pornirea sistemului de operare \u0219i loader \u00eenseamn\u0103 \u00eenc\u0103rc\u0103tor de programe.<\/li>\n\n\n\n<li>Instalarea unui program de recuperare numit TWRP (Team Win Recovery Project) prin flash-uirea lui adic\u0103 acces\u00e2nd memoria fizic\u0103 a telefonului care este o memorie flash la fel ca la stick.<\/li>\n\n\n\n<li>Rutarea propriu-zis\u0103 este instalarea aplica\u021biei <strong>super-su<\/strong> pe telefon care are acces la root. Comanda \u201e<strong>su<\/strong>\u201d \u00een linia de comand\u0103 Linux ne ofer\u0103 accesul la super-utilizator adic\u0103 la <strong>root<\/strong>.<\/li>\n<\/ul>\n\n\n\n<p>Videoclipul de mai jos este doar pentru prezentare. <strong>NU <\/strong>face\u021bi a\u0219a ceva telefoanelor voastre. Aten\u021bie infmix.ro nu-\u0219i asum\u0103 \u00een nici un fel responsabilitatea \u00een cazul \u00een care v\u0103 strica\u021bi telefoanele.<\/p>\n\n\n\n<figure class=\"wp-block-embed aligncenter is-type-video is-provider-youtube wp-block-embed-youtube wp-embed-aspect-16-9 wp-has-aspect-ratio\"><div class=\"wp-block-embed__wrapper\">\n<iframe loading=\"lazy\" title=\"Cum se face ROOT la telefon, f\u0103r\u0103 PC sau alte aplica\u021bii\" width=\"729\" height=\"410\" src=\"https:\/\/www.youtube.com\/embed\/A_OZq6iwM1Y?feature=oembed\" frameborder=\"0\" allow=\"accelerometer; autoplay; clipboard-write; encrypted-media; gyroscope; picture-in-picture; web-share\" referrerpolicy=\"strict-origin-when-cross-origin\" allowfullscreen><\/iframe>\n<\/div><\/figure>\n\n\n\n<p><strong>Concluzii<\/strong>:<\/p>\n\n\n\n<ol class=\"wp-block-list\">\n<li>Fiecare sistem de operare are un super-utilizator care a instalat sistemul de operare \u0219i are drepturi supreme asupra sa. \u00cen Windows super-utilizator se nume\u0219te <strong>Administrator<\/strong>. \u00cen Linux el se nume\u0219te <strong>Root<\/strong>.<\/li>\n\n\n\n<li>\u00cen Linux arborele de directoare \u0219i fi\u0219iere are un sigur director r\u0103d\u0103cin\u0103 care se nume\u0219te <strong>Root<\/strong> \u0219i la care noi nu avem acces. \u00cen Windows directoarele r\u0103d\u0103cin\u0103 au litere C: D: E: etc. \u0219i orice utilizator are acces la ele.<\/li>\n\n\n\n<li>Utilizatorul linux are acces doar la directorul <strong>Home<\/strong>. Fiecare utilizator linux are propriul folder denumit <strong>Home<\/strong> unde sunt salvate fi\u0219ierele sale personale \u0219i care nu este vizibil pentru alt utilizator.<\/li>\n\n\n\n<li>\u00cen Android accesul la foldere \u0219i fi\u0219iere se face cu <strong>File Manager<\/strong> care ofer\u0103 un acces limitat de drepturile de utilizator care nu este super-user.<\/li>\n<\/ol>\n\n\n\n<p>\u00centreb\u0103ri:<\/p>\n\n\n\n<ol class=\"wp-block-list\">\n<li>Ce este un super-utilizator?<\/li>\n\n\n\n<li>C\u00e2te directoare r\u0103d\u0103cin\u0103 are arborele de fi\u0219iere \u0219i directoare \u00een Linux?<\/li>\n\n\n\n<li>Ce se salveaz\u0103 \u00een directorul Home?<\/li>\n\n\n\n<li>Ce rol are aplica\u021bia File Manager?<\/li>\n<\/ol>\n\n\n\n<h2 class=\"wp-block-heading\">Tem\u0103:<\/h2>\n\n\n\n<p>S\u0103 se creeze pe Desktop structura folderelor din imagine. \u00cen imagine numele directoarelor sunt scrise l\u00e2ng\u0103 fiecare director. Voi le scrie\u021bi normal ca nume de directoare. Apoi folosind aplica\u021bia CMD cu comanda tree g\u0103si\u021bi folderele voastre de pe Desktop.<\/p>\n\n\n<div class=\"wp-block-image\">\n<figure class=\"aligncenter size-full\"><picture><source srcset=\"https:\/\/infmix.ro\/a6a\/wp-content\/webp-express\/webp-images\/uploads\/sites\/2\/2024\/12\/nicoleta-mic.jpg.webp 640w, https:\/\/infmix.ro\/a6a\/wp-content\/webp-express\/webp-images\/uploads\/sites\/2\/2024\/12\/nicoleta-mic-251x300.jpg.webp 251w\" sizes=\"auto, (max-width: 640px) 100vw, 640px\" type=\"image\/webp\"><img loading=\"lazy\" decoding=\"async\" width=\"640\" height=\"764\" src=\"https:\/\/infmix.ro\/a6a\/wp-content\/uploads\/sites\/2\/2024\/12\/nicoleta-mic.jpg\" alt=\"\" class=\"wp-image-99 webpexpress-processed\" srcset=\"https:\/\/infmix.ro\/a6a\/wp-content\/uploads\/sites\/2\/2024\/12\/nicoleta-mic.jpg 640w, https:\/\/infmix.ro\/a6a\/wp-content\/uploads\/sites\/2\/2024\/12\/nicoleta-mic-251x300.jpg 251w\" sizes=\"auto, (max-width: 640px) 100vw, 640px\"><\/picture><\/figure>\n<\/div>","protected":false},"excerpt":{"rendered":"<p>Orice sistem de operare are folderele \u0219i fi\u0219ierele organizate sub forma unui arbore. Dac\u0103 \u00een Windows avem mai multe foldere r\u0103d\u0103cin\u0103 numite \u0219i parti\u021bii sau volume sau discuri logice notate cu C: D: E: etc., Linux este urma\u0219ul sistemului de operare Unix care are un arbore cu o singur\u0103 r\u0103d\u0103cin\u0103 sub care exist\u0103 o structur\u0103 [&hellip;]<\/p>\n","protected":false},"author":1,"featured_media":0,"parent":55,"menu_order":0,"comment_status":"closed","ping_status":"closed","template":"","meta":{"_FSMCFIC_featured_image_caption":"","_FSMCFIC_featured_image_nocaption":"","_FSMCFIC_featured_image_hide":"","footnotes":""},"class_list":["post-95","page","type-page","status-publish","hentry"],"yoast_head":"<!-- This site is optimized with the Yoast SEO plugin v27.4 - https:\/\/yoast.com\/product\/yoast-seo-wordpress\/ -->\n<title>M2 L3 Opera\u021bii cu foldere \u0219i fi\u0219iere \u00een Linux - Clasa a VI-a InfMix<\/title>\n<meta name=\"robots\" content=\"index, follow, max-snippet:-1, max-image-preview:large, max-video-preview:-1\" \/>\n<link rel=\"canonical\" href=\"https:\/\/infmix.ro\/a6a\/m2\/m2-l3-operatii-cu-foldere-si-fisiere-in-linux\/\" \/>\n<meta property=\"og:locale\" content=\"ro_RO\" \/>\n<meta property=\"og:type\" content=\"article\" \/>\n<meta property=\"og:title\" content=\"M2 L3 Opera\u021bii cu foldere \u0219i fi\u0219iere \u00een Linux - Clasa a VI-a InfMix\" \/>\n<meta property=\"og:description\" content=\"Orice sistem de operare are folderele \u0219i fi\u0219ierele organizate sub forma unui arbore. Dac\u0103 \u00een Windows avem mai multe foldere r\u0103d\u0103cin\u0103 numite \u0219i parti\u021bii sau volume sau discuri logice notate cu C: D: E: etc., Linux este urma\u0219ul sistemului de operare Unix care are un arbore cu o singur\u0103 r\u0103d\u0103cin\u0103 sub care exist\u0103 o structur\u0103 [&hellip;]\" \/>\n<meta property=\"og:url\" content=\"https:\/\/infmix.ro\/a6a\/m2\/m2-l3-operatii-cu-foldere-si-fisiere-in-linux\/\" \/>\n<meta property=\"og:site_name\" content=\"Clasa a VI-a InfMix\" \/>\n<meta property=\"article:modified_time\" content=\"2024-12-03T08:50:48+00:00\" \/>\n<meta name=\"twitter:card\" content=\"summary_large_image\" \/>\n<meta name=\"twitter:label1\" content=\"Timp estimat pentru citire\" \/>\n\t<meta name=\"twitter:data1\" content=\"4 minute\" \/>\n<script type=\"application\/ld+json\" class=\"yoast-schema-graph\">{\"@context\":\"https:\\\/\\\/schema.org\",\"@graph\":[{\"@type\":\"WebPage\",\"@id\":\"https:\\\/\\\/infmix.ro\\\/a6a\\\/m2\\\/m2-l3-operatii-cu-foldere-si-fisiere-in-linux\\\/\",\"url\":\"https:\\\/\\\/infmix.ro\\\/a6a\\\/m2\\\/m2-l3-operatii-cu-foldere-si-fisiere-in-linux\\\/\",\"name\":\"M2 L3 Opera\u021bii cu foldere \u0219i fi\u0219iere \u00een Linux - Clasa a VI-a InfMix\",\"isPartOf\":{\"@id\":\"https:\\\/\\\/infmix.ro\\\/a6a\\\/#website\"},\"primaryImageOfPage\":{\"@id\":\"https:\\\/\\\/infmix.ro\\\/a6a\\\/m2\\\/m2-l3-operatii-cu-foldere-si-fisiere-in-linux\\\/#primaryimage\"},\"image\":{\"@id\":\"https:\\\/\\\/infmix.ro\\\/a6a\\\/m2\\\/m2-l3-operatii-cu-foldere-si-fisiere-in-linux\\\/#primaryimage\"},\"thumbnailUrl\":\"https:\\\/\\\/infmix.ro\\\/wp-content\\\/uploads\\\/2021\\\/03\\\/linux-filesystem.png\",\"datePublished\":\"2024-12-02T07:37:58+00:00\",\"dateModified\":\"2024-12-03T08:50:48+00:00\",\"breadcrumb\":{\"@id\":\"https:\\\/\\\/infmix.ro\\\/a6a\\\/m2\\\/m2-l3-operatii-cu-foldere-si-fisiere-in-linux\\\/#breadcrumb\"},\"inLanguage\":\"ro-RO\",\"potentialAction\":[{\"@type\":\"ReadAction\",\"target\":[\"https:\\\/\\\/infmix.ro\\\/a6a\\\/m2\\\/m2-l3-operatii-cu-foldere-si-fisiere-in-linux\\\/\"]}]},{\"@type\":\"ImageObject\",\"inLanguage\":\"ro-RO\",\"@id\":\"https:\\\/\\\/infmix.ro\\\/a6a\\\/m2\\\/m2-l3-operatii-cu-foldere-si-fisiere-in-linux\\\/#primaryimage\",\"url\":\"https:\\\/\\\/infmix.ro\\\/wp-content\\\/uploads\\\/2021\\\/03\\\/linux-filesystem.png\",\"contentUrl\":\"https:\\\/\\\/infmix.ro\\\/wp-content\\\/uploads\\\/2021\\\/03\\\/linux-filesystem.png\"},{\"@type\":\"BreadcrumbList\",\"@id\":\"https:\\\/\\\/infmix.ro\\\/a6a\\\/m2\\\/m2-l3-operatii-cu-foldere-si-fisiere-in-linux\\\/#breadcrumb\",\"itemListElement\":[{\"@type\":\"ListItem\",\"position\":1,\"name\":\"Prima pagin\u0103\",\"item\":\"https:\\\/\\\/infmix.ro\\\/a6a\\\/\"},{\"@type\":\"ListItem\",\"position\":2,\"name\":\"M2\",\"item\":\"https:\\\/\\\/infmix.ro\\\/a6a\\\/m2\\\/\"},{\"@type\":\"ListItem\",\"position\":3,\"name\":\"M2 L3 Opera\u021bii cu foldere \u0219i fi\u0219iere \u00een Linux\"}]},{\"@type\":\"WebSite\",\"@id\":\"https:\\\/\\\/infmix.ro\\\/a6a\\\/#website\",\"url\":\"https:\\\/\\\/infmix.ro\\\/a6a\\\/\",\"name\":\"Clasa a VI-a InfMix\",\"description\":\"Informa\u021bia a\u0219a cum o pute\u021bi imagina\",\"publisher\":{\"@id\":\"https:\\\/\\\/infmix.ro\\\/a6a\\\/#\\\/schema\\\/person\\\/2cebfe49f5302ee541291ee8efcc004d\"},\"potentialAction\":[{\"@type\":\"SearchAction\",\"target\":{\"@type\":\"EntryPoint\",\"urlTemplate\":\"https:\\\/\\\/infmix.ro\\\/a6a\\\/?s={search_term_string}\"},\"query-input\":{\"@type\":\"PropertyValueSpecification\",\"valueRequired\":true,\"valueName\":\"search_term_string\"}}],\"inLanguage\":\"ro-RO\"},{\"@type\":[\"Person\",\"Organization\"],\"@id\":\"https:\\\/\\\/infmix.ro\\\/a6a\\\/#\\\/schema\\\/person\\\/2cebfe49f5302ee541291ee8efcc004d\",\"name\":\"Profu DeInfo\",\"image\":{\"@type\":\"ImageObject\",\"inLanguage\":\"ro-RO\",\"@id\":\"https:\\\/\\\/infmix.ro\\\/a6a\\\/wp-content\\\/uploads\\\/sites\\\/2\\\/2024\\\/11\\\/64colorchanger.png\",\"url\":\"https:\\\/\\\/infmix.ro\\\/a6a\\\/wp-content\\\/uploads\\\/sites\\\/2\\\/2024\\\/11\\\/64colorchanger.png\",\"contentUrl\":\"https:\\\/\\\/infmix.ro\\\/a6a\\\/wp-content\\\/uploads\\\/sites\\\/2\\\/2024\\\/11\\\/64colorchanger.png\",\"width\":64,\"height\":64,\"caption\":\"Profu DeInfo\"},\"logo\":{\"@id\":\"https:\\\/\\\/infmix.ro\\\/a6a\\\/wp-content\\\/uploads\\\/sites\\\/2\\\/2024\\\/11\\\/64colorchanger.png\"},\"sameAs\":[\"https:\\\/\\\/infmix.ro\"]}]}<\/script>\n<!-- \/ Yoast SEO plugin. -->","yoast_head_json":{"title":"M2 L3 Opera\u021bii cu foldere \u0219i fi\u0219iere \u00een Linux - Clasa a VI-a InfMix","robots":{"index":"index","follow":"follow","max-snippet":"max-snippet:-1","max-image-preview":"max-image-preview:large","max-video-preview":"max-video-preview:-1"},"canonical":"https:\/\/infmix.ro\/a6a\/m2\/m2-l3-operatii-cu-foldere-si-fisiere-in-linux\/","og_locale":"ro_RO","og_type":"article","og_title":"M2 L3 Opera\u021bii cu foldere \u0219i fi\u0219iere \u00een Linux - Clasa a VI-a InfMix","og_description":"Orice sistem de operare are folderele \u0219i fi\u0219ierele organizate sub forma unui arbore. Dac\u0103 \u00een Windows avem mai multe foldere r\u0103d\u0103cin\u0103 numite \u0219i parti\u021bii sau volume sau discuri logice notate cu C: D: E: etc., Linux este urma\u0219ul sistemului de operare Unix care are un arbore cu o singur\u0103 r\u0103d\u0103cin\u0103 sub care exist\u0103 o structur\u0103 [&hellip;]","og_url":"https:\/\/infmix.ro\/a6a\/m2\/m2-l3-operatii-cu-foldere-si-fisiere-in-linux\/","og_site_name":"Clasa a VI-a InfMix","article_modified_time":"2024-12-03T08:50:48+00:00","twitter_card":"summary_large_image","twitter_misc":{"Timp estimat pentru citire":"4 minute"},"schema":{"@context":"https:\/\/schema.org","@graph":[{"@type":"WebPage","@id":"https:\/\/infmix.ro\/a6a\/m2\/m2-l3-operatii-cu-foldere-si-fisiere-in-linux\/","url":"https:\/\/infmix.ro\/a6a\/m2\/m2-l3-operatii-cu-foldere-si-fisiere-in-linux\/","name":"M2 L3 Opera\u021bii cu foldere \u0219i fi\u0219iere \u00een Linux - Clasa a VI-a InfMix","isPartOf":{"@id":"https:\/\/infmix.ro\/a6a\/#website"},"primaryImageOfPage":{"@id":"https:\/\/infmix.ro\/a6a\/m2\/m2-l3-operatii-cu-foldere-si-fisiere-in-linux\/#primaryimage"},"image":{"@id":"https:\/\/infmix.ro\/a6a\/m2\/m2-l3-operatii-cu-foldere-si-fisiere-in-linux\/#primaryimage"},"thumbnailUrl":"https:\/\/infmix.ro\/wp-content\/uploads\/2021\/03\/linux-filesystem.png","datePublished":"2024-12-02T07:37:58+00:00","dateModified":"2024-12-03T08:50:48+00:00","breadcrumb":{"@id":"https:\/\/infmix.ro\/a6a\/m2\/m2-l3-operatii-cu-foldere-si-fisiere-in-linux\/#breadcrumb"},"inLanguage":"ro-RO","potentialAction":[{"@type":"ReadAction","target":["https:\/\/infmix.ro\/a6a\/m2\/m2-l3-operatii-cu-foldere-si-fisiere-in-linux\/"]}]},{"@type":"ImageObject","inLanguage":"ro-RO","@id":"https:\/\/infmix.ro\/a6a\/m2\/m2-l3-operatii-cu-foldere-si-fisiere-in-linux\/#primaryimage","url":"https:\/\/infmix.ro\/wp-content\/uploads\/2021\/03\/linux-filesystem.png","contentUrl":"https:\/\/infmix.ro\/wp-content\/uploads\/2021\/03\/linux-filesystem.png"},{"@type":"BreadcrumbList","@id":"https:\/\/infmix.ro\/a6a\/m2\/m2-l3-operatii-cu-foldere-si-fisiere-in-linux\/#breadcrumb","itemListElement":[{"@type":"ListItem","position":1,"name":"Prima pagin\u0103","item":"https:\/\/infmix.ro\/a6a\/"},{"@type":"ListItem","position":2,"name":"M2","item":"https:\/\/infmix.ro\/a6a\/m2\/"},{"@type":"ListItem","position":3,"name":"M2 L3 Opera\u021bii cu foldere \u0219i fi\u0219iere \u00een Linux"}]},{"@type":"WebSite","@id":"https:\/\/infmix.ro\/a6a\/#website","url":"https:\/\/infmix.ro\/a6a\/","name":"Clasa a VI-a InfMix","description":"Informa\u021bia a\u0219a cum o pute\u021bi imagina","publisher":{"@id":"https:\/\/infmix.ro\/a6a\/#\/schema\/person\/2cebfe49f5302ee541291ee8efcc004d"},"potentialAction":[{"@type":"SearchAction","target":{"@type":"EntryPoint","urlTemplate":"https:\/\/infmix.ro\/a6a\/?s={search_term_string}"},"query-input":{"@type":"PropertyValueSpecification","valueRequired":true,"valueName":"search_term_string"}}],"inLanguage":"ro-RO"},{"@type":["Person","Organization"],"@id":"https:\/\/infmix.ro\/a6a\/#\/schema\/person\/2cebfe49f5302ee541291ee8efcc004d","name":"Profu DeInfo","image":{"@type":"ImageObject","inLanguage":"ro-RO","@id":"https:\/\/infmix.ro\/a6a\/wp-content\/uploads\/sites\/2\/2024\/11\/64colorchanger.png","url":"https:\/\/infmix.ro\/a6a\/wp-content\/uploads\/sites\/2\/2024\/11\/64colorchanger.png","contentUrl":"https:\/\/infmix.ro\/a6a\/wp-content\/uploads\/sites\/2\/2024\/11\/64colorchanger.png","width":64,"height":64,"caption":"Profu DeInfo"},"logo":{"@id":"https:\/\/infmix.ro\/a6a\/wp-content\/uploads\/sites\/2\/2024\/11\/64colorchanger.png"},"sameAs":["https:\/\/infmix.ro"]}]}},"_links":{"self":[{"href":"https:\/\/infmix.ro\/a6a\/wp-json\/wp\/v2\/pages\/95","targetHints":{"allow":["GET"]}}],"collection":[{"href":"https:\/\/infmix.ro\/a6a\/wp-json\/wp\/v2\/pages"}],"about":[{"href":"https:\/\/infmix.ro\/a6a\/wp-json\/wp\/v2\/types\/page"}],"author":[{"embeddable":true,"href":"https:\/\/infmix.ro\/a6a\/wp-json\/wp\/v2\/users\/1"}],"replies":[{"embeddable":true,"href":"https:\/\/infmix.ro\/a6a\/wp-json\/wp\/v2\/comments?post=95"}],"version-history":[{"count":2,"href":"https:\/\/infmix.ro\/a6a\/wp-json\/wp\/v2\/pages\/95\/revisions"}],"predecessor-version":[{"id":100,"href":"https:\/\/infmix.ro\/a6a\/wp-json\/wp\/v2\/pages\/95\/revisions\/100"}],"up":[{"embeddable":true,"href":"https:\/\/infmix.ro\/a6a\/wp-json\/wp\/v2\/pages\/55"}],"wp:attachment":[{"href":"https:\/\/infmix.ro\/a6a\/wp-json\/wp\/v2\/media?parent=95"}],"curies":[{"name":"wp","href":"https:\/\/api.w.org\/{rel}","templated":true}]}}