{"id":75,"date":"2024-11-25T07:20:54","date_gmt":"2024-11-25T07:20:54","guid":{"rendered":"https:\/\/infmix.ro\/a6a\/?page_id=75"},"modified":"2025-11-09T15:34:19","modified_gmt":"2025-11-09T15:34:19","slug":"m2-l2-operatii-cu-foldere-si-fisiere-in-windows","status":"publish","type":"page","link":"https:\/\/infmix.ro\/a6a\/m2\/m2-l2-operatii-cu-foldere-si-fisiere-in-windows\/","title":{"rendered":"M2 L2 Opera\u021bii cu foldere \u0219i fi\u0219iere \u00een Windows"},"content":{"rendered":"\n<h2 class=\"wp-block-heading\"><strong>Director = Folder = Dosar<\/strong><\/h2>\n\n\n\n<p>La fel ca la un birou unde avem dosare care con\u021bin h\u00e2rtii \u00een sistemul de operare avem foldere care con\u021bin fi\u0219iere.<\/p>\n\n\n<div class=\"wp-block-image\">\n<figure class=\"aligncenter is-resized\"><img decoding=\"async\" src=\"https:\/\/infmix.ro\/wp-content\/uploads\/2024\/11\/folder-ce-contine-fisiere.png\" alt=\"\" class=\"wp-image-1306\" style=\"width:416px;height:auto\"\/><figcaption class=\"wp-element-caption\">img. 1 folder ce con\u021bine fi\u0219iere<\/figcaption><\/figure>\n<\/div>\n\n\n<p><strong><em><mark>\u00cen S.O. dosarele \u0219i fi\u0219ierele sunt organizate ierarhic sub forma unui arbore care are un folder r\u0103d\u0103cin\u0103 \u0219i de la el pleac\u0103 sub-foldere care pot con\u021bine \u0219i alte sub-foldere \u0219i fi\u0219iere.<\/mark><mark><\/mark><\/em><\/strong><\/p>\n\n\n<div class=\"wp-block-image\">\n<figure class=\"aligncenter is-resized\"><img decoding=\"async\" src=\"https:\/\/infmix.ro\/wp-content\/uploads\/2024\/11\/arbore-de-directoare-pe-dos.png\" alt=\"\" class=\"wp-image-1309\" style=\"width:490px;height:auto\"\/><figcaption class=\"wp-element-caption\">img. 2 arborele de fi\u0219iere \u0219i directoare<\/figcaption><\/figure>\n<\/div>\n\n\n<p><strong><em><mark><strong><em>\u00cen acest arbore folderul d\u0103&nbsp;<mark>direc\u021bia&nbsp;<\/mark>de la r\u0103d\u0103cin\u0103 p\u00e2n\u0103 la fi\u0219iere care sunt frunzele arborelui \u0219i de aceea se nume\u0219te&nbsp;<mark>director<\/mark>.<\/em><\/strong><\/mark><\/em><\/strong><\/p>\n\n\n\n<p><mark>Aplica\u021bia cu care navig\u0103m \u00een arbore se nume\u0219te Windows Explorer:<\/mark><\/p>\n\n\n<div class=\"wp-block-image\">\n<figure class=\"aligncenter is-resized\"><img decoding=\"async\" src=\"https:\/\/infmix.ro\/wp-content\/uploads\/2023\/11\/preview-explorer.webp\" alt=\"\" class=\"wp-image-1082\" style=\"width:379px;height:auto\"\/><figcaption class=\"wp-element-caption\">img. 3 aplica\u021bia file explorer sau Windows explorer<\/figcaption><\/figure>\n<\/div>\n\n\n<p>Folderele r\u0103d\u0103cin\u0103 sunt notate cu literele C:\\ , D:\\, E:\\\u2026 etc.<\/p>\n\n\n\n<h2 class=\"wp-block-heading\"><strong>Utilizarea mouse.<\/strong><\/h2>\n\n\n\n<p>Clic st\u00e2nga selecteaz\u0103 un fi\u0219ier<\/p>\n\n\n\n<p>Dublu clic st\u00e2nga deschide un fi\u0219ier. Dublu clic \u00eenseamn\u0103 dou\u0103 clicuri rapide. Dublu clic este \u00eentotdeauna de st\u00e2nga, nu exist\u0103 dublu clic de dreapta.&nbsp;<\/p>\n\n\n\n<p>Clic dreapta deschide un meniu contextual adic\u0103 meniul depinde de zona de pe ecran unde se afl\u0103 s\u0103geata mouse-lui.<\/p>\n\n\n\n<figure class=\"wp-block-embed is-type-video is-provider-youtube wp-block-embed-youtube wp-embed-aspect-16-9 wp-has-aspect-ratio\"><div class=\"wp-block-embed__wrapper\">\n<iframe loading=\"lazy\" title=\"Utilizare mouse\" width=\"729\" height=\"410\" src=\"https:\/\/www.youtube.com\/embed\/pi-aVJMsFOQ?feature=oembed\" frameborder=\"0\" allow=\"accelerometer; autoplay; clipboard-write; encrypted-media; gyroscope; picture-in-picture; web-share\" referrerpolicy=\"strict-origin-when-cross-origin\" allowfullscreen><\/iframe>\n<\/div><\/figure>\n\n\n\n<h2 class=\"wp-block-heading\"><strong>Creare folder:<\/strong><\/h2>\n\n\n\n<p>Clic dreapta pe spa\u021biul de lucru si alegem New apoi Folder.<\/p>\n\n\n\n<figure class=\"wp-block-image\"><img decoding=\"async\" src=\"https:\/\/infmix.ro\/wp-content\/uploads\/2022\/11\/creare-folder-1024x575.jpg\" alt=\"\" class=\"wp-image-770\"\/><figcaption class=\"wp-element-caption\">img. 4 creare folder<\/figcaption><\/figure>\n\n\n\n<p>Cre\u0103m pe desktop folderul cu numele Dosar apoi \u00een el cre\u0103m subfolder-ele SubDosar1\u20262\u20263 ca \u00een imaginea de mai jos. Apoi cre\u0103m c\u00e2teva fi\u0219iere \u00een ele pe care le vom copia \u0219i muta.<\/p>\n\n\n\n<figure class=\"wp-block-image\"><img decoding=\"async\" src=\"https:\/\/infmix.ro\/wp-content\/uploads\/2023\/11\/dosareShell.webp\" alt=\"\" class=\"wp-image-1081\"\/><figcaption class=\"wp-element-caption\">img. 5 creare structur\u0103 de foldere<\/figcaption><\/figure>\n\n\n\n<h2 class=\"wp-block-heading\"><strong>Copiere \u0219i mutare fi\u0219ier:<\/strong><\/h2>\n\n\n\n<p>Clic st\u00e2nga pe fi\u0219ier pentru a-l selecta apoi clic dreapta pe fi\u0219ier \u0219i alegem Copy pentru copiere sau Cut pentru t\u0103iere.<\/p>\n\n\n\n<p>Navigam \u00een folderul destina\u021bie \u0219i alegem Paste adic\u0103 lipire.<\/p>\n\n\n\n<h2 class=\"wp-block-heading\"><strong>\u0218tergere<\/strong><\/h2>\n\n\n\n<p>Clic st\u00e2nga pe folder sau fi\u0219ier \u0219i ap\u0103sam tasta Delete pe tastatura.<\/p>\n\n\n\n<h2 class=\"wp-block-heading\"><strong>\u0218tergere definitiv\u0103<\/strong><\/h2>\n\n\n\n<p>Clic st\u00e2nga pe folder sau fi\u0219ier \u0219i ap\u0103sam tastele Shift+Delete pe tastatur\u0103.<\/p>\n\n\n\n<figure class=\"wp-block-embed is-type-video is-provider-youtube wp-block-embed-youtube wp-embed-aspect-16-9 wp-has-aspect-ratio\"><div class=\"wp-block-embed__wrapper\">\n<iframe loading=\"lazy\" title=\"Opera\u021bii cu foldere \u0219i fi\u0219iere\" width=\"729\" height=\"410\" src=\"https:\/\/www.youtube.com\/embed\/zXwTX0PWV1s?feature=oembed\" frameborder=\"0\" allow=\"accelerometer; autoplay; clipboard-write; encrypted-media; gyroscope; picture-in-picture; web-share\" referrerpolicy=\"strict-origin-when-cross-origin\" allowfullscreen><\/iframe>\n<\/div><\/figure>\n\n\n\n<p><mark>\u00cen videoclipurile din aceast\u0103 lec\u021bie acolo unde vede\u021bi apari\u021bia scurt\u0103 a unei buline galbene \u00eenseamn\u0103 clic de st\u00e2nga iar acolo unde vede\u021bi apari\u021bia scurt\u0103 a unei buline albastre asta \u00eenseam\u0103 c\u0103 am dat clic dreapta. Acolo unde vede\u021bi dou\u0103 apari\u021bii scurte de bulin\u0103 galben\u0103 este dublu clic.<\/mark><\/p>\n\n\n\n<figure class=\"wp-block-embed is-type-video is-provider-youtube wp-block-embed-youtube wp-embed-aspect-16-9 wp-has-aspect-ratio\"><div class=\"wp-block-embed__wrapper\">\n<iframe loading=\"lazy\" title=\"Opera\u021bii cu directoare \u0219i fi\u0219iere\" width=\"729\" height=\"410\" src=\"https:\/\/www.youtube.com\/embed\/Xy4wUaOq1x8?feature=oembed\" frameborder=\"0\" allow=\"accelerometer; autoplay; clipboard-write; encrypted-media; gyroscope; picture-in-picture; web-share\" referrerpolicy=\"strict-origin-when-cross-origin\" allowfullscreen><\/iframe>\n<\/div><\/figure>\n\n\n\n<h2 class=\"wp-block-heading\">Tem\u0103:<\/h2>\n\n\n\n<p>S\u0103 se creeze pe Desktop structura folderelor din imagine. \u00cen imagine numele directoarelor sunt scrise cu alb pe fiecare director. Voi le scrie\u021bi normal ca nume de directoare. Apoi folosind aplica\u021bia CMD cu comanda tree g\u0103si\u021bi folderele voastre de pe Desktop.<\/p>\n\n\n\n<figure class=\"wp-block-image size-large\"><picture><source srcset=\"https:\/\/infmix.ro\/a6a\/wp-content\/webp-express\/webp-images\/uploads\/sites\/2\/2024\/11\/Diapozitiv3-1-1024x576.png.webp 1024w, https:\/\/infmix.ro\/a6a\/wp-content\/webp-express\/webp-images\/uploads\/sites\/2\/2024\/11\/Diapozitiv3-1-300x169.png.webp 300w, https:\/\/infmix.ro\/a6a\/wp-content\/webp-express\/webp-images\/uploads\/sites\/2\/2024\/11\/Diapozitiv3-1-768x432.png.webp 768w, https:\/\/infmix.ro\/a6a\/wp-content\/webp-express\/webp-images\/uploads\/sites\/2\/2024\/11\/Diapozitiv3-1-400x225.png.webp 400w, https:\/\/infmix.ro\/a6a\/wp-content\/webp-express\/webp-images\/uploads\/sites\/2\/2024\/11\/Diapozitiv3-1.png.webp 1280w\" sizes=\"auto, (max-width: 1024px) 100vw, 1024px\" type=\"image\/webp\"><img loading=\"lazy\" decoding=\"async\" width=\"1024\" height=\"576\" src=\"https:\/\/infmix.ro\/a6a\/wp-content\/uploads\/sites\/2\/2024\/11\/Diapozitiv3-1-1024x576.png\" alt=\"\" class=\"wp-image-92 webpexpress-processed\" srcset=\"https:\/\/infmix.ro\/a6a\/wp-content\/uploads\/sites\/2\/2024\/11\/Diapozitiv3-1-1024x576.png 1024w, https:\/\/infmix.ro\/a6a\/wp-content\/uploads\/sites\/2\/2024\/11\/Diapozitiv3-1-300x169.png 300w, https:\/\/infmix.ro\/a6a\/wp-content\/uploads\/sites\/2\/2024\/11\/Diapozitiv3-1-768x432.png 768w, https:\/\/infmix.ro\/a6a\/wp-content\/uploads\/sites\/2\/2024\/11\/Diapozitiv3-1-400x225.png 400w, https:\/\/infmix.ro\/a6a\/wp-content\/uploads\/sites\/2\/2024\/11\/Diapozitiv3-1.png 1280w\" sizes=\"auto, (max-width: 1024px) 100vw, 1024px\"><\/picture><\/figure>\n\n\n\n<p>\u00centreb\u0103ri:<\/p>\n\n\n\n<ol class=\"wp-block-list\">\n<li>Sub ce form\u0103 sunt organizate directoarele \u0219i fi\u0219ierele \u00een sistemul de operare?<\/li>\n\n\n\n<li>Cum se nume\u0219te aplica\u021bia cu care navig\u0103m \u00een acest arbore? (sistemul de operare Windows)<\/li>\n\n\n\n<li>De ce se nume\u0219te folderul&nbsp;<mark>director&nbsp;<\/mark>\u00een acest arbore?<\/li>\n<\/ol>\n\n\n\n<div class = \"hdq_quiz_wrapper\"><a href = \"https:\/\/infmix.ro\/a6a\/m2\/m2-l2-operatii-cu-foldere-si-fisiere-in-windows\/\" rel=\"noamphtml\" class = \"hdq_quiz_start hdq_button button\" role = \"button\">QUIZ START<\/a><\/div>\n","protected":false},"excerpt":{"rendered":"<p>Director = Folder = Dosar La fel ca la un birou unde avem dosare care con\u021bin h\u00e2rtii \u00een sistemul de operare avem foldere care con\u021bin fi\u0219iere. \u00cen S.O. dosarele \u0219i fi\u0219ierele sunt organizate ierarhic sub forma unui arbore care are un folder r\u0103d\u0103cin\u0103 \u0219i de la el pleac\u0103 sub-foldere care pot con\u021bine \u0219i alte sub-foldere [&hellip;]<\/p>\n","protected":false},"author":1,"featured_media":0,"parent":55,"menu_order":0,"comment_status":"closed","ping_status":"closed","template":"","meta":{"_FSMCFIC_featured_image_caption":"","_FSMCFIC_featured_image_nocaption":"","_FSMCFIC_featured_image_hide":"","footnotes":""},"class_list":["post-75","page","type-page","status-publish","hentry"],"yoast_head":"<!-- This site is optimized with the Yoast SEO plugin v27.4 - https:\/\/yoast.com\/product\/yoast-seo-wordpress\/ -->\n<title>M2 L2 Opera\u021bii cu foldere \u0219i fi\u0219iere \u00een Windows - Clasa a VI-a InfMix<\/title>\n<meta name=\"robots\" content=\"index, follow, max-snippet:-1, max-image-preview:large, max-video-preview:-1\" \/>\n<link rel=\"canonical\" href=\"https:\/\/infmix.ro\/a6a\/m2\/m2-l2-operatii-cu-foldere-si-fisiere-in-windows\/\" \/>\n<meta property=\"og:locale\" content=\"ro_RO\" \/>\n<meta property=\"og:type\" content=\"article\" \/>\n<meta property=\"og:title\" content=\"M2 L2 Opera\u021bii cu foldere \u0219i fi\u0219iere \u00een Windows - Clasa a VI-a InfMix\" \/>\n<meta property=\"og:description\" content=\"Director = Folder = Dosar La fel ca la un birou unde avem dosare care con\u021bin h\u00e2rtii \u00een sistemul de operare avem foldere care con\u021bin fi\u0219iere. \u00cen S.O. dosarele \u0219i fi\u0219ierele sunt organizate ierarhic sub forma unui arbore care are un folder r\u0103d\u0103cin\u0103 \u0219i de la el pleac\u0103 sub-foldere care pot con\u021bine \u0219i alte sub-foldere [&hellip;]\" \/>\n<meta property=\"og:url\" content=\"https:\/\/infmix.ro\/a6a\/m2\/m2-l2-operatii-cu-foldere-si-fisiere-in-windows\/\" \/>\n<meta property=\"og:site_name\" content=\"Clasa a VI-a InfMix\" \/>\n<meta property=\"article:modified_time\" content=\"2025-11-09T15:34:19+00:00\" \/>\n<meta name=\"twitter:card\" content=\"summary_large_image\" \/>\n<meta name=\"twitter:label1\" content=\"Timp estimat pentru citire\" \/>\n\t<meta name=\"twitter:data1\" content=\"4 minute\" \/>\n<script type=\"application\/ld+json\" class=\"yoast-schema-graph\">{\"@context\":\"https:\\\/\\\/schema.org\",\"@graph\":[{\"@type\":\"WebPage\",\"@id\":\"https:\\\/\\\/infmix.ro\\\/a6a\\\/m2\\\/m2-l2-operatii-cu-foldere-si-fisiere-in-windows\\\/\",\"url\":\"https:\\\/\\\/infmix.ro\\\/a6a\\\/m2\\\/m2-l2-operatii-cu-foldere-si-fisiere-in-windows\\\/\",\"name\":\"M2 L2 Opera\u021bii cu foldere \u0219i fi\u0219iere \u00een Windows - Clasa a VI-a InfMix\",\"isPartOf\":{\"@id\":\"https:\\\/\\\/infmix.ro\\\/a6a\\\/#website\"},\"primaryImageOfPage\":{\"@id\":\"https:\\\/\\\/infmix.ro\\\/a6a\\\/m2\\\/m2-l2-operatii-cu-foldere-si-fisiere-in-windows\\\/#primaryimage\"},\"image\":{\"@id\":\"https:\\\/\\\/infmix.ro\\\/a6a\\\/m2\\\/m2-l2-operatii-cu-foldere-si-fisiere-in-windows\\\/#primaryimage\"},\"thumbnailUrl\":\"https:\\\/\\\/infmix.ro\\\/wp-content\\\/uploads\\\/2024\\\/11\\\/folder-ce-contine-fisiere.png\",\"datePublished\":\"2024-11-25T07:20:54+00:00\",\"dateModified\":\"2025-11-09T15:34:19+00:00\",\"breadcrumb\":{\"@id\":\"https:\\\/\\\/infmix.ro\\\/a6a\\\/m2\\\/m2-l2-operatii-cu-foldere-si-fisiere-in-windows\\\/#breadcrumb\"},\"inLanguage\":\"ro-RO\",\"potentialAction\":[{\"@type\":\"ReadAction\",\"target\":[\"https:\\\/\\\/infmix.ro\\\/a6a\\\/m2\\\/m2-l2-operatii-cu-foldere-si-fisiere-in-windows\\\/\"]}]},{\"@type\":\"ImageObject\",\"inLanguage\":\"ro-RO\",\"@id\":\"https:\\\/\\\/infmix.ro\\\/a6a\\\/m2\\\/m2-l2-operatii-cu-foldere-si-fisiere-in-windows\\\/#primaryimage\",\"url\":\"https:\\\/\\\/infmix.ro\\\/wp-content\\\/uploads\\\/2024\\\/11\\\/folder-ce-contine-fisiere.png\",\"contentUrl\":\"https:\\\/\\\/infmix.ro\\\/wp-content\\\/uploads\\\/2024\\\/11\\\/folder-ce-contine-fisiere.png\"},{\"@type\":\"BreadcrumbList\",\"@id\":\"https:\\\/\\\/infmix.ro\\\/a6a\\\/m2\\\/m2-l2-operatii-cu-foldere-si-fisiere-in-windows\\\/#breadcrumb\",\"itemListElement\":[{\"@type\":\"ListItem\",\"position\":1,\"name\":\"Prima pagin\u0103\",\"item\":\"https:\\\/\\\/infmix.ro\\\/a6a\\\/\"},{\"@type\":\"ListItem\",\"position\":2,\"name\":\"M2\",\"item\":\"https:\\\/\\\/infmix.ro\\\/a6a\\\/m2\\\/\"},{\"@type\":\"ListItem\",\"position\":3,\"name\":\"M2 L2 Opera\u021bii cu foldere \u0219i fi\u0219iere \u00een Windows\"}]},{\"@type\":\"WebSite\",\"@id\":\"https:\\\/\\\/infmix.ro\\\/a6a\\\/#website\",\"url\":\"https:\\\/\\\/infmix.ro\\\/a6a\\\/\",\"name\":\"Clasa a VI-a InfMix\",\"description\":\"Informa\u021bia a\u0219a cum o pute\u021bi imagina\",\"publisher\":{\"@id\":\"https:\\\/\\\/infmix.ro\\\/a6a\\\/#\\\/schema\\\/person\\\/2cebfe49f5302ee541291ee8efcc004d\"},\"potentialAction\":[{\"@type\":\"SearchAction\",\"target\":{\"@type\":\"EntryPoint\",\"urlTemplate\":\"https:\\\/\\\/infmix.ro\\\/a6a\\\/?s={search_term_string}\"},\"query-input\":{\"@type\":\"PropertyValueSpecification\",\"valueRequired\":true,\"valueName\":\"search_term_string\"}}],\"inLanguage\":\"ro-RO\"},{\"@type\":[\"Person\",\"Organization\"],\"@id\":\"https:\\\/\\\/infmix.ro\\\/a6a\\\/#\\\/schema\\\/person\\\/2cebfe49f5302ee541291ee8efcc004d\",\"name\":\"Profu DeInfo\",\"image\":{\"@type\":\"ImageObject\",\"inLanguage\":\"ro-RO\",\"@id\":\"https:\\\/\\\/infmix.ro\\\/a6a\\\/wp-content\\\/uploads\\\/sites\\\/2\\\/2024\\\/11\\\/64colorchanger.png\",\"url\":\"https:\\\/\\\/infmix.ro\\\/a6a\\\/wp-content\\\/uploads\\\/sites\\\/2\\\/2024\\\/11\\\/64colorchanger.png\",\"contentUrl\":\"https:\\\/\\\/infmix.ro\\\/a6a\\\/wp-content\\\/uploads\\\/sites\\\/2\\\/2024\\\/11\\\/64colorchanger.png\",\"width\":64,\"height\":64,\"caption\":\"Profu DeInfo\"},\"logo\":{\"@id\":\"https:\\\/\\\/infmix.ro\\\/a6a\\\/wp-content\\\/uploads\\\/sites\\\/2\\\/2024\\\/11\\\/64colorchanger.png\"},\"sameAs\":[\"https:\\\/\\\/infmix.ro\"]}]}<\/script>\n<!-- \/ Yoast SEO plugin. -->","yoast_head_json":{"title":"M2 L2 Opera\u021bii cu foldere \u0219i fi\u0219iere \u00een Windows - Clasa a VI-a InfMix","robots":{"index":"index","follow":"follow","max-snippet":"max-snippet:-1","max-image-preview":"max-image-preview:large","max-video-preview":"max-video-preview:-1"},"canonical":"https:\/\/infmix.ro\/a6a\/m2\/m2-l2-operatii-cu-foldere-si-fisiere-in-windows\/","og_locale":"ro_RO","og_type":"article","og_title":"M2 L2 Opera\u021bii cu foldere \u0219i fi\u0219iere \u00een Windows - Clasa a VI-a InfMix","og_description":"Director = Folder = Dosar La fel ca la un birou unde avem dosare care con\u021bin h\u00e2rtii \u00een sistemul de operare avem foldere care con\u021bin fi\u0219iere. \u00cen S.O. dosarele \u0219i fi\u0219ierele sunt organizate ierarhic sub forma unui arbore care are un folder r\u0103d\u0103cin\u0103 \u0219i de la el pleac\u0103 sub-foldere care pot con\u021bine \u0219i alte sub-foldere [&hellip;]","og_url":"https:\/\/infmix.ro\/a6a\/m2\/m2-l2-operatii-cu-foldere-si-fisiere-in-windows\/","og_site_name":"Clasa a VI-a InfMix","article_modified_time":"2025-11-09T15:34:19+00:00","twitter_card":"summary_large_image","twitter_misc":{"Timp estimat pentru citire":"4 minute"},"schema":{"@context":"https:\/\/schema.org","@graph":[{"@type":"WebPage","@id":"https:\/\/infmix.ro\/a6a\/m2\/m2-l2-operatii-cu-foldere-si-fisiere-in-windows\/","url":"https:\/\/infmix.ro\/a6a\/m2\/m2-l2-operatii-cu-foldere-si-fisiere-in-windows\/","name":"M2 L2 Opera\u021bii cu foldere \u0219i fi\u0219iere \u00een Windows - Clasa a VI-a InfMix","isPartOf":{"@id":"https:\/\/infmix.ro\/a6a\/#website"},"primaryImageOfPage":{"@id":"https:\/\/infmix.ro\/a6a\/m2\/m2-l2-operatii-cu-foldere-si-fisiere-in-windows\/#primaryimage"},"image":{"@id":"https:\/\/infmix.ro\/a6a\/m2\/m2-l2-operatii-cu-foldere-si-fisiere-in-windows\/#primaryimage"},"thumbnailUrl":"https:\/\/infmix.ro\/wp-content\/uploads\/2024\/11\/folder-ce-contine-fisiere.png","datePublished":"2024-11-25T07:20:54+00:00","dateModified":"2025-11-09T15:34:19+00:00","breadcrumb":{"@id":"https:\/\/infmix.ro\/a6a\/m2\/m2-l2-operatii-cu-foldere-si-fisiere-in-windows\/#breadcrumb"},"inLanguage":"ro-RO","potentialAction":[{"@type":"ReadAction","target":["https:\/\/infmix.ro\/a6a\/m2\/m2-l2-operatii-cu-foldere-si-fisiere-in-windows\/"]}]},{"@type":"ImageObject","inLanguage":"ro-RO","@id":"https:\/\/infmix.ro\/a6a\/m2\/m2-l2-operatii-cu-foldere-si-fisiere-in-windows\/#primaryimage","url":"https:\/\/infmix.ro\/wp-content\/uploads\/2024\/11\/folder-ce-contine-fisiere.png","contentUrl":"https:\/\/infmix.ro\/wp-content\/uploads\/2024\/11\/folder-ce-contine-fisiere.png"},{"@type":"BreadcrumbList","@id":"https:\/\/infmix.ro\/a6a\/m2\/m2-l2-operatii-cu-foldere-si-fisiere-in-windows\/#breadcrumb","itemListElement":[{"@type":"ListItem","position":1,"name":"Prima pagin\u0103","item":"https:\/\/infmix.ro\/a6a\/"},{"@type":"ListItem","position":2,"name":"M2","item":"https:\/\/infmix.ro\/a6a\/m2\/"},{"@type":"ListItem","position":3,"name":"M2 L2 Opera\u021bii cu foldere \u0219i fi\u0219iere \u00een Windows"}]},{"@type":"WebSite","@id":"https:\/\/infmix.ro\/a6a\/#website","url":"https:\/\/infmix.ro\/a6a\/","name":"Clasa a VI-a InfMix","description":"Informa\u021bia a\u0219a cum o pute\u021bi imagina","publisher":{"@id":"https:\/\/infmix.ro\/a6a\/#\/schema\/person\/2cebfe49f5302ee541291ee8efcc004d"},"potentialAction":[{"@type":"SearchAction","target":{"@type":"EntryPoint","urlTemplate":"https:\/\/infmix.ro\/a6a\/?s={search_term_string}"},"query-input":{"@type":"PropertyValueSpecification","valueRequired":true,"valueName":"search_term_string"}}],"inLanguage":"ro-RO"},{"@type":["Person","Organization"],"@id":"https:\/\/infmix.ro\/a6a\/#\/schema\/person\/2cebfe49f5302ee541291ee8efcc004d","name":"Profu DeInfo","image":{"@type":"ImageObject","inLanguage":"ro-RO","@id":"https:\/\/infmix.ro\/a6a\/wp-content\/uploads\/sites\/2\/2024\/11\/64colorchanger.png","url":"https:\/\/infmix.ro\/a6a\/wp-content\/uploads\/sites\/2\/2024\/11\/64colorchanger.png","contentUrl":"https:\/\/infmix.ro\/a6a\/wp-content\/uploads\/sites\/2\/2024\/11\/64colorchanger.png","width":64,"height":64,"caption":"Profu DeInfo"},"logo":{"@id":"https:\/\/infmix.ro\/a6a\/wp-content\/uploads\/sites\/2\/2024\/11\/64colorchanger.png"},"sameAs":["https:\/\/infmix.ro"]}]}},"_links":{"self":[{"href":"https:\/\/infmix.ro\/a6a\/wp-json\/wp\/v2\/pages\/75","targetHints":{"allow":["GET"]}}],"collection":[{"href":"https:\/\/infmix.ro\/a6a\/wp-json\/wp\/v2\/pages"}],"about":[{"href":"https:\/\/infmix.ro\/a6a\/wp-json\/wp\/v2\/types\/page"}],"author":[{"embeddable":true,"href":"https:\/\/infmix.ro\/a6a\/wp-json\/wp\/v2\/users\/1"}],"replies":[{"embeddable":true,"href":"https:\/\/infmix.ro\/a6a\/wp-json\/wp\/v2\/comments?post=75"}],"version-history":[{"count":14,"href":"https:\/\/infmix.ro\/a6a\/wp-json\/wp\/v2\/pages\/75\/revisions"}],"predecessor-version":[{"id":205,"href":"https:\/\/infmix.ro\/a6a\/wp-json\/wp\/v2\/pages\/75\/revisions\/205"}],"up":[{"embeddable":true,"href":"https:\/\/infmix.ro\/a6a\/wp-json\/wp\/v2\/pages\/55"}],"wp:attachment":[{"href":"https:\/\/infmix.ro\/a6a\/wp-json\/wp\/v2\/media?parent=75"}],"curies":[{"name":"wp","href":"https:\/\/api.w.org\/{rel}","templated":true}]}}