{"id":50,"date":"2024-11-03T17:02:30","date_gmt":"2024-11-03T17:02:30","guid":{"rendered":"https:\/\/infmix.ro\/a6a\/?page_id=50"},"modified":"2024-11-03T18:16:02","modified_gmt":"2024-11-03T18:16:02","slug":"m1-test","status":"publish","type":"page","link":"https:\/\/infmix.ro\/a6a\/m1\/m1-test\/","title":{"rendered":"M1 Test"},"content":{"rendered":"\n<p>Aceast\u0103 pagin\u0103 con\u021bine un test construit din toate \u00eentreb\u0103rile existente la modulul 1 (M1). La fiecare repetare a testului apar maxim o treime din \u00eentreb\u0103rile modulului dar nu mai mult de 30 (treizeci). Evaluarea se face automat procentual %. Fiecare \u00eentrebare are aceea\u0219i pondere \u00een evaluarea final\u0103. Fiecare \u00eentrebare poate avea unul sau mai multe r\u0103spunsuri corecte. Alegerea unui r\u0103spuns gre\u0219it sau alegerea mai multor r\u0103spunsuri gre\u0219ite precum \u0219i omiterea unui r\u0103spuns corect sau mai multor r\u0103spunsuri corecte la aceea\u0219i \u00eentrebare are acela\u0219i efect: este evaluat\u0103 ca o singur\u0103 gre\u0219eal\u0103. Fiecare \u00eentrebare are cel pu\u021bin un r\u0103spuns corect.<\/p>\n\n\n\n<p>Testul poate fi repetat de mai multe ori. Se va re\u021bine ultimul rezultat ob\u021binut.<\/p>\n\n\n\n<p>Testul apare aici numai \u00een perioada evalu\u0103rii:<\/p>\n\n\n<p>[ays_quiz id=&#8217;6&#8242;]<\/p>\n","protected":false},"excerpt":{"rendered":"<p>Aceast\u0103 pagin\u0103 con\u021bine un test construit din toate \u00eentreb\u0103rile existente la modulul 1 (M1). La fiecare repetare a testului apar maxim o treime din \u00eentreb\u0103rile modulului dar nu mai mult de 30 (treizeci). Evaluarea se face automat procentual %. Fiecare \u00eentrebare are aceea\u0219i pondere \u00een evaluarea final\u0103. Fiecare \u00eentrebare poate avea unul sau mai multe [&hellip;]<\/p>\n","protected":false},"author":1,"featured_media":0,"parent":12,"menu_order":0,"comment_status":"closed","ping_status":"closed","template":"","meta":{"_FSMCFIC_featured_image_caption":"","_FSMCFIC_featured_image_nocaption":"","_FSMCFIC_featured_image_hide":"","footnotes":""},"class_list":["post-50","page","type-page","status-publish","hentry"],"yoast_head":"<!-- This site is optimized with the Yoast SEO plugin v27.4 - https:\/\/yoast.com\/product\/yoast-seo-wordpress\/ -->\n<title>M1 Test - Clasa a VI-a InfMix<\/title>\n<meta name=\"robots\" content=\"index, follow, max-snippet:-1, max-image-preview:large, max-video-preview:-1\" \/>\n<link rel=\"canonical\" href=\"https:\/\/infmix.ro\/a6a\/m1\/m1-test\/\" \/>\n<meta property=\"og:locale\" content=\"ro_RO\" \/>\n<meta property=\"og:type\" content=\"article\" \/>\n<meta property=\"og:title\" content=\"M1 Test - Clasa a VI-a InfMix\" \/>\n<meta property=\"og:description\" content=\"Aceast\u0103 pagin\u0103 con\u021bine un test construit din toate \u00eentreb\u0103rile existente la modulul 1 (M1). La fiecare repetare a testului apar maxim o treime din \u00eentreb\u0103rile modulului dar nu mai mult de 30 (treizeci). Evaluarea se face automat procentual %. Fiecare \u00eentrebare are aceea\u0219i pondere \u00een evaluarea final\u0103. Fiecare \u00eentrebare poate avea unul sau mai multe [&hellip;]\" \/>\n<meta property=\"og:url\" content=\"https:\/\/infmix.ro\/a6a\/m1\/m1-test\/\" \/>\n<meta property=\"og:site_name\" content=\"Clasa a VI-a InfMix\" \/>\n<meta property=\"article:modified_time\" content=\"2024-11-03T18:16:02+00:00\" \/>\n<meta name=\"twitter:card\" content=\"summary_large_image\" \/>\n<meta name=\"twitter:label1\" content=\"Timp estimat pentru citire\" \/>\n\t<meta name=\"twitter:data1\" content=\"1 minut\" \/>\n<script type=\"application\/ld+json\" class=\"yoast-schema-graph\">{\"@context\":\"https:\\\/\\\/schema.org\",\"@graph\":[{\"@type\":\"WebPage\",\"@id\":\"https:\\\/\\\/infmix.ro\\\/a6a\\\/m1\\\/m1-test\\\/\",\"url\":\"https:\\\/\\\/infmix.ro\\\/a6a\\\/m1\\\/m1-test\\\/\",\"name\":\"M1 Test - Clasa a VI-a InfMix\",\"isPartOf\":{\"@id\":\"https:\\\/\\\/infmix.ro\\\/a6a\\\/#website\"},\"datePublished\":\"2024-11-03T17:02:30+00:00\",\"dateModified\":\"2024-11-03T18:16:02+00:00\",\"breadcrumb\":{\"@id\":\"https:\\\/\\\/infmix.ro\\\/a6a\\\/m1\\\/m1-test\\\/#breadcrumb\"},\"inLanguage\":\"ro-RO\",\"potentialAction\":[{\"@type\":\"ReadAction\",\"target\":[\"https:\\\/\\\/infmix.ro\\\/a6a\\\/m1\\\/m1-test\\\/\"]}]},{\"@type\":\"BreadcrumbList\",\"@id\":\"https:\\\/\\\/infmix.ro\\\/a6a\\\/m1\\\/m1-test\\\/#breadcrumb\",\"itemListElement\":[{\"@type\":\"ListItem\",\"position\":1,\"name\":\"Prima pagin\u0103\",\"item\":\"https:\\\/\\\/infmix.ro\\\/a6a\\\/\"},{\"@type\":\"ListItem\",\"position\":2,\"name\":\"M1\",\"item\":\"https:\\\/\\\/infmix.ro\\\/a6a\\\/m1\\\/\"},{\"@type\":\"ListItem\",\"position\":3,\"name\":\"M1 Test\"}]},{\"@type\":\"WebSite\",\"@id\":\"https:\\\/\\\/infmix.ro\\\/a6a\\\/#website\",\"url\":\"https:\\\/\\\/infmix.ro\\\/a6a\\\/\",\"name\":\"Clasa a VI-a InfMix\",\"description\":\"Informa\u021bia a\u0219a cum o pute\u021bi imagina\",\"publisher\":{\"@id\":\"https:\\\/\\\/infmix.ro\\\/a6a\\\/#\\\/schema\\\/person\\\/2cebfe49f5302ee541291ee8efcc004d\"},\"potentialAction\":[{\"@type\":\"SearchAction\",\"target\":{\"@type\":\"EntryPoint\",\"urlTemplate\":\"https:\\\/\\\/infmix.ro\\\/a6a\\\/?s={search_term_string}\"},\"query-input\":{\"@type\":\"PropertyValueSpecification\",\"valueRequired\":true,\"valueName\":\"search_term_string\"}}],\"inLanguage\":\"ro-RO\"},{\"@type\":[\"Person\",\"Organization\"],\"@id\":\"https:\\\/\\\/infmix.ro\\\/a6a\\\/#\\\/schema\\\/person\\\/2cebfe49f5302ee541291ee8efcc004d\",\"name\":\"Profu DeInfo\",\"image\":{\"@type\":\"ImageObject\",\"inLanguage\":\"ro-RO\",\"@id\":\"https:\\\/\\\/infmix.ro\\\/a6a\\\/wp-content\\\/uploads\\\/sites\\\/2\\\/2024\\\/11\\\/64colorchanger.png\",\"url\":\"https:\\\/\\\/infmix.ro\\\/a6a\\\/wp-content\\\/uploads\\\/sites\\\/2\\\/2024\\\/11\\\/64colorchanger.png\",\"contentUrl\":\"https:\\\/\\\/infmix.ro\\\/a6a\\\/wp-content\\\/uploads\\\/sites\\\/2\\\/2024\\\/11\\\/64colorchanger.png\",\"width\":64,\"height\":64,\"caption\":\"Profu DeInfo\"},\"logo\":{\"@id\":\"https:\\\/\\\/infmix.ro\\\/a6a\\\/wp-content\\\/uploads\\\/sites\\\/2\\\/2024\\\/11\\\/64colorchanger.png\"},\"sameAs\":[\"https:\\\/\\\/infmix.ro\"]}]}<\/script>\n<!-- \/ Yoast SEO plugin. -->","yoast_head_json":{"title":"M1 Test - Clasa a VI-a InfMix","robots":{"index":"index","follow":"follow","max-snippet":"max-snippet:-1","max-image-preview":"max-image-preview:large","max-video-preview":"max-video-preview:-1"},"canonical":"https:\/\/infmix.ro\/a6a\/m1\/m1-test\/","og_locale":"ro_RO","og_type":"article","og_title":"M1 Test - Clasa a VI-a InfMix","og_description":"Aceast\u0103 pagin\u0103 con\u021bine un test construit din toate \u00eentreb\u0103rile existente la modulul 1 (M1). La fiecare repetare a testului apar maxim o treime din \u00eentreb\u0103rile modulului dar nu mai mult de 30 (treizeci). Evaluarea se face automat procentual %. Fiecare \u00eentrebare are aceea\u0219i pondere \u00een evaluarea final\u0103. Fiecare \u00eentrebare poate avea unul sau mai multe [&hellip;]","og_url":"https:\/\/infmix.ro\/a6a\/m1\/m1-test\/","og_site_name":"Clasa a VI-a InfMix","article_modified_time":"2024-11-03T18:16:02+00:00","twitter_card":"summary_large_image","twitter_misc":{"Timp estimat pentru citire":"1 minut"},"schema":{"@context":"https:\/\/schema.org","@graph":[{"@type":"WebPage","@id":"https:\/\/infmix.ro\/a6a\/m1\/m1-test\/","url":"https:\/\/infmix.ro\/a6a\/m1\/m1-test\/","name":"M1 Test - Clasa a VI-a InfMix","isPartOf":{"@id":"https:\/\/infmix.ro\/a6a\/#website"},"datePublished":"2024-11-03T17:02:30+00:00","dateModified":"2024-11-03T18:16:02+00:00","breadcrumb":{"@id":"https:\/\/infmix.ro\/a6a\/m1\/m1-test\/#breadcrumb"},"inLanguage":"ro-RO","potentialAction":[{"@type":"ReadAction","target":["https:\/\/infmix.ro\/a6a\/m1\/m1-test\/"]}]},{"@type":"BreadcrumbList","@id":"https:\/\/infmix.ro\/a6a\/m1\/m1-test\/#breadcrumb","itemListElement":[{"@type":"ListItem","position":1,"name":"Prima pagin\u0103","item":"https:\/\/infmix.ro\/a6a\/"},{"@type":"ListItem","position":2,"name":"M1","item":"https:\/\/infmix.ro\/a6a\/m1\/"},{"@type":"ListItem","position":3,"name":"M1 Test"}]},{"@type":"WebSite","@id":"https:\/\/infmix.ro\/a6a\/#website","url":"https:\/\/infmix.ro\/a6a\/","name":"Clasa a VI-a InfMix","description":"Informa\u021bia a\u0219a cum o pute\u021bi imagina","publisher":{"@id":"https:\/\/infmix.ro\/a6a\/#\/schema\/person\/2cebfe49f5302ee541291ee8efcc004d"},"potentialAction":[{"@type":"SearchAction","target":{"@type":"EntryPoint","urlTemplate":"https:\/\/infmix.ro\/a6a\/?s={search_term_string}"},"query-input":{"@type":"PropertyValueSpecification","valueRequired":true,"valueName":"search_term_string"}}],"inLanguage":"ro-RO"},{"@type":["Person","Organization"],"@id":"https:\/\/infmix.ro\/a6a\/#\/schema\/person\/2cebfe49f5302ee541291ee8efcc004d","name":"Profu DeInfo","image":{"@type":"ImageObject","inLanguage":"ro-RO","@id":"https:\/\/infmix.ro\/a6a\/wp-content\/uploads\/sites\/2\/2024\/11\/64colorchanger.png","url":"https:\/\/infmix.ro\/a6a\/wp-content\/uploads\/sites\/2\/2024\/11\/64colorchanger.png","contentUrl":"https:\/\/infmix.ro\/a6a\/wp-content\/uploads\/sites\/2\/2024\/11\/64colorchanger.png","width":64,"height":64,"caption":"Profu DeInfo"},"logo":{"@id":"https:\/\/infmix.ro\/a6a\/wp-content\/uploads\/sites\/2\/2024\/11\/64colorchanger.png"},"sameAs":["https:\/\/infmix.ro"]}]}},"_links":{"self":[{"href":"https:\/\/infmix.ro\/a6a\/wp-json\/wp\/v2\/pages\/50","targetHints":{"allow":["GET"]}}],"collection":[{"href":"https:\/\/infmix.ro\/a6a\/wp-json\/wp\/v2\/pages"}],"about":[{"href":"https:\/\/infmix.ro\/a6a\/wp-json\/wp\/v2\/types\/page"}],"author":[{"embeddable":true,"href":"https:\/\/infmix.ro\/a6a\/wp-json\/wp\/v2\/users\/1"}],"replies":[{"embeddable":true,"href":"https:\/\/infmix.ro\/a6a\/wp-json\/wp\/v2\/comments?post=50"}],"version-history":[{"count":2,"href":"https:\/\/infmix.ro\/a6a\/wp-json\/wp\/v2\/pages\/50\/revisions"}],"predecessor-version":[{"id":53,"href":"https:\/\/infmix.ro\/a6a\/wp-json\/wp\/v2\/pages\/50\/revisions\/53"}],"up":[{"embeddable":true,"href":"https:\/\/infmix.ro\/a6a\/wp-json\/wp\/v2\/pages\/12"}],"wp:attachment":[{"href":"https:\/\/infmix.ro\/a6a\/wp-json\/wp\/v2\/media?parent=50"}],"curies":[{"name":"wp","href":"https:\/\/api.w.org\/{rel}","templated":true}]}}