{"id":45,"date":"2024-10-21T06:12:24","date_gmt":"2024-10-21T06:12:24","guid":{"rendered":"https:\/\/infmix.ro\/a6a\/?page_id=45"},"modified":"2024-10-21T06:44:05","modified_gmt":"2024-10-21T06:44:05","slug":"m1-l4-perifericele","status":"publish","type":"page","link":"https:\/\/infmix.ro\/a6a\/m1\/m1-l4-perifericele\/","title":{"rendered":"M1 L4 Perifericele"},"content":{"rendered":"\n<p><strong>Periferie<\/strong> \u00eenseamn\u0103 margine. La calculator tot ce nu e \u00een unitatea central\u0103 se afl\u0103 la periferie adic\u0103 la <strong>margine<\/strong>.<\/p>\n\n\n\n<p>Din punct de vedere <strong>func<\/strong><strong>\u021bional<\/strong> computerul este format din:<\/p>\n\n\n\n<ul class=\"wp-block-list\">\n<li>Procesor<\/li>\n\n\n\n<li>Memorie<\/li>\n\n\n\n<li>Periferice<\/li>\n<\/ul>\n\n\n\n<p>Din punct de vedere <strong>constructiv<\/strong> computerul este format din:<\/p>\n\n\n\n<ul class=\"wp-block-list\">\n<li>Procesor<\/li>\n\n\n\n<li>Placa de baz\u0103<\/li>\n\n\n\n<li>Pl\u0103cile de extensie<\/li>\n<\/ul>\n\n\n\n<p><strong>Placa de baz\u0103<\/strong> are dou\u0103 zone principale:<\/p>\n\n\n\n<ul class=\"wp-block-list\">\n<li>Zona de I\/O (input\/output adic\u0103 intrare\/ie\u0219ire) unde se conecteaz\u0103 perifericele. Tot aici putem monta pl\u0103ci de extensie video, audio, de re\u021bea, de automatiz\u0103ri etc.<\/li>\n\n\n\n<li>Zona principal\u0103 unde se conecteaz\u0103 procesorul, memoria RAM \u0219i cablurile de alimentare de la sursa de curent.<\/li>\n<\/ul>\n\n\n\n<figure class=\"wp-block-image\"><a href=\"https:\/\/ro.wikipedia.org\/wiki\/Plac%C4%83_de_baz%C4%83\" target=\"_blank\" rel=\"noreferrer noopener\"><img decoding=\"async\" src=\"https:\/\/infmix.ro\/wp-content\/uploads\/2020\/11\/placa-de-baza1.jpg\" alt=\"\" class=\"wp-image-302\"\/><\/a><figcaption class=\"wp-element-caption\">img. 1 Placa de baz\u0103 \u2013 zona marcat\u0103 cu ro\u0219u este zona I\/O<\/figcaption><\/figure>\n\n\n\n<p><strong>Perifericele<\/strong> sunt interfe\u021be fizice dintre computer \u0219i utilizator sau \u00eentre dou\u0103 sau mai multe computere dintr-o re\u021bea. Ele au rolurile:<\/p>\n\n\n\n<ol class=\"wp-block-list\">\n<li><strong>De intrare<\/strong> \u2013 permit <strong>introducerea datelor<\/strong> \u2013 adic\u0103 preiau informa\u021biile din exterior \u0219i le transform\u0103 \u00een date stocate \u00een memoria computerului.\n<ol class=\"wp-block-list\">\n<li><strong>Tastatura<\/strong> \u2013 permite scrierea textelor<img loading=\"lazy\" decoding=\"async\" width=\"220\" height=\"81\" srcset=\"https:\/\/infmix.ro\/wp-content\/uploads\/2020\/11\/tastatura-2.jpg 1467w, https:\/\/infmix.ro\/wp-content\/uploads\/2020\/11\/tastatura-2-300x110.jpg 300w, https:\/\/infmix.ro\/wp-content\/uploads\/2020\/11\/tastatura-2-1024x376.jpg 1024w, https:\/\/infmix.ro\/wp-content\/uploads\/2020\/11\/tastatura-2-768x282.jpg 768w, https:\/\/infmix.ro\/wp-content\/uploads\/2020\/11\/tastatura-2-400x147.jpg 400w\" src=\"https:\/\/infmix.ro\/wp-content\/uploads\/2020\/11\/tastatura-2.jpg\" alt=\"\"><\/li>\n\n\n\n<li><strong>Mouse<\/strong> \u2013 permite selectarea elementelor grafice<img loading=\"lazy\" decoding=\"async\" width=\"150\" height=\"132\" src=\"https:\/\/infmix.ro\/wp-content\/uploads\/2020\/11\/Mouse-3-taste.jpg\" alt=\"\"><\/li>\n\n\n\n<li><strong>Camera video<\/strong> \u2013 cu ea computerul vede<img loading=\"lazy\" decoding=\"async\" width=\"150\" height=\"150\" srcset=\"https:\/\/infmix.ro\/wp-content\/uploads\/2020\/11\/camera_wifi.png 600w, https:\/\/infmix.ro\/wp-content\/uploads\/2020\/11\/camera_wifi-300x300.png 300w, https:\/\/infmix.ro\/wp-content\/uploads\/2020\/11\/camera_wifi-150x150.png 150w\" src=\"https:\/\/infmix.ro\/wp-content\/uploads\/2020\/11\/camera_wifi.png\" alt=\"\"><\/li>\n\n\n\n<li><strong>Microfon<\/strong> \u2013 cu el computerul aude<img loading=\"lazy\" decoding=\"async\" width=\"150\" height=\"150\" srcset=\"https:\/\/infmix.ro\/wp-content\/uploads\/2020\/11\/microfon.jpg 450w, https:\/\/infmix.ro\/wp-content\/uploads\/2020\/11\/microfon-300x300.jpg 300w, https:\/\/infmix.ro\/wp-content\/uploads\/2020\/11\/microfon-150x150.jpg 150w\" src=\"https:\/\/infmix.ro\/wp-content\/uploads\/2020\/11\/microfon.jpg\" alt=\"\"><\/li>\n\n\n\n<li><strong>Scaner<\/strong> \u2013 transform\u0103 documentele \u0219i imaginile \u00een fi\u0219iere<img loading=\"lazy\" decoding=\"async\" width=\"150\" height=\"150\" srcset=\"https:\/\/infmix.ro\/wp-content\/uploads\/2020\/11\/Scaner.jpg 400w, https:\/\/infmix.ro\/wp-content\/uploads\/2020\/11\/Scaner-300x300.jpg 300w, https:\/\/infmix.ro\/wp-content\/uploads\/2020\/11\/Scaner-150x150.jpg 150w\" src=\"https:\/\/infmix.ro\/wp-content\/uploads\/2020\/11\/Scaner.jpg\" alt=\"\"><\/li>\n<\/ol>\n<\/li>\n\n\n\n<li><strong>De ie\u0219ire<\/strong> \u2013 permit <strong>extragerea datelor<\/strong> \u2013 adic\u0103 preiau datele stocate \u00een memoria calculatorului \u0219i le prezint\u0103 \u00eentr-o form\u0103 accesibil\u0103 utilizatorului.\n<ol class=\"wp-block-list\">\n<li><strong>Monitor<\/strong> \u2013 prezint\u0103 imagini video utilizatorului<img loading=\"lazy\" decoding=\"async\" width=\"150\" height=\"110\" src=\"https:\/\/infmix.ro\/wp-content\/uploads\/2020\/11\/monitor.jpg\" alt=\"\"><\/li>\n\n\n\n<li><strong>Imprimant\u0103<\/strong> \u2013 extrage tip\u0103rituri<img loading=\"lazy\" decoding=\"async\" width=\"150\" height=\"150\" srcset=\"https:\/\/infmix.ro\/wp-content\/uploads\/2020\/11\/imprimanta.jpg 800w, https:\/\/infmix.ro\/wp-content\/uploads\/2020\/11\/imprimanta-300x300.jpg 300w, https:\/\/infmix.ro\/wp-content\/uploads\/2020\/11\/imprimanta-150x150.jpg 150w, https:\/\/infmix.ro\/wp-content\/uploads\/2020\/11\/imprimanta-768x768.jpg 768w\" src=\"https:\/\/infmix.ro\/wp-content\/uploads\/2020\/11\/imprimanta.jpg\" alt=\"\"><\/li>\n\n\n\n<li><strong>Boxe audio<\/strong>\/<strong>c\u0103\u0219ti <\/strong>\u2013 emit sunet<img loading=\"lazy\" decoding=\"async\" width=\"150\" height=\"150\" srcset=\"https:\/\/infmix.ro\/wp-content\/uploads\/2020\/11\/boxe.jpg 800w, https:\/\/infmix.ro\/wp-content\/uploads\/2020\/11\/boxe-300x300.jpg 300w, https:\/\/infmix.ro\/wp-content\/uploads\/2020\/11\/boxe-150x150.jpg 150w, https:\/\/infmix.ro\/wp-content\/uploads\/2020\/11\/boxe-768x768.jpg 768w\" src=\"https:\/\/infmix.ro\/wp-content\/uploads\/2020\/11\/boxe.jpg\" alt=\"\"> <img loading=\"lazy\" decoding=\"async\" width=\"150\" height=\"150\" srcset=\"https:\/\/infmix.ro\/wp-content\/uploads\/2022\/09\/casti-marshall.png 300w, https:\/\/infmix.ro\/wp-content\/uploads\/2022\/09\/casti-marshall-150x150.png 150w\" src=\"https:\/\/infmix.ro\/wp-content\/uploads\/2022\/09\/casti-marshall.png\" alt=\"\"><\/li>\n<\/ol>\n<\/li>\n\n\n\n<li>De I\/O (input\/output <strong>intrare\/ie\u0219ire<\/strong>) au func\u021bie dubl\u0103 \u0219i permit <strong>introducerea \u0219i extragerea datelor<\/strong> din sistemul de calcul.\n<ol class=\"wp-block-list\">\n<li><strong>Placa de re\u021bea<\/strong> \u2013 permite conectarea la re\u021bea <img loading=\"lazy\" decoding=\"async\" width=\"150\" height=\"150\" srcset=\"https:\/\/infmix.ro\/wp-content\/uploads\/2020\/11\/placa-de-retea.jpg 450w, https:\/\/infmix.ro\/wp-content\/uploads\/2020\/11\/placa-de-retea-300x300.jpg 300w, https:\/\/infmix.ro\/wp-content\/uploads\/2020\/11\/placa-de-retea-150x150.jpg 150w\" src=\"https:\/\/infmix.ro\/wp-content\/uploads\/2020\/11\/placa-de-retea.jpg\" alt=\"\"><\/li>\n\n\n\n<li><strong>Modem<\/strong> \u2013 permite conectarea la o linie telefonic\u0103 <img loading=\"lazy\" decoding=\"async\" width=\"150\" height=\"150\" srcset=\"https:\/\/infmix.ro\/wp-content\/uploads\/2020\/11\/modem.jpg 800w, https:\/\/infmix.ro\/wp-content\/uploads\/2020\/11\/modem-300x300.jpg 300w, https:\/\/infmix.ro\/wp-content\/uploads\/2020\/11\/modem-150x150.jpg 150w, https:\/\/infmix.ro\/wp-content\/uploads\/2020\/11\/modem-768x768.jpg 768w\" src=\"https:\/\/infmix.ro\/wp-content\/uploads\/2020\/11\/modem.jpg\" alt=\"\"><\/li>\n\n\n\n<li><strong>Ecran tactil<\/strong> \u2013 \u00eenlocuiesc tastatura \u0219i mouse-ul la dispozitivele mobile: telefoane, tablete \u0219i unele laptop-uri. <img loading=\"lazy\" decoding=\"async\" width=\"150\" height=\"105\" srcset=\"https:\/\/infmix.ro\/wp-content\/uploads\/2020\/11\/ecran-tactil.jpg 900w, https:\/\/infmix.ro\/wp-content\/uploads\/2020\/11\/ecran-tactil-300x210.jpg 300w, https:\/\/infmix.ro\/wp-content\/uploads\/2020\/11\/ecran-tactil-768x538.jpg 768w, https:\/\/infmix.ro\/wp-content\/uploads\/2020\/11\/ecran-tactil-400x280.jpg 400w\" src=\"https:\/\/infmix.ro\/wp-content\/uploads\/2020\/11\/ecran-tactil.jpg\" alt=\"\"><\/li>\n<\/ol>\n<\/li>\n<\/ol>\n\n\n\n<p>Anumite periferice au caracteristici complexe pe care este bine s\u0103 le cunoa\u0219tem pentru a le putea utiliza.<\/p>\n\n\n\n<ol class=\"wp-block-list\">\n<li><strong>Caracteristicile tastaturii<\/strong>: \u2013 este cel mai vechi periferic de intrare \u0219i are incluse tastaturile:\n<ol class=\"wp-block-list\">\n<li><strong>Alfanumeric\u0103<\/strong><\/li>\n\n\n\n<li><strong>Numeric\u0103<\/strong><\/li>\n\n\n\n<li><strong>Taste de editare \u0219i func\u021bionale.<\/strong><\/li>\n<\/ol>\n<\/li>\n<\/ol>\n\n\n\n<figure class=\"wp-block-image\"><img decoding=\"async\" src=\"https:\/\/infmix.ro\/wp-content\/uploads\/2020\/11\/tastatura-3-1024x470.jpg\" alt=\"\" class=\"wp-image-315\"\/><figcaption class=\"wp-element-caption\">img 2 tastatura<\/figcaption><\/figure>\n\n\n\n<p>De aici pute\u021bi desc\u0103rca un program gratuit de \u00eenv\u0103\u021bare a utiliz\u0103rii tastaturii pentru Windows: <a href=\"https:\/\/bruces-unusual-typing-wizard.en.softonic.com\">Bruce\u2019s Unusual Typing Wizard<\/a><\/p>\n\n\n\n<p>Dac\u0103 acest program vi se pare vechi (pentru c\u0103 este vechi) sau dificil (pentru c\u0103 este dificil) pute\u021bi oric\u00e2nd \u00eenv\u0103\u021ba s\u0103 tasta\u021bi online la <a href=\"https:\/\/www.typingstudy.com\/ro\/\" target=\"_blank\" rel=\"noreferrer noopener\">https:\/\/www.typingstudy.com\/ro\/<\/a><\/p>\n\n\n\n<ol class=\"wp-block-list\">\n<li><strong>Caracteristicile mouse-ului<\/strong>:\n<ol class=\"wp-block-list\">\n<li><strong>Rezolu\u021bia<\/strong> \u2013 m\u0103soar\u0103 c\u00e2te puncte poate parcurge s\u0103geata de pe un inch (un inci = 2,54 cm) din ecran: dpi ( dots per inch = puncte pe inci)<\/li>\n<\/ol>\n<\/li>\n\n\n\n<li><strong>Caracteristicile monitorului<\/strong>:\n<ol class=\"wp-block-list\">\n<li><strong>Diagonala<\/strong> \u2013 dimensiunea diagonalei ecranului \u00een inci.<\/li>\n\n\n\n<li><strong>Rezolu\u021bia<\/strong> \u2013 num\u0103rul de puncte (pixeli) de pe suprafa\u021ba ecranului. Ecranul fiind un dreptunghi are suprafa\u021ba egal\u0103 cu lungimea x l\u0103\u021bimea. Exemple 1366 x 768 (HD), 1980 x 1080 (FULL HD), 2560 x 1440 (2K), 3480 x 2160 (4k) pixeli unde un pixel este \u00een englez\u0103 \u201epicture element\u201d adic\u0103 un punct de pe ecran.<\/li>\n\n\n\n<li><strong>Rata de refersh<\/strong> (re\u00eemprosp\u0103tare) a ecranului: \u2013 se m\u0103soar\u0103 \u00een cadre pe secund\u0103, frames per second <strong>fps<\/strong>. Adic\u0103 \u00een hertzi. 60Hz, 75Hz, 120Hz, 144Hz = 60 fps, 75 fps, 120 fps, 144 fps.<\/li>\n<\/ol>\n<\/li>\n\n\n\n<li><strong>Caracteristicile imprimantei<\/strong>:\n<ol class=\"wp-block-list\">\n<li>Tehnologia de imprimare:\n<ol class=\"wp-block-list\">\n<li>Cu <strong>jet de cerneal\u0103<\/strong> \u2013 tip\u0103ritura nu rezist\u0103 la ap\u0103<\/li>\n\n\n\n<li>Cu <strong>LASER<\/strong> \u2013 tip\u0103ritura rezist\u0103 la ap\u0103<\/li>\n<\/ol>\n<\/li>\n\n\n\n<li><strong>Rezolu\u021bia<\/strong> \u2013 num\u0103rul de puncte imprimate pe suprafa\u021b\u0103 de un inch dpi (dots per inch).<\/li>\n\n\n\n<li><strong>Viteza de imprimare<\/strong> \u2013 pps = pagini pe secund\u0103<\/li>\n<\/ol>\n<\/li>\n\n\n\n<li><strong>Caracteristicile pl\u0103cii de re\u021bea:<\/strong>\n<ol class=\"wp-block-list\">\n<li>Viteza de transmitere a datelor: FE (fast ethernet) \u0219i GE (gigabit).<\/li>\n<\/ol>\n<\/li>\n\n\n\n<li><strong>Caracteristicile modem-ului<\/strong>:\n<ol class=\"wp-block-list\">\n<li>\u00cencep\u00e2nd cu genera\u021bia a treia 3G a telefoniei mobile vocea este codificat\u0103 sub forma unui flux de date cu ajutorul modem-ului.<\/li>\n<\/ol>\n<\/li>\n<\/ol>\n\n\n\n<p><strong>\u00centreb\u0103ri<\/strong>:<\/p>\n\n\n\n<ol class=\"wp-block-list\">\n<li>Din ce este alc\u0103tuit un computer din punct de vedere func\u021bional? Dar din punct de vedere constructiv?<\/li>\n\n\n\n<li>Ce permit perifericele de intrare \u0219i care sunt ele?<\/li>\n\n\n\n<li>Ce permit perifericele de ie\u0219ire \u0219i care sunt&nbsp; ele?<\/li>\n\n\n\n<li>Ce permit perifericele de intrare-ie\u0219ire \u0219i care un ele?<\/li>\n\n\n\n<li>Prezenta\u021bi pe scurt caracteristicile tastaturii \u0219i ale mouse-ului:<\/li>\n\n\n\n<li>Prezenta\u021bi caracteristicile monitorului:<\/li>\n\n\n\n<li>Prezenta\u021bi caracteristicile imprimantei:<\/li>\n<\/ol>\n\n\n<p>[ays_quiz id=&#8217;5&#8242;]<\/p>\n","protected":false},"excerpt":{"rendered":"<p>Periferie \u00eenseamn\u0103 margine. La calculator tot ce nu e \u00een unitatea central\u0103 se afl\u0103 la periferie adic\u0103 la margine. Din punct de vedere func\u021bional computerul este format din: Din punct de vedere constructiv computerul este format din: Placa de baz\u0103 are dou\u0103 zone principale: Perifericele sunt interfe\u021be fizice dintre computer \u0219i utilizator sau \u00eentre dou\u0103 [&hellip;]<\/p>\n","protected":false},"author":1,"featured_media":0,"parent":12,"menu_order":0,"comment_status":"closed","ping_status":"closed","template":"","meta":{"_FSMCFIC_featured_image_caption":"","_FSMCFIC_featured_image_nocaption":"","_FSMCFIC_featured_image_hide":"","footnotes":""},"class_list":["post-45","page","type-page","status-publish","hentry"],"yoast_head":"<!-- This site is optimized with the Yoast SEO plugin v27.4 - https:\/\/yoast.com\/product\/yoast-seo-wordpress\/ -->\n<title>M1 L4 Perifericele - Clasa a VI-a InfMix<\/title>\n<meta name=\"robots\" content=\"index, follow, max-snippet:-1, max-image-preview:large, max-video-preview:-1\" \/>\n<link rel=\"canonical\" href=\"https:\/\/infmix.ro\/a6a\/m1\/m1-l4-perifericele\/\" \/>\n<meta property=\"og:locale\" content=\"ro_RO\" \/>\n<meta property=\"og:type\" content=\"article\" \/>\n<meta property=\"og:title\" content=\"M1 L4 Perifericele - Clasa a VI-a InfMix\" \/>\n<meta property=\"og:description\" content=\"Periferie \u00eenseamn\u0103 margine. La calculator tot ce nu e \u00een unitatea central\u0103 se afl\u0103 la periferie adic\u0103 la margine. Din punct de vedere func\u021bional computerul este format din: Din punct de vedere constructiv computerul este format din: Placa de baz\u0103 are dou\u0103 zone principale: Perifericele sunt interfe\u021be fizice dintre computer \u0219i utilizator sau \u00eentre dou\u0103 [&hellip;]\" \/>\n<meta property=\"og:url\" content=\"https:\/\/infmix.ro\/a6a\/m1\/m1-l4-perifericele\/\" \/>\n<meta property=\"og:site_name\" content=\"Clasa a VI-a InfMix\" \/>\n<meta property=\"article:modified_time\" content=\"2024-10-21T06:44:05+00:00\" \/>\n<meta name=\"twitter:card\" content=\"summary_large_image\" \/>\n<meta name=\"twitter:label1\" content=\"Timp estimat pentru citire\" \/>\n\t<meta name=\"twitter:data1\" content=\"7 minute\" \/>\n<script type=\"application\/ld+json\" class=\"yoast-schema-graph\">{\"@context\":\"https:\\\/\\\/schema.org\",\"@graph\":[{\"@type\":\"WebPage\",\"@id\":\"https:\\\/\\\/infmix.ro\\\/a6a\\\/m1\\\/m1-l4-perifericele\\\/\",\"url\":\"https:\\\/\\\/infmix.ro\\\/a6a\\\/m1\\\/m1-l4-perifericele\\\/\",\"name\":\"M1 L4 Perifericele - Clasa a VI-a InfMix\",\"isPartOf\":{\"@id\":\"https:\\\/\\\/infmix.ro\\\/a6a\\\/#website\"},\"primaryImageOfPage\":{\"@id\":\"https:\\\/\\\/infmix.ro\\\/a6a\\\/m1\\\/m1-l4-perifericele\\\/#primaryimage\"},\"image\":{\"@id\":\"https:\\\/\\\/infmix.ro\\\/a6a\\\/m1\\\/m1-l4-perifericele\\\/#primaryimage\"},\"thumbnailUrl\":\"https:\\\/\\\/infmix.ro\\\/wp-content\\\/uploads\\\/2020\\\/11\\\/placa-de-baza1.jpg\",\"datePublished\":\"2024-10-21T06:12:24+00:00\",\"dateModified\":\"2024-10-21T06:44:05+00:00\",\"breadcrumb\":{\"@id\":\"https:\\\/\\\/infmix.ro\\\/a6a\\\/m1\\\/m1-l4-perifericele\\\/#breadcrumb\"},\"inLanguage\":\"ro-RO\",\"potentialAction\":[{\"@type\":\"ReadAction\",\"target\":[\"https:\\\/\\\/infmix.ro\\\/a6a\\\/m1\\\/m1-l4-perifericele\\\/\"]}]},{\"@type\":\"ImageObject\",\"inLanguage\":\"ro-RO\",\"@id\":\"https:\\\/\\\/infmix.ro\\\/a6a\\\/m1\\\/m1-l4-perifericele\\\/#primaryimage\",\"url\":\"https:\\\/\\\/infmix.ro\\\/wp-content\\\/uploads\\\/2020\\\/11\\\/placa-de-baza1.jpg\",\"contentUrl\":\"https:\\\/\\\/infmix.ro\\\/wp-content\\\/uploads\\\/2020\\\/11\\\/placa-de-baza1.jpg\"},{\"@type\":\"BreadcrumbList\",\"@id\":\"https:\\\/\\\/infmix.ro\\\/a6a\\\/m1\\\/m1-l4-perifericele\\\/#breadcrumb\",\"itemListElement\":[{\"@type\":\"ListItem\",\"position\":1,\"name\":\"Prima pagin\u0103\",\"item\":\"https:\\\/\\\/infmix.ro\\\/a6a\\\/\"},{\"@type\":\"ListItem\",\"position\":2,\"name\":\"M1\",\"item\":\"https:\\\/\\\/infmix.ro\\\/a6a\\\/m1\\\/\"},{\"@type\":\"ListItem\",\"position\":3,\"name\":\"M1 L4 Perifericele\"}]},{\"@type\":\"WebSite\",\"@id\":\"https:\\\/\\\/infmix.ro\\\/a6a\\\/#website\",\"url\":\"https:\\\/\\\/infmix.ro\\\/a6a\\\/\",\"name\":\"Clasa a VI-a InfMix\",\"description\":\"Informa\u021bia a\u0219a cum o pute\u021bi imagina\",\"publisher\":{\"@id\":\"https:\\\/\\\/infmix.ro\\\/a6a\\\/#\\\/schema\\\/person\\\/2cebfe49f5302ee541291ee8efcc004d\"},\"potentialAction\":[{\"@type\":\"SearchAction\",\"target\":{\"@type\":\"EntryPoint\",\"urlTemplate\":\"https:\\\/\\\/infmix.ro\\\/a6a\\\/?s={search_term_string}\"},\"query-input\":{\"@type\":\"PropertyValueSpecification\",\"valueRequired\":true,\"valueName\":\"search_term_string\"}}],\"inLanguage\":\"ro-RO\"},{\"@type\":[\"Person\",\"Organization\"],\"@id\":\"https:\\\/\\\/infmix.ro\\\/a6a\\\/#\\\/schema\\\/person\\\/2cebfe49f5302ee541291ee8efcc004d\",\"name\":\"Profu DeInfo\",\"image\":{\"@type\":\"ImageObject\",\"inLanguage\":\"ro-RO\",\"@id\":\"https:\\\/\\\/infmix.ro\\\/a6a\\\/wp-content\\\/uploads\\\/sites\\\/2\\\/2024\\\/11\\\/64colorchanger.png\",\"url\":\"https:\\\/\\\/infmix.ro\\\/a6a\\\/wp-content\\\/uploads\\\/sites\\\/2\\\/2024\\\/11\\\/64colorchanger.png\",\"contentUrl\":\"https:\\\/\\\/infmix.ro\\\/a6a\\\/wp-content\\\/uploads\\\/sites\\\/2\\\/2024\\\/11\\\/64colorchanger.png\",\"width\":64,\"height\":64,\"caption\":\"Profu DeInfo\"},\"logo\":{\"@id\":\"https:\\\/\\\/infmix.ro\\\/a6a\\\/wp-content\\\/uploads\\\/sites\\\/2\\\/2024\\\/11\\\/64colorchanger.png\"},\"sameAs\":[\"https:\\\/\\\/infmix.ro\"]}]}<\/script>\n<!-- \/ Yoast SEO plugin. -->","yoast_head_json":{"title":"M1 L4 Perifericele - Clasa a VI-a InfMix","robots":{"index":"index","follow":"follow","max-snippet":"max-snippet:-1","max-image-preview":"max-image-preview:large","max-video-preview":"max-video-preview:-1"},"canonical":"https:\/\/infmix.ro\/a6a\/m1\/m1-l4-perifericele\/","og_locale":"ro_RO","og_type":"article","og_title":"M1 L4 Perifericele - Clasa a VI-a InfMix","og_description":"Periferie \u00eenseamn\u0103 margine. La calculator tot ce nu e \u00een unitatea central\u0103 se afl\u0103 la periferie adic\u0103 la margine. Din punct de vedere func\u021bional computerul este format din: Din punct de vedere constructiv computerul este format din: Placa de baz\u0103 are dou\u0103 zone principale: Perifericele sunt interfe\u021be fizice dintre computer \u0219i utilizator sau \u00eentre dou\u0103 [&hellip;]","og_url":"https:\/\/infmix.ro\/a6a\/m1\/m1-l4-perifericele\/","og_site_name":"Clasa a VI-a InfMix","article_modified_time":"2024-10-21T06:44:05+00:00","twitter_card":"summary_large_image","twitter_misc":{"Timp estimat pentru citire":"7 minute"},"schema":{"@context":"https:\/\/schema.org","@graph":[{"@type":"WebPage","@id":"https:\/\/infmix.ro\/a6a\/m1\/m1-l4-perifericele\/","url":"https:\/\/infmix.ro\/a6a\/m1\/m1-l4-perifericele\/","name":"M1 L4 Perifericele - Clasa a VI-a InfMix","isPartOf":{"@id":"https:\/\/infmix.ro\/a6a\/#website"},"primaryImageOfPage":{"@id":"https:\/\/infmix.ro\/a6a\/m1\/m1-l4-perifericele\/#primaryimage"},"image":{"@id":"https:\/\/infmix.ro\/a6a\/m1\/m1-l4-perifericele\/#primaryimage"},"thumbnailUrl":"https:\/\/infmix.ro\/wp-content\/uploads\/2020\/11\/placa-de-baza1.jpg","datePublished":"2024-10-21T06:12:24+00:00","dateModified":"2024-10-21T06:44:05+00:00","breadcrumb":{"@id":"https:\/\/infmix.ro\/a6a\/m1\/m1-l4-perifericele\/#breadcrumb"},"inLanguage":"ro-RO","potentialAction":[{"@type":"ReadAction","target":["https:\/\/infmix.ro\/a6a\/m1\/m1-l4-perifericele\/"]}]},{"@type":"ImageObject","inLanguage":"ro-RO","@id":"https:\/\/infmix.ro\/a6a\/m1\/m1-l4-perifericele\/#primaryimage","url":"https:\/\/infmix.ro\/wp-content\/uploads\/2020\/11\/placa-de-baza1.jpg","contentUrl":"https:\/\/infmix.ro\/wp-content\/uploads\/2020\/11\/placa-de-baza1.jpg"},{"@type":"BreadcrumbList","@id":"https:\/\/infmix.ro\/a6a\/m1\/m1-l4-perifericele\/#breadcrumb","itemListElement":[{"@type":"ListItem","position":1,"name":"Prima pagin\u0103","item":"https:\/\/infmix.ro\/a6a\/"},{"@type":"ListItem","position":2,"name":"M1","item":"https:\/\/infmix.ro\/a6a\/m1\/"},{"@type":"ListItem","position":3,"name":"M1 L4 Perifericele"}]},{"@type":"WebSite","@id":"https:\/\/infmix.ro\/a6a\/#website","url":"https:\/\/infmix.ro\/a6a\/","name":"Clasa a VI-a InfMix","description":"Informa\u021bia a\u0219a cum o pute\u021bi imagina","publisher":{"@id":"https:\/\/infmix.ro\/a6a\/#\/schema\/person\/2cebfe49f5302ee541291ee8efcc004d"},"potentialAction":[{"@type":"SearchAction","target":{"@type":"EntryPoint","urlTemplate":"https:\/\/infmix.ro\/a6a\/?s={search_term_string}"},"query-input":{"@type":"PropertyValueSpecification","valueRequired":true,"valueName":"search_term_string"}}],"inLanguage":"ro-RO"},{"@type":["Person","Organization"],"@id":"https:\/\/infmix.ro\/a6a\/#\/schema\/person\/2cebfe49f5302ee541291ee8efcc004d","name":"Profu DeInfo","image":{"@type":"ImageObject","inLanguage":"ro-RO","@id":"https:\/\/infmix.ro\/a6a\/wp-content\/uploads\/sites\/2\/2024\/11\/64colorchanger.png","url":"https:\/\/infmix.ro\/a6a\/wp-content\/uploads\/sites\/2\/2024\/11\/64colorchanger.png","contentUrl":"https:\/\/infmix.ro\/a6a\/wp-content\/uploads\/sites\/2\/2024\/11\/64colorchanger.png","width":64,"height":64,"caption":"Profu DeInfo"},"logo":{"@id":"https:\/\/infmix.ro\/a6a\/wp-content\/uploads\/sites\/2\/2024\/11\/64colorchanger.png"},"sameAs":["https:\/\/infmix.ro"]}]}},"_links":{"self":[{"href":"https:\/\/infmix.ro\/a6a\/wp-json\/wp\/v2\/pages\/45","targetHints":{"allow":["GET"]}}],"collection":[{"href":"https:\/\/infmix.ro\/a6a\/wp-json\/wp\/v2\/pages"}],"about":[{"href":"https:\/\/infmix.ro\/a6a\/wp-json\/wp\/v2\/types\/page"}],"author":[{"embeddable":true,"href":"https:\/\/infmix.ro\/a6a\/wp-json\/wp\/v2\/users\/1"}],"replies":[{"embeddable":true,"href":"https:\/\/infmix.ro\/a6a\/wp-json\/wp\/v2\/comments?post=45"}],"version-history":[{"count":2,"href":"https:\/\/infmix.ro\/a6a\/wp-json\/wp\/v2\/pages\/45\/revisions"}],"predecessor-version":[{"id":48,"href":"https:\/\/infmix.ro\/a6a\/wp-json\/wp\/v2\/pages\/45\/revisions\/48"}],"up":[{"embeddable":true,"href":"https:\/\/infmix.ro\/a6a\/wp-json\/wp\/v2\/pages\/12"}],"wp:attachment":[{"href":"https:\/\/infmix.ro\/a6a\/wp-json\/wp\/v2\/media?parent=45"}],"curies":[{"name":"wp","href":"https:\/\/api.w.org\/{rel}","templated":true}]}}