{"id":2,"date":"2024-09-12T05:30:44","date_gmt":"2024-09-12T05:30:44","guid":{"rendered":"https:\/\/infmix.ro\/a6a\/?page_id=2"},"modified":"2024-09-23T05:16:27","modified_gmt":"2024-09-23T05:16:27","slug":"pagina-exemplu","status":"publish","type":"page","link":"https:\/\/infmix.ro\/a6a\/pagina-exemplu\/","title":{"rendered":"T.I.C."},"content":{"rendered":"\n<p>T.I.C. = <strong>Tehnologia Informa\u021biei \u0219i a Comunica\u021biilor<\/strong> se ocup\u0103 cu utilizarea calculatoarelor de sunt formate din:<\/p>\n\n\n\n<p><strong><mark style=\"background-color:rgba(0, 0, 0, 0)\" class=\"has-inline-color has-red-color\">Hardware<\/mark><\/strong><\/p>\n\n\n\n<blockquote class=\"wp-block-quote is-layout-flow wp-block-quote-is-layout-flow\">\n<p>Hard = tare, greu \u0219i \u201eto wear\u201d \u00eenseamn\u0103 a purta a \u00eembr\u0103ca. Deci hardware ar \u00eensemna ceea ce se poart\u0103 \u0219i este tare \u0219i greu. Traducerea corect\u0103 a cuv\u00e2ntului hardware din limba englez\u0103 \u00een limba rom\u00e2n\u0103 este fier\u0103rie sau magazin de feronerie. Hardware reprezint\u0103 partea fizic\u0103 a sistemelor de calcul adic\u0103 ceea ce se poate atinge cu m\u00e2na, componentele fizice: procesor, memorie placa de baz\u0103, pl\u0103ci de extensie, monitor, tastatur\u0103 etc.<\/p>\n<\/blockquote>\n\n\n\n<p>Pentru ca un sistem de calcul s\u0103 func\u021bioneze are nevoie \u0219i de <strong><mark style=\"background-color:rgba(0, 0, 0, 0)\" class=\"has-inline-color has-red-color\">software<\/mark><\/strong>:<\/p>\n\n\n\n<blockquote class=\"wp-block-quote is-layout-flow wp-block-quote-is-layout-flow\">\n<p>Soft \u00eenseamn\u0103 moale, catifelat iar \u201eto wear\u201d \u00eenseamn\u0103 a purta, a \u00eembr\u0103ca. Deci software ar putea fi ceea ce se poart\u0103 \u0219i este moale, catifelat. Traducerea exact\u0103 a cuv\u00e2ntului software din limba englez\u0103 \u00een limba rom\u00e2n\u0103 nu exist\u0103 dar software \u00eenseamn\u0103 totalitatea programelor dintr-un computer.<\/p>\n<\/blockquote>\n\n\n\n<p><strong>Aplica\u021bii software<\/strong>: sunt programele specializate pe diferite activit\u0103\u021bi necesare sistemului de calcul \u0219i utilizatorului. <\/p>\n\n\n\n<p><\/p>\n","protected":false},"excerpt":{"rendered":"<p>T.I.C. = Tehnologia Informa\u021biei \u0219i a Comunica\u021biilor se ocup\u0103 cu utilizarea calculatoarelor de sunt formate din: Hardware Hard = tare, greu \u0219i \u201eto wear\u201d \u00eenseamn\u0103 a purta a \u00eembr\u0103ca. Deci hardware ar \u00eensemna ceea ce se poart\u0103 \u0219i este tare \u0219i greu. Traducerea corect\u0103 a cuv\u00e2ntului hardware din limba englez\u0103 \u00een limba rom\u00e2n\u0103 este fier\u0103rie [&hellip;]<\/p>\n","protected":false},"author":1,"featured_media":0,"parent":0,"menu_order":0,"comment_status":"closed","ping_status":"open","template":"","meta":{"_FSMCFIC_featured_image_caption":"","_FSMCFIC_featured_image_nocaption":"","_FSMCFIC_featured_image_hide":"","footnotes":""},"class_list":["post-2","page","type-page","status-publish","hentry"],"yoast_head":"<!-- This site is optimized with the Yoast SEO plugin v27.4 - https:\/\/yoast.com\/product\/yoast-seo-wordpress\/ -->\n<title>T.I.C. - Clasa a VI-a InfMix<\/title>\n<meta name=\"robots\" content=\"index, follow, max-snippet:-1, max-image-preview:large, max-video-preview:-1\" \/>\n<link rel=\"canonical\" href=\"https:\/\/infmix.ro\/a6a\/pagina-exemplu\/\" \/>\n<meta property=\"og:locale\" content=\"ro_RO\" \/>\n<meta property=\"og:type\" content=\"article\" \/>\n<meta property=\"og:title\" content=\"T.I.C. - Clasa a VI-a InfMix\" \/>\n<meta property=\"og:description\" content=\"T.I.C. = Tehnologia Informa\u021biei \u0219i a Comunica\u021biilor se ocup\u0103 cu utilizarea calculatoarelor de sunt formate din: Hardware Hard = tare, greu \u0219i \u201eto wear\u201d \u00eenseamn\u0103 a purta a \u00eembr\u0103ca. Deci hardware ar \u00eensemna ceea ce se poart\u0103 \u0219i este tare \u0219i greu. Traducerea corect\u0103 a cuv\u00e2ntului hardware din limba englez\u0103 \u00een limba rom\u00e2n\u0103 este fier\u0103rie [&hellip;]\" \/>\n<meta property=\"og:url\" content=\"https:\/\/infmix.ro\/a6a\/pagina-exemplu\/\" \/>\n<meta property=\"og:site_name\" content=\"Clasa a VI-a InfMix\" \/>\n<meta property=\"article:modified_time\" content=\"2024-09-23T05:16:27+00:00\" \/>\n<meta name=\"twitter:card\" content=\"summary_large_image\" \/>\n<meta name=\"twitter:label1\" content=\"Timp estimat pentru citire\" \/>\n\t<meta name=\"twitter:data1\" content=\"1 minut\" \/>\n<script type=\"application\/ld+json\" class=\"yoast-schema-graph\">{\"@context\":\"https:\\\/\\\/schema.org\",\"@graph\":[{\"@type\":\"WebPage\",\"@id\":\"https:\\\/\\\/infmix.ro\\\/a6a\\\/pagina-exemplu\\\/\",\"url\":\"https:\\\/\\\/infmix.ro\\\/a6a\\\/pagina-exemplu\\\/\",\"name\":\"T.I.C. - Clasa a VI-a InfMix\",\"isPartOf\":{\"@id\":\"https:\\\/\\\/infmix.ro\\\/a6a\\\/#website\"},\"datePublished\":\"2024-09-12T05:30:44+00:00\",\"dateModified\":\"2024-09-23T05:16:27+00:00\",\"breadcrumb\":{\"@id\":\"https:\\\/\\\/infmix.ro\\\/a6a\\\/pagina-exemplu\\\/#breadcrumb\"},\"inLanguage\":\"ro-RO\",\"potentialAction\":[{\"@type\":\"ReadAction\",\"target\":[\"https:\\\/\\\/infmix.ro\\\/a6a\\\/pagina-exemplu\\\/\"]}]},{\"@type\":\"BreadcrumbList\",\"@id\":\"https:\\\/\\\/infmix.ro\\\/a6a\\\/pagina-exemplu\\\/#breadcrumb\",\"itemListElement\":[{\"@type\":\"ListItem\",\"position\":1,\"name\":\"Prima pagin\u0103\",\"item\":\"https:\\\/\\\/infmix.ro\\\/a6a\\\/\"},{\"@type\":\"ListItem\",\"position\":2,\"name\":\"T.I.C.\"}]},{\"@type\":\"WebSite\",\"@id\":\"https:\\\/\\\/infmix.ro\\\/a6a\\\/#website\",\"url\":\"https:\\\/\\\/infmix.ro\\\/a6a\\\/\",\"name\":\"Clasa a VI-a InfMix\",\"description\":\"Informa\u021bia a\u0219a cum o pute\u021bi imagina\",\"publisher\":{\"@id\":\"https:\\\/\\\/infmix.ro\\\/a6a\\\/#\\\/schema\\\/person\\\/2cebfe49f5302ee541291ee8efcc004d\"},\"potentialAction\":[{\"@type\":\"SearchAction\",\"target\":{\"@type\":\"EntryPoint\",\"urlTemplate\":\"https:\\\/\\\/infmix.ro\\\/a6a\\\/?s={search_term_string}\"},\"query-input\":{\"@type\":\"PropertyValueSpecification\",\"valueRequired\":true,\"valueName\":\"search_term_string\"}}],\"inLanguage\":\"ro-RO\"},{\"@type\":[\"Person\",\"Organization\"],\"@id\":\"https:\\\/\\\/infmix.ro\\\/a6a\\\/#\\\/schema\\\/person\\\/2cebfe49f5302ee541291ee8efcc004d\",\"name\":\"Profu DeInfo\",\"image\":{\"@type\":\"ImageObject\",\"inLanguage\":\"ro-RO\",\"@id\":\"https:\\\/\\\/infmix.ro\\\/a6a\\\/wp-content\\\/uploads\\\/sites\\\/2\\\/2024\\\/11\\\/64colorchanger.png\",\"url\":\"https:\\\/\\\/infmix.ro\\\/a6a\\\/wp-content\\\/uploads\\\/sites\\\/2\\\/2024\\\/11\\\/64colorchanger.png\",\"contentUrl\":\"https:\\\/\\\/infmix.ro\\\/a6a\\\/wp-content\\\/uploads\\\/sites\\\/2\\\/2024\\\/11\\\/64colorchanger.png\",\"width\":64,\"height\":64,\"caption\":\"Profu DeInfo\"},\"logo\":{\"@id\":\"https:\\\/\\\/infmix.ro\\\/a6a\\\/wp-content\\\/uploads\\\/sites\\\/2\\\/2024\\\/11\\\/64colorchanger.png\"},\"sameAs\":[\"https:\\\/\\\/infmix.ro\"]}]}<\/script>\n<!-- \/ Yoast SEO plugin. -->","yoast_head_json":{"title":"T.I.C. - Clasa a VI-a InfMix","robots":{"index":"index","follow":"follow","max-snippet":"max-snippet:-1","max-image-preview":"max-image-preview:large","max-video-preview":"max-video-preview:-1"},"canonical":"https:\/\/infmix.ro\/a6a\/pagina-exemplu\/","og_locale":"ro_RO","og_type":"article","og_title":"T.I.C. - Clasa a VI-a InfMix","og_description":"T.I.C. = Tehnologia Informa\u021biei \u0219i a Comunica\u021biilor se ocup\u0103 cu utilizarea calculatoarelor de sunt formate din: Hardware Hard = tare, greu \u0219i \u201eto wear\u201d \u00eenseamn\u0103 a purta a \u00eembr\u0103ca. Deci hardware ar \u00eensemna ceea ce se poart\u0103 \u0219i este tare \u0219i greu. Traducerea corect\u0103 a cuv\u00e2ntului hardware din limba englez\u0103 \u00een limba rom\u00e2n\u0103 este fier\u0103rie [&hellip;]","og_url":"https:\/\/infmix.ro\/a6a\/pagina-exemplu\/","og_site_name":"Clasa a VI-a InfMix","article_modified_time":"2024-09-23T05:16:27+00:00","twitter_card":"summary_large_image","twitter_misc":{"Timp estimat pentru citire":"1 minut"},"schema":{"@context":"https:\/\/schema.org","@graph":[{"@type":"WebPage","@id":"https:\/\/infmix.ro\/a6a\/pagina-exemplu\/","url":"https:\/\/infmix.ro\/a6a\/pagina-exemplu\/","name":"T.I.C. - Clasa a VI-a InfMix","isPartOf":{"@id":"https:\/\/infmix.ro\/a6a\/#website"},"datePublished":"2024-09-12T05:30:44+00:00","dateModified":"2024-09-23T05:16:27+00:00","breadcrumb":{"@id":"https:\/\/infmix.ro\/a6a\/pagina-exemplu\/#breadcrumb"},"inLanguage":"ro-RO","potentialAction":[{"@type":"ReadAction","target":["https:\/\/infmix.ro\/a6a\/pagina-exemplu\/"]}]},{"@type":"BreadcrumbList","@id":"https:\/\/infmix.ro\/a6a\/pagina-exemplu\/#breadcrumb","itemListElement":[{"@type":"ListItem","position":1,"name":"Prima pagin\u0103","item":"https:\/\/infmix.ro\/a6a\/"},{"@type":"ListItem","position":2,"name":"T.I.C."}]},{"@type":"WebSite","@id":"https:\/\/infmix.ro\/a6a\/#website","url":"https:\/\/infmix.ro\/a6a\/","name":"Clasa a VI-a InfMix","description":"Informa\u021bia a\u0219a cum o pute\u021bi imagina","publisher":{"@id":"https:\/\/infmix.ro\/a6a\/#\/schema\/person\/2cebfe49f5302ee541291ee8efcc004d"},"potentialAction":[{"@type":"SearchAction","target":{"@type":"EntryPoint","urlTemplate":"https:\/\/infmix.ro\/a6a\/?s={search_term_string}"},"query-input":{"@type":"PropertyValueSpecification","valueRequired":true,"valueName":"search_term_string"}}],"inLanguage":"ro-RO"},{"@type":["Person","Organization"],"@id":"https:\/\/infmix.ro\/a6a\/#\/schema\/person\/2cebfe49f5302ee541291ee8efcc004d","name":"Profu DeInfo","image":{"@type":"ImageObject","inLanguage":"ro-RO","@id":"https:\/\/infmix.ro\/a6a\/wp-content\/uploads\/sites\/2\/2024\/11\/64colorchanger.png","url":"https:\/\/infmix.ro\/a6a\/wp-content\/uploads\/sites\/2\/2024\/11\/64colorchanger.png","contentUrl":"https:\/\/infmix.ro\/a6a\/wp-content\/uploads\/sites\/2\/2024\/11\/64colorchanger.png","width":64,"height":64,"caption":"Profu DeInfo"},"logo":{"@id":"https:\/\/infmix.ro\/a6a\/wp-content\/uploads\/sites\/2\/2024\/11\/64colorchanger.png"},"sameAs":["https:\/\/infmix.ro"]}]}},"_links":{"self":[{"href":"https:\/\/infmix.ro\/a6a\/wp-json\/wp\/v2\/pages\/2","targetHints":{"allow":["GET"]}}],"collection":[{"href":"https:\/\/infmix.ro\/a6a\/wp-json\/wp\/v2\/pages"}],"about":[{"href":"https:\/\/infmix.ro\/a6a\/wp-json\/wp\/v2\/types\/page"}],"author":[{"embeddable":true,"href":"https:\/\/infmix.ro\/a6a\/wp-json\/wp\/v2\/users\/1"}],"replies":[{"embeddable":true,"href":"https:\/\/infmix.ro\/a6a\/wp-json\/wp\/v2\/comments?post=2"}],"version-history":[{"count":5,"href":"https:\/\/infmix.ro\/a6a\/wp-json\/wp\/v2\/pages\/2\/revisions"}],"predecessor-version":[{"id":22,"href":"https:\/\/infmix.ro\/a6a\/wp-json\/wp\/v2\/pages\/2\/revisions\/22"}],"wp:attachment":[{"href":"https:\/\/infmix.ro\/a6a\/wp-json\/wp\/v2\/media?parent=2"}],"curies":[{"name":"wp","href":"https:\/\/api.w.org\/{rel}","templated":true}]}}