{"id":186,"date":"2025-05-26T03:44:07","date_gmt":"2025-05-26T03:44:07","guid":{"rendered":"https:\/\/infmix.ro\/a6a\/?page_id=186"},"modified":"2025-05-26T04:20:44","modified_gmt":"2025-05-26T04:20:44","slug":"m5-l4-instructiunea-repetitiva-cu-test-initial","status":"publish","type":"page","link":"https:\/\/infmix.ro\/a6a\/modul-5-limbaje-de-programare\/m5-l4-instructiunea-repetitiva-cu-test-initial\/","title":{"rendered":"M5 L4 Instruc\u021biunea repetitiv\u0103 cu test ini\u021bial"},"content":{"rendered":"\n<p>Repet\u0103 o instruc\u021biune sau o mul\u021bime de instruc\u021biuni c\u00e2t timp este adev\u0103rat\u0103 o condi\u021bie. Fiecare repetare a instruc\u021biunilor (adic\u0103 fiecare pas) se nume\u0219te itera\u021bie iar programul se nume\u0219te iterativ. Mul\u021bimea total\u0103 de itera\u021bii realizate pentru ajungerea la un rezultat se nume\u0219te bucl\u0103.<\/p>\n\n\n\n<figure class=\"wp-block-image\"><img decoding=\"async\" src=\"https:\/\/infmix.ro\/wp-content\/uploads\/2024\/04\/irti-1024x576.jpg\" alt=\"\" class=\"wp-image-1216\"\/><\/figure>\n\n\n\n<h2 class=\"wp-block-heading\">Vom realiza un program care:<\/h2>\n\n\n\n<ol class=\"wp-block-list\">\n<li>Afi\u0219eaz\u0103 primele n numere naturale.<\/li>\n\n\n\n<li>Face suma primelor n numere naturale \u0219i o afi\u0219eaz\u0103.<\/li>\n\n\n\n<li>Face produsul(factorialul) primelor n numere naturale \u0219i \u00eel afi\u0219eaz\u0103.<\/li>\n<\/ol>\n\n\n\n<pre class=\"wp-block-code\"><code>#include &lt;iostream&gt;   \/\/ Pentru input\/output\n\nusing namespace std;  \/\/ Elimin\u0103 nevoia de a scrie \"std::\" \u00eenainte de cin \u0219i cout\n\nint main()\n{\n    int i, n;\n    cout &lt;&lt; \"Dati numarul n=\";  \/\/ Afi\u0219eaz\u0103 mesajul pentru utilizator\n    cin &gt;&gt; n;                   \/\/ Cite\u0219te valoarea introdus\u0103 \u00een variabila n\n\n    i = 1;\n    while (i &lt;= n)\n    {\n        cout &lt;&lt; i &lt;&lt; \" \";       \/\/ Afi\u0219eaz\u0103 numerele de la 1 la n separate prin spa\u021biu\n        i++;\n    }\n\n    int suma = 0;\n    i = 1;\n    while (i &lt;= n)\n    {\n        suma += i;              \/\/ Adun\u0103 i la suma total\u0103\n        i++;\n    }\n    cout &lt;&lt; \"\\nSuma=\" &lt;&lt; suma;  \/\/ Afi\u0219eaz\u0103 suma numerelor\n\n    unsigned int produs = 1;\n    i = 1;\n    while (i &lt;= n)\n    {\n        produs *= i;            \/\/ \u00cenmul\u021be\u0219te produsul cu i (calcul factorial)\n        i++;\n    }\n    cout &lt;&lt; \"\\nFactorial=\" &lt;&lt; produs;  \/\/ Afi\u0219eaz\u0103 factorialul\n\n    return 0;\n}<\/code><\/pre>\n\n\n\n<h2 class=\"wp-block-heading\">Explica\u021bie linie cu linie:<\/h2>\n\n\n\n<pre class=\"wp-block-code\"><code>#include &lt;iostream&gt;<\/code><\/pre>\n\n\n\n<p>Include biblioteca standard C++ pentru func\u021bii de intrare\/ie\u0219ire (\u00eenlocuie\u0219te <code>&lt;stdio.h&gt;<\/code> din C).<\/p>\n\n\n\n<pre class=\"wp-block-code\"><code>using namespace std;<\/code><\/pre>\n\n\n\n<p>Face posibil\u0103 utilizarea <code>cin<\/code>, <code>cout<\/code> etc. f\u0103r\u0103 a mai scrie <code>std::<\/code> \u00een fa\u021ba lor. Este util pentru cod simplu sau \u00eencep\u0103tori, dar <strong>evitat \u00een proiecte mari<\/strong> (poate duce la conflicte de nume).<\/p>\n\n\n\n<pre class=\"wp-block-code\"><code>int main()<\/code><\/pre>\n\n\n\n<p>Este punctul de pornire al programului. Toat\u0103 logica se execut\u0103 \u00een aceast\u0103 func\u021bie.<\/p>\n\n\n\n<pre class=\"wp-block-code\"><code>{<\/code><\/pre>\n\n\n\n<p>Deschide blocul de cod al func\u021biei <code>main<\/code> (corpul de instructiuni al functiei main()).<\/p>\n\n\n\n<pre class=\"wp-block-code\"><code>    int i, n;<\/code><\/pre>\n\n\n\n<p>Declar\u0103 dou\u0103 variabile de tip <code>int<\/code>:<\/p>\n\n\n\n<ul class=\"wp-block-list\">\n<li><code>n<\/code> va fi num\u0103rul introdus de utilizator,<\/li>\n\n\n\n<li><code>i<\/code> va fi folosit \u00een bucle pentru num\u0103rare.<\/li>\n<\/ul>\n\n\n\n<pre class=\"wp-block-code\"><code>cout &lt;&lt; \"Dati numarul n=\";<\/code><\/pre>\n\n\n\n<p>Afi\u0219eaz\u0103 un mesaj pe ecran pentru ca utilizatorul s\u0103 introduc\u0103 un num\u0103r.<\/p>\n\n\n\n<pre class=\"wp-block-code\"><code>    cin &gt;&gt; n;<\/code><\/pre>\n\n\n\n<p>Cite\u0219te valoarea introdus\u0103 de utilizator \u0219i o stocheaz\u0103 \u00een variabila <code>n<\/code>.<\/p>\n\n\n\n<pre class=\"wp-block-code\"><code>    i = 1;<\/code><\/pre>\n\n\n\n<p>Ini\u021bializeaz\u0103 variabila <code>i<\/code> cu 1 \u00eenainte de prima bucl\u0103.<\/p>\n\n\n\n<pre class=\"wp-block-code\"><code>    while (i &lt;= n)<\/code><\/pre>\n\n\n\n<p>Bucl\u0103 care se repet\u0103 c\u00e2t timp <code>i<\/code> este mai mic sau egal cu <code>n<\/code>.<\/p>\n\n\n\n<pre class=\"wp-block-code\"><code>    {\n        cout &lt;&lt; i &lt;&lt; \" \";\n        i++;\n    }<\/code><\/pre>\n\n\n\n<p>Afi\u0219eaz\u0103 fiecare num\u0103r de la 1 la <code>n<\/code>, urmat de un spa\u021biu, apoi \u00eel incrementeaz\u0103.<\/p>\n\n\n\n<pre class=\"wp-block-code\"><code>    int suma = 0;<\/code><\/pre>\n\n\n\n<p>Ini\u021bializeaz\u0103 variabila <code>suma<\/code> cu 0 pentru a calcula suma numerelor.<\/p>\n\n\n\n<pre class=\"wp-block-code\"><code>    i = 1;<\/code><\/pre>\n\n\n\n<p>Reseteaz\u0103 <code>i<\/code> la 1 pentru urm\u0103toarea bucl\u0103 <code>while<\/code>.<\/p>\n\n\n\n<pre class=\"wp-block-code\"><code>    while (i &lt;= n)\n    {\n        suma += i;\n        i++;\n    }<\/code><\/pre>\n\n\n\n<p>Adun\u0103 toate valorile de la 1 la <code>n<\/code> \u0219i stocheaz\u0103 rezultatul \u00een <code>suma<\/code>.<\/p>\n\n\n\n<pre class=\"wp-block-code\"><code>    cout &lt;&lt; \"\\nSuma=\" &lt;&lt; suma;<\/code><\/pre>\n\n\n\n<p>Afi\u0219eaz\u0103 suma calculat\u0103.<\/p>\n\n\n\n<pre class=\"wp-block-code\"><code>unsigned int produs = 1;<\/code><\/pre>\n\n\n\n<p>Declar\u0103 variabila <code>produs<\/code>, de tip <code>unsigned int<\/code> (f\u0103r\u0103 semn), \u0219i o ini\u021bializeaz\u0103 cu 1 pentru calculul factorialului.<\/p>\n\n\n\n<pre class=\"wp-block-code\"><code>    i = 1;<\/code><\/pre>\n\n\n\n<p>Reseteaz\u0103 <code>i<\/code> la 1 pentru bucla care va calcula factorialul.<\/p>\n\n\n\n<pre class=\"wp-block-code\"><code>    while (i &lt;= n)\n    {\n        produs *= i;\n        i++;\n    }<\/code><\/pre>\n\n\n\n<p>\u00cenmul\u021be\u0219te toate valorile de la 1 la <code>n<\/code>, ob\u021bin\u00e2nd factorialul (<code>n!<\/code>).<\/p>\n\n\n\n<pre class=\"wp-block-code\"><code>    cout &lt;&lt; \"\\nFactorial=\" &lt;&lt; produs;<\/code><\/pre>\n\n\n\n<p>Afi\u0219eaz\u0103 valoarea factorialului.<\/p>\n\n\n\n<pre class=\"wp-block-code\"><code>    return 0;\n}<\/code><\/pre>\n\n\n\n<p>\u00cencheie func\u021bia <code>main<\/code>. <code>0<\/code> \u00eenseamn\u0103 c\u0103 programul s-a executat cu succes.<\/p>\n\n\n\n<h3 class=\"wp-block-heading\">Exemplu de rulare:<\/h3>\n\n\n\n<p>Dac\u0103 introduci <code>n = 4<\/code>, programul va afi\u0219a:<\/p>\n\n\n\n<pre class=\"wp-block-code\"><code>Dati numarul n=1 2 3 4 \nSuma=10\nFactorial=24<\/code><\/pre>\n\n\n\n<h2 class=\"wp-block-heading\">Tem\u0103:<\/h2>\n\n\n\n<ol class=\"wp-block-list\">\n<li>S\u0103 se explice programul de mai sus linie cu linie. <\/li>\n\n\n\n<li>S\u0103 se modifice programul de mai sus astfel \u00eenc\u00e2t s\u0103 se elimine de tot variabila contor i  \u0219i s\u0103 se p\u0103streze doar variabila n (nota 10).<\/li>\n<\/ol>\n","protected":false},"excerpt":{"rendered":"<p>Repet\u0103 o instruc\u021biune sau o mul\u021bime de instruc\u021biuni c\u00e2t timp este adev\u0103rat\u0103 o condi\u021bie. Fiecare repetare a instruc\u021biunilor (adic\u0103 fiecare pas) se nume\u0219te itera\u021bie iar programul se nume\u0219te iterativ. Mul\u021bimea total\u0103 de itera\u021bii realizate pentru ajungerea la un rezultat se nume\u0219te bucl\u0103. Vom realiza un program care: Explica\u021bie linie cu linie: Include biblioteca standard C++ [&hellip;]<\/p>\n","protected":false},"author":1,"featured_media":0,"parent":160,"menu_order":0,"comment_status":"closed","ping_status":"closed","template":"","meta":{"_FSMCFIC_featured_image_caption":"","_FSMCFIC_featured_image_nocaption":"","_FSMCFIC_featured_image_hide":"","footnotes":""},"class_list":["post-186","page","type-page","status-publish","hentry"],"yoast_head":"<!-- This site is optimized with the Yoast SEO plugin v27.4 - https:\/\/yoast.com\/product\/yoast-seo-wordpress\/ -->\n<title>M5 L4 Instruc\u021biunea repetitiv\u0103 cu test ini\u021bial - Clasa a VI-a InfMix<\/title>\n<meta name=\"robots\" content=\"index, follow, max-snippet:-1, max-image-preview:large, max-video-preview:-1\" \/>\n<link rel=\"canonical\" href=\"https:\/\/infmix.ro\/a6a\/modul-5-limbaje-de-programare\/m5-l4-instructiunea-repetitiva-cu-test-initial\/\" \/>\n<meta property=\"og:locale\" content=\"ro_RO\" \/>\n<meta property=\"og:type\" content=\"article\" \/>\n<meta property=\"og:title\" content=\"M5 L4 Instruc\u021biunea repetitiv\u0103 cu test ini\u021bial - Clasa a VI-a InfMix\" \/>\n<meta property=\"og:description\" content=\"Repet\u0103 o instruc\u021biune sau o mul\u021bime de instruc\u021biuni c\u00e2t timp este adev\u0103rat\u0103 o condi\u021bie. Fiecare repetare a instruc\u021biunilor (adic\u0103 fiecare pas) se nume\u0219te itera\u021bie iar programul se nume\u0219te iterativ. Mul\u021bimea total\u0103 de itera\u021bii realizate pentru ajungerea la un rezultat se nume\u0219te bucl\u0103. Vom realiza un program care: Explica\u021bie linie cu linie: Include biblioteca standard C++ [&hellip;]\" \/>\n<meta property=\"og:url\" content=\"https:\/\/infmix.ro\/a6a\/modul-5-limbaje-de-programare\/m5-l4-instructiunea-repetitiva-cu-test-initial\/\" \/>\n<meta property=\"og:site_name\" content=\"Clasa a VI-a InfMix\" \/>\n<meta property=\"article:modified_time\" content=\"2025-05-26T04:20:44+00:00\" \/>\n<meta name=\"twitter:card\" content=\"summary_large_image\" \/>\n<meta name=\"twitter:label1\" content=\"Timp estimat pentru citire\" \/>\n\t<meta name=\"twitter:data1\" content=\"3 minute\" \/>\n<script type=\"application\/ld+json\" class=\"yoast-schema-graph\">{\"@context\":\"https:\\\/\\\/schema.org\",\"@graph\":[{\"@type\":\"WebPage\",\"@id\":\"https:\\\/\\\/infmix.ro\\\/a6a\\\/modul-5-limbaje-de-programare\\\/m5-l4-instructiunea-repetitiva-cu-test-initial\\\/\",\"url\":\"https:\\\/\\\/infmix.ro\\\/a6a\\\/modul-5-limbaje-de-programare\\\/m5-l4-instructiunea-repetitiva-cu-test-initial\\\/\",\"name\":\"M5 L4 Instruc\u021biunea repetitiv\u0103 cu test ini\u021bial - Clasa a VI-a InfMix\",\"isPartOf\":{\"@id\":\"https:\\\/\\\/infmix.ro\\\/a6a\\\/#website\"},\"primaryImageOfPage\":{\"@id\":\"https:\\\/\\\/infmix.ro\\\/a6a\\\/modul-5-limbaje-de-programare\\\/m5-l4-instructiunea-repetitiva-cu-test-initial\\\/#primaryimage\"},\"image\":{\"@id\":\"https:\\\/\\\/infmix.ro\\\/a6a\\\/modul-5-limbaje-de-programare\\\/m5-l4-instructiunea-repetitiva-cu-test-initial\\\/#primaryimage\"},\"thumbnailUrl\":\"https:\\\/\\\/infmix.ro\\\/wp-content\\\/uploads\\\/2024\\\/04\\\/irti-1024x576.jpg\",\"datePublished\":\"2025-05-26T03:44:07+00:00\",\"dateModified\":\"2025-05-26T04:20:44+00:00\",\"breadcrumb\":{\"@id\":\"https:\\\/\\\/infmix.ro\\\/a6a\\\/modul-5-limbaje-de-programare\\\/m5-l4-instructiunea-repetitiva-cu-test-initial\\\/#breadcrumb\"},\"inLanguage\":\"ro-RO\",\"potentialAction\":[{\"@type\":\"ReadAction\",\"target\":[\"https:\\\/\\\/infmix.ro\\\/a6a\\\/modul-5-limbaje-de-programare\\\/m5-l4-instructiunea-repetitiva-cu-test-initial\\\/\"]}]},{\"@type\":\"ImageObject\",\"inLanguage\":\"ro-RO\",\"@id\":\"https:\\\/\\\/infmix.ro\\\/a6a\\\/modul-5-limbaje-de-programare\\\/m5-l4-instructiunea-repetitiva-cu-test-initial\\\/#primaryimage\",\"url\":\"https:\\\/\\\/infmix.ro\\\/wp-content\\\/uploads\\\/2024\\\/04\\\/irti-1024x576.jpg\",\"contentUrl\":\"https:\\\/\\\/infmix.ro\\\/wp-content\\\/uploads\\\/2024\\\/04\\\/irti-1024x576.jpg\"},{\"@type\":\"BreadcrumbList\",\"@id\":\"https:\\\/\\\/infmix.ro\\\/a6a\\\/modul-5-limbaje-de-programare\\\/m5-l4-instructiunea-repetitiva-cu-test-initial\\\/#breadcrumb\",\"itemListElement\":[{\"@type\":\"ListItem\",\"position\":1,\"name\":\"Prima pagin\u0103\",\"item\":\"https:\\\/\\\/infmix.ro\\\/a6a\\\/\"},{\"@type\":\"ListItem\",\"position\":2,\"name\":\"Modul 5 Limbaje de programare\",\"item\":\"https:\\\/\\\/infmix.ro\\\/a6a\\\/modul-5-limbaje-de-programare\\\/\"},{\"@type\":\"ListItem\",\"position\":3,\"name\":\"M5 L4 Instruc\u021biunea repetitiv\u0103 cu test ini\u021bial\"}]},{\"@type\":\"WebSite\",\"@id\":\"https:\\\/\\\/infmix.ro\\\/a6a\\\/#website\",\"url\":\"https:\\\/\\\/infmix.ro\\\/a6a\\\/\",\"name\":\"Clasa a VI-a InfMix\",\"description\":\"Informa\u021bia a\u0219a cum o pute\u021bi imagina\",\"publisher\":{\"@id\":\"https:\\\/\\\/infmix.ro\\\/a6a\\\/#\\\/schema\\\/person\\\/2cebfe49f5302ee541291ee8efcc004d\"},\"potentialAction\":[{\"@type\":\"SearchAction\",\"target\":{\"@type\":\"EntryPoint\",\"urlTemplate\":\"https:\\\/\\\/infmix.ro\\\/a6a\\\/?s={search_term_string}\"},\"query-input\":{\"@type\":\"PropertyValueSpecification\",\"valueRequired\":true,\"valueName\":\"search_term_string\"}}],\"inLanguage\":\"ro-RO\"},{\"@type\":[\"Person\",\"Organization\"],\"@id\":\"https:\\\/\\\/infmix.ro\\\/a6a\\\/#\\\/schema\\\/person\\\/2cebfe49f5302ee541291ee8efcc004d\",\"name\":\"Profu DeInfo\",\"image\":{\"@type\":\"ImageObject\",\"inLanguage\":\"ro-RO\",\"@id\":\"https:\\\/\\\/infmix.ro\\\/a6a\\\/wp-content\\\/uploads\\\/sites\\\/2\\\/2024\\\/11\\\/64colorchanger.png\",\"url\":\"https:\\\/\\\/infmix.ro\\\/a6a\\\/wp-content\\\/uploads\\\/sites\\\/2\\\/2024\\\/11\\\/64colorchanger.png\",\"contentUrl\":\"https:\\\/\\\/infmix.ro\\\/a6a\\\/wp-content\\\/uploads\\\/sites\\\/2\\\/2024\\\/11\\\/64colorchanger.png\",\"width\":64,\"height\":64,\"caption\":\"Profu DeInfo\"},\"logo\":{\"@id\":\"https:\\\/\\\/infmix.ro\\\/a6a\\\/wp-content\\\/uploads\\\/sites\\\/2\\\/2024\\\/11\\\/64colorchanger.png\"},\"sameAs\":[\"https:\\\/\\\/infmix.ro\"]}]}<\/script>\n<!-- \/ Yoast SEO plugin. -->","yoast_head_json":{"title":"M5 L4 Instruc\u021biunea repetitiv\u0103 cu test ini\u021bial - Clasa a VI-a InfMix","robots":{"index":"index","follow":"follow","max-snippet":"max-snippet:-1","max-image-preview":"max-image-preview:large","max-video-preview":"max-video-preview:-1"},"canonical":"https:\/\/infmix.ro\/a6a\/modul-5-limbaje-de-programare\/m5-l4-instructiunea-repetitiva-cu-test-initial\/","og_locale":"ro_RO","og_type":"article","og_title":"M5 L4 Instruc\u021biunea repetitiv\u0103 cu test ini\u021bial - Clasa a VI-a InfMix","og_description":"Repet\u0103 o instruc\u021biune sau o mul\u021bime de instruc\u021biuni c\u00e2t timp este adev\u0103rat\u0103 o condi\u021bie. Fiecare repetare a instruc\u021biunilor (adic\u0103 fiecare pas) se nume\u0219te itera\u021bie iar programul se nume\u0219te iterativ. Mul\u021bimea total\u0103 de itera\u021bii realizate pentru ajungerea la un rezultat se nume\u0219te bucl\u0103. Vom realiza un program care: Explica\u021bie linie cu linie: Include biblioteca standard C++ [&hellip;]","og_url":"https:\/\/infmix.ro\/a6a\/modul-5-limbaje-de-programare\/m5-l4-instructiunea-repetitiva-cu-test-initial\/","og_site_name":"Clasa a VI-a InfMix","article_modified_time":"2025-05-26T04:20:44+00:00","twitter_card":"summary_large_image","twitter_misc":{"Timp estimat pentru citire":"3 minute"},"schema":{"@context":"https:\/\/schema.org","@graph":[{"@type":"WebPage","@id":"https:\/\/infmix.ro\/a6a\/modul-5-limbaje-de-programare\/m5-l4-instructiunea-repetitiva-cu-test-initial\/","url":"https:\/\/infmix.ro\/a6a\/modul-5-limbaje-de-programare\/m5-l4-instructiunea-repetitiva-cu-test-initial\/","name":"M5 L4 Instruc\u021biunea repetitiv\u0103 cu test ini\u021bial - Clasa a VI-a InfMix","isPartOf":{"@id":"https:\/\/infmix.ro\/a6a\/#website"},"primaryImageOfPage":{"@id":"https:\/\/infmix.ro\/a6a\/modul-5-limbaje-de-programare\/m5-l4-instructiunea-repetitiva-cu-test-initial\/#primaryimage"},"image":{"@id":"https:\/\/infmix.ro\/a6a\/modul-5-limbaje-de-programare\/m5-l4-instructiunea-repetitiva-cu-test-initial\/#primaryimage"},"thumbnailUrl":"https:\/\/infmix.ro\/wp-content\/uploads\/2024\/04\/irti-1024x576.jpg","datePublished":"2025-05-26T03:44:07+00:00","dateModified":"2025-05-26T04:20:44+00:00","breadcrumb":{"@id":"https:\/\/infmix.ro\/a6a\/modul-5-limbaje-de-programare\/m5-l4-instructiunea-repetitiva-cu-test-initial\/#breadcrumb"},"inLanguage":"ro-RO","potentialAction":[{"@type":"ReadAction","target":["https:\/\/infmix.ro\/a6a\/modul-5-limbaje-de-programare\/m5-l4-instructiunea-repetitiva-cu-test-initial\/"]}]},{"@type":"ImageObject","inLanguage":"ro-RO","@id":"https:\/\/infmix.ro\/a6a\/modul-5-limbaje-de-programare\/m5-l4-instructiunea-repetitiva-cu-test-initial\/#primaryimage","url":"https:\/\/infmix.ro\/wp-content\/uploads\/2024\/04\/irti-1024x576.jpg","contentUrl":"https:\/\/infmix.ro\/wp-content\/uploads\/2024\/04\/irti-1024x576.jpg"},{"@type":"BreadcrumbList","@id":"https:\/\/infmix.ro\/a6a\/modul-5-limbaje-de-programare\/m5-l4-instructiunea-repetitiva-cu-test-initial\/#breadcrumb","itemListElement":[{"@type":"ListItem","position":1,"name":"Prima pagin\u0103","item":"https:\/\/infmix.ro\/a6a\/"},{"@type":"ListItem","position":2,"name":"Modul 5 Limbaje de programare","item":"https:\/\/infmix.ro\/a6a\/modul-5-limbaje-de-programare\/"},{"@type":"ListItem","position":3,"name":"M5 L4 Instruc\u021biunea repetitiv\u0103 cu test ini\u021bial"}]},{"@type":"WebSite","@id":"https:\/\/infmix.ro\/a6a\/#website","url":"https:\/\/infmix.ro\/a6a\/","name":"Clasa a VI-a InfMix","description":"Informa\u021bia a\u0219a cum o pute\u021bi imagina","publisher":{"@id":"https:\/\/infmix.ro\/a6a\/#\/schema\/person\/2cebfe49f5302ee541291ee8efcc004d"},"potentialAction":[{"@type":"SearchAction","target":{"@type":"EntryPoint","urlTemplate":"https:\/\/infmix.ro\/a6a\/?s={search_term_string}"},"query-input":{"@type":"PropertyValueSpecification","valueRequired":true,"valueName":"search_term_string"}}],"inLanguage":"ro-RO"},{"@type":["Person","Organization"],"@id":"https:\/\/infmix.ro\/a6a\/#\/schema\/person\/2cebfe49f5302ee541291ee8efcc004d","name":"Profu DeInfo","image":{"@type":"ImageObject","inLanguage":"ro-RO","@id":"https:\/\/infmix.ro\/a6a\/wp-content\/uploads\/sites\/2\/2024\/11\/64colorchanger.png","url":"https:\/\/infmix.ro\/a6a\/wp-content\/uploads\/sites\/2\/2024\/11\/64colorchanger.png","contentUrl":"https:\/\/infmix.ro\/a6a\/wp-content\/uploads\/sites\/2\/2024\/11\/64colorchanger.png","width":64,"height":64,"caption":"Profu DeInfo"},"logo":{"@id":"https:\/\/infmix.ro\/a6a\/wp-content\/uploads\/sites\/2\/2024\/11\/64colorchanger.png"},"sameAs":["https:\/\/infmix.ro"]}]}},"_links":{"self":[{"href":"https:\/\/infmix.ro\/a6a\/wp-json\/wp\/v2\/pages\/186","targetHints":{"allow":["GET"]}}],"collection":[{"href":"https:\/\/infmix.ro\/a6a\/wp-json\/wp\/v2\/pages"}],"about":[{"href":"https:\/\/infmix.ro\/a6a\/wp-json\/wp\/v2\/types\/page"}],"author":[{"embeddable":true,"href":"https:\/\/infmix.ro\/a6a\/wp-json\/wp\/v2\/users\/1"}],"replies":[{"embeddable":true,"href":"https:\/\/infmix.ro\/a6a\/wp-json\/wp\/v2\/comments?post=186"}],"version-history":[{"count":6,"href":"https:\/\/infmix.ro\/a6a\/wp-json\/wp\/v2\/pages\/186\/revisions"}],"predecessor-version":[{"id":195,"href":"https:\/\/infmix.ro\/a6a\/wp-json\/wp\/v2\/pages\/186\/revisions\/195"}],"up":[{"embeddable":true,"href":"https:\/\/infmix.ro\/a6a\/wp-json\/wp\/v2\/pages\/160"}],"wp:attachment":[{"href":"https:\/\/infmix.ro\/a6a\/wp-json\/wp\/v2\/media?parent=186"}],"curies":[{"name":"wp","href":"https:\/\/api.w.org\/{rel}","templated":true}]}}