{"id":18,"date":"2024-09-23T05:08:21","date_gmt":"2024-09-23T05:08:21","guid":{"rendered":"https:\/\/infmix.ro\/a6a\/?page_id=18"},"modified":"2024-09-30T02:18:00","modified_gmt":"2024-09-30T02:18:00","slug":"m1-l1-sistemul-de-calcul","status":"publish","type":"page","link":"https:\/\/infmix.ro\/a6a\/m1\/m1-l1-sistemul-de-calcul\/","title":{"rendered":"M1 L1 Sistemul de calcul"},"content":{"rendered":"\n<ul class=\"wp-block-list\">\n<li><strong>microprocesorul<\/strong> = <strong>procesorul <\/strong>= creierul calculatorului\n<ul class=\"wp-block-list\">\n<li><em>programabil \u00een timpul func\u021bion\u0103rii<\/em> <\/li>\n<\/ul>\n<\/li>\n\n\n\n<li><strong>memoria<\/strong>\n<ul class=\"wp-block-list\">\n<li><em><mark style=\"background-color:rgba(0, 0, 0, 0)\" class=\"has-inline-color has-vivid-red-color\">intern\u0103<\/mark><\/em> (eng. <mark style=\"background-color:rgba(0, 0, 0, 0)\" class=\"has-inline-color has-kids-red-color\">memory<\/mark>) = de lucru = principal\u0103 &#8211; f\u0103r\u0103 de care computerul nu poate func\u021biona\n<ul class=\"wp-block-list\">\n<li>R.O.M. = READ ONLY MEMORY (memorie care poate fi doar citit\u0103) -&gt; are ca soft B.I.O.S -ul.<\/li>\n\n\n\n<li>R.A.M.= RANDOM ACCESS MEMORY (memorie cu acces aleator) -&gt; memorie de lucru<\/li>\n<\/ul>\n<\/li>\n\n\n\n<li><em><mark style=\"background-color:rgba(0, 0, 0, 0)\" class=\"has-inline-color has-vivid-red-color\">extern\u0103<\/mark><\/em> (eng. <mark style=\"background-color:rgba(0, 0, 0, 0)\" class=\"has-inline-color has-kids-red-color\">storage<\/mark>) &#8211; care se poate deta\u0219a \u0219i conecta la alt computer\n<ul class=\"wp-block-list\">\n<li><mark style=\"background-color:rgba(0, 0, 0, 0)\" class=\"has-inline-color has-vivid-cyan-blue-color\">magnetic\u0103<\/mark> (electro-magnetic\u0103)\n<ul class=\"wp-block-list\">\n<li>H.D.D. (HARD DISK DRIVE)<\/li>\n\n\n\n<li>stick (flash memory)<\/li>\n\n\n\n<li>S.S.D. (SOLID STATE DRIVE)<\/li>\n<\/ul>\n<\/li>\n\n\n\n<li><mark style=\"background-color:rgba(0, 0, 0, 0)\" class=\"has-inline-color has-vivid-cyan-blue-color\">optic\u0103<\/mark>\n<ul class=\"wp-block-list\">\n<li>C.D. (COMPACT DISK)<\/li>\n\n\n\n<li>D.V.D. (DIGITAL VIDEO DISK)<\/li>\n<\/ul>\n<\/li>\n<\/ul>\n<\/li>\n<\/ul>\n<\/li>\n\n\n\n<li><strong>perifericele<\/strong> (periferie = margine) de\n<ul class=\"wp-block-list\">\n<li><em><mark style=\"background-color:rgba(0, 0, 0, 0)\" class=\"has-inline-color has-vivid-red-color\">intrare<\/mark><\/em>\n<ul class=\"wp-block-list\">\n<li>tastatur\u0103<\/li>\n\n\n\n<li>mouse<\/li>\n\n\n\n<li>microfon<\/li>\n\n\n\n<li>camer\u0103 foto\/video<\/li>\n\n\n\n<li>scaner<\/li>\n\n\n\n<li>altele (joy stick, touch pad, creion grafic, tablet\u0103 grafic\u0103)<\/li>\n<\/ul>\n<\/li>\n\n\n\n<li><em><mark style=\"background-color:rgba(0, 0, 0, 0)\" class=\"has-inline-color has-vivid-red-color\">ie\u0219ire<\/mark><\/em>\n<ul class=\"wp-block-list\">\n<li>monitor<\/li>\n\n\n\n<li>imprimant\u0103<\/li>\n\n\n\n<li>boxe\/ca\u0219ti audio<\/li>\n<\/ul>\n<\/li>\n\n\n\n<li><em><mark style=\"background-color:rgba(0, 0, 0, 0)\" class=\"has-inline-color has-vivid-red-color\">intrare\/ie\u0219ire<\/mark><\/em>\n<ul class=\"wp-block-list\">\n<li>modem (la telefoane)<\/li>\n\n\n\n<li>placa de re\u021bea<\/li>\n\n\n\n<li>blue-tooth<\/li>\n\n\n\n<li>touch &#8211; screen<\/li>\n<\/ul>\n<\/li>\n<\/ul>\n<\/li>\n<\/ul>\n\n\n\n<p>\u00cen videoclipul de mai jos sunt descrise componentele \u0219i rolul lor. Videoclipul \u00eencepe cu prezentarea arhitecturii von Newman care reprezint\u0103 principiul de func\u021bionare a majorit\u0103\u021bii sistemelor de calcul.<\/p>\n\n\n\n<figure class=\"wp-block-embed is-type-video is-provider-youtube wp-block-embed-youtube wp-embed-aspect-16-9 wp-has-aspect-ratio\"><div class=\"wp-block-embed__wrapper\">\n<iframe loading=\"lazy\" title=\"04.00 sistemul de calcul\" width=\"729\" height=\"410\" src=\"https:\/\/www.youtube.com\/embed\/1rL_wFgsQiI?feature=oembed\" frameborder=\"0\" allow=\"accelerometer; autoplay; clipboard-write; encrypted-media; gyroscope; picture-in-picture; web-share\" referrerpolicy=\"strict-origin-when-cross-origin\" allowfullscreen><\/iframe>\n<\/div><figcaption class=\"wp-element-caption\">Sistemul de calcul<\/figcaption><\/figure>\n\n\n\n<p><strong>\u00centreb\u0103ri<\/strong>:<\/p>\n\n\n\n<ol class=\"wp-block-list\">\n<li>Ce este <strong>microprocesorul<\/strong>?<\/li>\n\n\n\n<li>De c\u00e2te tipuri este <strong>memoria <\/strong>calculatoarelor?<\/li>\n\n\n\n<li>Ce \u00eenseamn\u0103 R.O.M.?<\/li>\n\n\n\n<li>Ce \u00eenseamn\u0103 R.A.M.?<\/li>\n\n\n\n<li>Enumera\u021bi suporturi de memorie <strong>extern\u0103<\/strong>.<\/li>\n\n\n\n<li>Enumera\u021bi periferice de <strong>intrare<\/strong>.<\/li>\n\n\n\n<li>Enumera\u021bi periferice de <strong>ie\u0219ire<\/strong>.<\/li>\n\n\n\n<li>Enumera\u021bi periferice de <strong>intrare\/ie\u0219ire<\/strong>.<\/li>\n<\/ol>\n\n\n<p>[ays_quiz id=&#8217;2&#8242;]<\/p>\n","protected":false},"excerpt":{"rendered":"<p>\u00cen videoclipul de mai jos sunt descrise componentele \u0219i rolul lor. Videoclipul \u00eencepe cu prezentarea arhitecturii von Newman care reprezint\u0103 principiul de func\u021bionare a majorit\u0103\u021bii sistemelor de calcul. \u00centreb\u0103ri:<\/p>\n","protected":false},"author":1,"featured_media":0,"parent":12,"menu_order":0,"comment_status":"closed","ping_status":"closed","template":"","meta":{"_FSMCFIC_featured_image_caption":"","_FSMCFIC_featured_image_nocaption":"","_FSMCFIC_featured_image_hide":"","footnotes":""},"class_list":["post-18","page","type-page","status-publish","hentry"],"yoast_head":"<!-- This site is optimized with the Yoast SEO plugin v27.4 - https:\/\/yoast.com\/product\/yoast-seo-wordpress\/ -->\n<title>M1 L1 Sistemul de calcul - Clasa a VI-a InfMix<\/title>\n<meta name=\"robots\" content=\"index, follow, max-snippet:-1, max-image-preview:large, max-video-preview:-1\" \/>\n<link rel=\"canonical\" href=\"https:\/\/infmix.ro\/a6a\/m1\/m1-l1-sistemul-de-calcul\/\" \/>\n<meta property=\"og:locale\" content=\"ro_RO\" \/>\n<meta property=\"og:type\" content=\"article\" \/>\n<meta property=\"og:title\" content=\"M1 L1 Sistemul de calcul - Clasa a VI-a InfMix\" \/>\n<meta property=\"og:description\" content=\"\u00cen videoclipul de mai jos sunt descrise componentele \u0219i rolul lor. Videoclipul \u00eencepe cu prezentarea arhitecturii von Newman care reprezint\u0103 principiul de func\u021bionare a majorit\u0103\u021bii sistemelor de calcul. \u00centreb\u0103ri:\" \/>\n<meta property=\"og:url\" content=\"https:\/\/infmix.ro\/a6a\/m1\/m1-l1-sistemul-de-calcul\/\" \/>\n<meta property=\"og:site_name\" content=\"Clasa a VI-a InfMix\" \/>\n<meta property=\"article:modified_time\" content=\"2024-09-30T02:18:00+00:00\" \/>\n<meta name=\"twitter:card\" content=\"summary_large_image\" \/>\n<meta name=\"twitter:label1\" content=\"Timp estimat pentru citire\" \/>\n\t<meta name=\"twitter:data1\" content=\"2 minute\" \/>\n<script type=\"application\/ld+json\" class=\"yoast-schema-graph\">{\"@context\":\"https:\\\/\\\/schema.org\",\"@graph\":[{\"@type\":\"WebPage\",\"@id\":\"https:\\\/\\\/infmix.ro\\\/a6a\\\/m1\\\/m1-l1-sistemul-de-calcul\\\/\",\"url\":\"https:\\\/\\\/infmix.ro\\\/a6a\\\/m1\\\/m1-l1-sistemul-de-calcul\\\/\",\"name\":\"M1 L1 Sistemul de calcul - Clasa a VI-a InfMix\",\"isPartOf\":{\"@id\":\"https:\\\/\\\/infmix.ro\\\/a6a\\\/#website\"},\"datePublished\":\"2024-09-23T05:08:21+00:00\",\"dateModified\":\"2024-09-30T02:18:00+00:00\",\"breadcrumb\":{\"@id\":\"https:\\\/\\\/infmix.ro\\\/a6a\\\/m1\\\/m1-l1-sistemul-de-calcul\\\/#breadcrumb\"},\"inLanguage\":\"ro-RO\",\"potentialAction\":[{\"@type\":\"ReadAction\",\"target\":[\"https:\\\/\\\/infmix.ro\\\/a6a\\\/m1\\\/m1-l1-sistemul-de-calcul\\\/\"]}]},{\"@type\":\"BreadcrumbList\",\"@id\":\"https:\\\/\\\/infmix.ro\\\/a6a\\\/m1\\\/m1-l1-sistemul-de-calcul\\\/#breadcrumb\",\"itemListElement\":[{\"@type\":\"ListItem\",\"position\":1,\"name\":\"Prima pagin\u0103\",\"item\":\"https:\\\/\\\/infmix.ro\\\/a6a\\\/\"},{\"@type\":\"ListItem\",\"position\":2,\"name\":\"M1\",\"item\":\"https:\\\/\\\/infmix.ro\\\/a6a\\\/m1\\\/\"},{\"@type\":\"ListItem\",\"position\":3,\"name\":\"M1 L1 Sistemul de calcul\"}]},{\"@type\":\"WebSite\",\"@id\":\"https:\\\/\\\/infmix.ro\\\/a6a\\\/#website\",\"url\":\"https:\\\/\\\/infmix.ro\\\/a6a\\\/\",\"name\":\"Clasa a VI-a InfMix\",\"description\":\"Informa\u021bia a\u0219a cum o pute\u021bi imagina\",\"publisher\":{\"@id\":\"https:\\\/\\\/infmix.ro\\\/a6a\\\/#\\\/schema\\\/person\\\/2cebfe49f5302ee541291ee8efcc004d\"},\"potentialAction\":[{\"@type\":\"SearchAction\",\"target\":{\"@type\":\"EntryPoint\",\"urlTemplate\":\"https:\\\/\\\/infmix.ro\\\/a6a\\\/?s={search_term_string}\"},\"query-input\":{\"@type\":\"PropertyValueSpecification\",\"valueRequired\":true,\"valueName\":\"search_term_string\"}}],\"inLanguage\":\"ro-RO\"},{\"@type\":[\"Person\",\"Organization\"],\"@id\":\"https:\\\/\\\/infmix.ro\\\/a6a\\\/#\\\/schema\\\/person\\\/2cebfe49f5302ee541291ee8efcc004d\",\"name\":\"Profu DeInfo\",\"image\":{\"@type\":\"ImageObject\",\"inLanguage\":\"ro-RO\",\"@id\":\"https:\\\/\\\/infmix.ro\\\/a6a\\\/wp-content\\\/uploads\\\/sites\\\/2\\\/2024\\\/11\\\/64colorchanger.png\",\"url\":\"https:\\\/\\\/infmix.ro\\\/a6a\\\/wp-content\\\/uploads\\\/sites\\\/2\\\/2024\\\/11\\\/64colorchanger.png\",\"contentUrl\":\"https:\\\/\\\/infmix.ro\\\/a6a\\\/wp-content\\\/uploads\\\/sites\\\/2\\\/2024\\\/11\\\/64colorchanger.png\",\"width\":64,\"height\":64,\"caption\":\"Profu DeInfo\"},\"logo\":{\"@id\":\"https:\\\/\\\/infmix.ro\\\/a6a\\\/wp-content\\\/uploads\\\/sites\\\/2\\\/2024\\\/11\\\/64colorchanger.png\"},\"sameAs\":[\"https:\\\/\\\/infmix.ro\"]}]}<\/script>\n<!-- \/ Yoast SEO plugin. -->","yoast_head_json":{"title":"M1 L1 Sistemul de calcul - Clasa a VI-a InfMix","robots":{"index":"index","follow":"follow","max-snippet":"max-snippet:-1","max-image-preview":"max-image-preview:large","max-video-preview":"max-video-preview:-1"},"canonical":"https:\/\/infmix.ro\/a6a\/m1\/m1-l1-sistemul-de-calcul\/","og_locale":"ro_RO","og_type":"article","og_title":"M1 L1 Sistemul de calcul - Clasa a VI-a InfMix","og_description":"\u00cen videoclipul de mai jos sunt descrise componentele \u0219i rolul lor. Videoclipul \u00eencepe cu prezentarea arhitecturii von Newman care reprezint\u0103 principiul de func\u021bionare a majorit\u0103\u021bii sistemelor de calcul. \u00centreb\u0103ri:","og_url":"https:\/\/infmix.ro\/a6a\/m1\/m1-l1-sistemul-de-calcul\/","og_site_name":"Clasa a VI-a InfMix","article_modified_time":"2024-09-30T02:18:00+00:00","twitter_card":"summary_large_image","twitter_misc":{"Timp estimat pentru citire":"2 minute"},"schema":{"@context":"https:\/\/schema.org","@graph":[{"@type":"WebPage","@id":"https:\/\/infmix.ro\/a6a\/m1\/m1-l1-sistemul-de-calcul\/","url":"https:\/\/infmix.ro\/a6a\/m1\/m1-l1-sistemul-de-calcul\/","name":"M1 L1 Sistemul de calcul - Clasa a VI-a InfMix","isPartOf":{"@id":"https:\/\/infmix.ro\/a6a\/#website"},"datePublished":"2024-09-23T05:08:21+00:00","dateModified":"2024-09-30T02:18:00+00:00","breadcrumb":{"@id":"https:\/\/infmix.ro\/a6a\/m1\/m1-l1-sistemul-de-calcul\/#breadcrumb"},"inLanguage":"ro-RO","potentialAction":[{"@type":"ReadAction","target":["https:\/\/infmix.ro\/a6a\/m1\/m1-l1-sistemul-de-calcul\/"]}]},{"@type":"BreadcrumbList","@id":"https:\/\/infmix.ro\/a6a\/m1\/m1-l1-sistemul-de-calcul\/#breadcrumb","itemListElement":[{"@type":"ListItem","position":1,"name":"Prima pagin\u0103","item":"https:\/\/infmix.ro\/a6a\/"},{"@type":"ListItem","position":2,"name":"M1","item":"https:\/\/infmix.ro\/a6a\/m1\/"},{"@type":"ListItem","position":3,"name":"M1 L1 Sistemul de calcul"}]},{"@type":"WebSite","@id":"https:\/\/infmix.ro\/a6a\/#website","url":"https:\/\/infmix.ro\/a6a\/","name":"Clasa a VI-a InfMix","description":"Informa\u021bia a\u0219a cum o pute\u021bi imagina","publisher":{"@id":"https:\/\/infmix.ro\/a6a\/#\/schema\/person\/2cebfe49f5302ee541291ee8efcc004d"},"potentialAction":[{"@type":"SearchAction","target":{"@type":"EntryPoint","urlTemplate":"https:\/\/infmix.ro\/a6a\/?s={search_term_string}"},"query-input":{"@type":"PropertyValueSpecification","valueRequired":true,"valueName":"search_term_string"}}],"inLanguage":"ro-RO"},{"@type":["Person","Organization"],"@id":"https:\/\/infmix.ro\/a6a\/#\/schema\/person\/2cebfe49f5302ee541291ee8efcc004d","name":"Profu DeInfo","image":{"@type":"ImageObject","inLanguage":"ro-RO","@id":"https:\/\/infmix.ro\/a6a\/wp-content\/uploads\/sites\/2\/2024\/11\/64colorchanger.png","url":"https:\/\/infmix.ro\/a6a\/wp-content\/uploads\/sites\/2\/2024\/11\/64colorchanger.png","contentUrl":"https:\/\/infmix.ro\/a6a\/wp-content\/uploads\/sites\/2\/2024\/11\/64colorchanger.png","width":64,"height":64,"caption":"Profu DeInfo"},"logo":{"@id":"https:\/\/infmix.ro\/a6a\/wp-content\/uploads\/sites\/2\/2024\/11\/64colorchanger.png"},"sameAs":["https:\/\/infmix.ro"]}]}},"_links":{"self":[{"href":"https:\/\/infmix.ro\/a6a\/wp-json\/wp\/v2\/pages\/18","targetHints":{"allow":["GET"]}}],"collection":[{"href":"https:\/\/infmix.ro\/a6a\/wp-json\/wp\/v2\/pages"}],"about":[{"href":"https:\/\/infmix.ro\/a6a\/wp-json\/wp\/v2\/types\/page"}],"author":[{"embeddable":true,"href":"https:\/\/infmix.ro\/a6a\/wp-json\/wp\/v2\/users\/1"}],"replies":[{"embeddable":true,"href":"https:\/\/infmix.ro\/a6a\/wp-json\/wp\/v2\/comments?post=18"}],"version-history":[{"count":3,"href":"https:\/\/infmix.ro\/a6a\/wp-json\/wp\/v2\/pages\/18\/revisions"}],"predecessor-version":[{"id":25,"href":"https:\/\/infmix.ro\/a6a\/wp-json\/wp\/v2\/pages\/18\/revisions\/25"}],"up":[{"embeddable":true,"href":"https:\/\/infmix.ro\/a6a\/wp-json\/wp\/v2\/pages\/12"}],"wp:attachment":[{"href":"https:\/\/infmix.ro\/a6a\/wp-json\/wp\/v2\/media?parent=18"}],"curies":[{"name":"wp","href":"https:\/\/api.w.org\/{rel}","templated":true}]}}