{"id":160,"date":"2025-05-05T06:21:14","date_gmt":"2025-05-05T06:21:14","guid":{"rendered":"https:\/\/infmix.ro\/a6a\/?page_id=160"},"modified":"2026-04-14T08:03:57","modified_gmt":"2026-04-14T08:03:57","slug":"modul-5-limbaje-de-programare","status":"publish","type":"page","link":"https:\/\/infmix.ro\/a6a\/modul-5-limbaje-de-programare\/","title":{"rendered":"Modul 5 Limbaje de programare"},"content":{"rendered":"\n<p>Calculatorul este o ma\u0219in\u0103 ce func\u021bioneaz\u0103 execut\u00e2nd un program memorat. Un program este o list\u0103 de instruc\u021biuni scrise \u00eentr-un limbaj de programare.<\/p>\n\n\n\n<p>Pentru a concepe un program omul trebuie s\u0103 g\u0103seasc\u0103 un algoritm de rezolvare a problemei. Algoritmul este o re\u021bet\u0103, adic\u0103 o succesiune de pa\u0219i ce trebuie efectua\u021bi pentru ajungerea la un rezultat. Algoritmul trebuie s\u0103 fie clar \u0219i general. Claritatea \u00eenseamn\u0103 c\u0103 fiecare pas trebuie s\u0103 fie definit logic cu finalitate exact\u0103. Generalitatea \u00eenseamn\u0103 c\u0103 algoritmul g\u0103sit trebuie s\u0103 rezolve toate problemele de acela\u0219i tip.<\/p>\n\n\n\n<p>Traducerea algoritmului \u00eentr-un limbaj de programare se nume\u0219te program.<\/p>\n\n\n\n<p>Un program \u00een execu\u021bie se nume\u0219te proces.<\/p>\n\n\n\n<p>\u00centreb\u0103ri:<\/p>\n\n\n\n<ol class=\"wp-block-list\">\n<li>Cum func\u021bioneaz\u0103 un calculator?<\/li>\n\n\n\n<li>Ce este un program?<\/li>\n\n\n\n<li>Ce este un algoritm?<\/li>\n\n\n\n<li>Cum trebuie s\u0103 fie un algoritm?<\/li>\n\n\n\n<li>Ce este claritatea la un algoritm?<\/li>\n\n\n\n<li>Ce este generalitatea la un algoritm?<\/li>\n\n\n\n<li>Cum se nume\u0219te un program \u00een execu\u021bie?<\/li>\n<\/ol>\n\n\n\n<div class = \"hdq_quiz_wrapper\"><a href = \"https:\/\/infmix.ro\/a6a\/modul-5-limbaje-de-programare\/\" rel=\"noamphtml\" class = \"hdq_quiz_start hdq_button button\" role = \"button\">QUIZ START<\/a><\/div>\n","protected":false},"excerpt":{"rendered":"<p>Calculatorul este o ma\u0219in\u0103 ce func\u021bioneaz\u0103 execut\u00e2nd un program memorat. Un program este o list\u0103 de instruc\u021biuni scrise \u00eentr-un limbaj de programare. Pentru a concepe un program omul trebuie s\u0103 g\u0103seasc\u0103 un algoritm de rezolvare a problemei. Algoritmul este o re\u021bet\u0103, adic\u0103 o succesiune de pa\u0219i ce trebuie efectua\u021bi pentru ajungerea la un rezultat. Algoritmul [&hellip;]<\/p>\n","protected":false},"author":1,"featured_media":0,"parent":0,"menu_order":0,"comment_status":"closed","ping_status":"closed","template":"","meta":{"_FSMCFIC_featured_image_caption":"","_FSMCFIC_featured_image_nocaption":"","_FSMCFIC_featured_image_hide":"","footnotes":""},"class_list":["post-160","page","type-page","status-publish","hentry"],"yoast_head":"<!-- This site is optimized with the Yoast SEO plugin v27.4 - https:\/\/yoast.com\/product\/yoast-seo-wordpress\/ -->\n<title>Modul 5 Limbaje de programare - Clasa a VI-a InfMix<\/title>\n<meta name=\"robots\" content=\"index, follow, max-snippet:-1, max-image-preview:large, max-video-preview:-1\" \/>\n<link rel=\"canonical\" href=\"https:\/\/infmix.ro\/a6a\/modul-5-limbaje-de-programare\/\" \/>\n<meta property=\"og:locale\" content=\"ro_RO\" \/>\n<meta property=\"og:type\" content=\"article\" \/>\n<meta property=\"og:title\" content=\"Modul 5 Limbaje de programare - Clasa a VI-a InfMix\" \/>\n<meta property=\"og:description\" content=\"Calculatorul este o ma\u0219in\u0103 ce func\u021bioneaz\u0103 execut\u00e2nd un program memorat. Un program este o list\u0103 de instruc\u021biuni scrise \u00eentr-un limbaj de programare. Pentru a concepe un program omul trebuie s\u0103 g\u0103seasc\u0103 un algoritm de rezolvare a problemei. Algoritmul este o re\u021bet\u0103, adic\u0103 o succesiune de pa\u0219i ce trebuie efectua\u021bi pentru ajungerea la un rezultat. Algoritmul [&hellip;]\" \/>\n<meta property=\"og:url\" content=\"https:\/\/infmix.ro\/a6a\/modul-5-limbaje-de-programare\/\" \/>\n<meta property=\"og:site_name\" content=\"Clasa a VI-a InfMix\" \/>\n<meta property=\"article:modified_time\" content=\"2026-04-14T08:03:57+00:00\" \/>\n<meta name=\"twitter:card\" content=\"summary_large_image\" \/>\n<meta name=\"twitter:label1\" content=\"Timp estimat pentru citire\" \/>\n\t<meta name=\"twitter:data1\" content=\"1 minut\" \/>\n<script type=\"application\/ld+json\" class=\"yoast-schema-graph\">{\"@context\":\"https:\\\/\\\/schema.org\",\"@graph\":[{\"@type\":\"WebPage\",\"@id\":\"https:\\\/\\\/infmix.ro\\\/a6a\\\/modul-5-limbaje-de-programare\\\/\",\"url\":\"https:\\\/\\\/infmix.ro\\\/a6a\\\/modul-5-limbaje-de-programare\\\/\",\"name\":\"Modul 5 Limbaje de programare - Clasa a VI-a InfMix\",\"isPartOf\":{\"@id\":\"https:\\\/\\\/infmix.ro\\\/a6a\\\/#website\"},\"datePublished\":\"2025-05-05T06:21:14+00:00\",\"dateModified\":\"2026-04-14T08:03:57+00:00\",\"breadcrumb\":{\"@id\":\"https:\\\/\\\/infmix.ro\\\/a6a\\\/modul-5-limbaje-de-programare\\\/#breadcrumb\"},\"inLanguage\":\"ro-RO\",\"potentialAction\":[{\"@type\":\"ReadAction\",\"target\":[\"https:\\\/\\\/infmix.ro\\\/a6a\\\/modul-5-limbaje-de-programare\\\/\"]}]},{\"@type\":\"BreadcrumbList\",\"@id\":\"https:\\\/\\\/infmix.ro\\\/a6a\\\/modul-5-limbaje-de-programare\\\/#breadcrumb\",\"itemListElement\":[{\"@type\":\"ListItem\",\"position\":1,\"name\":\"Prima pagin\u0103\",\"item\":\"https:\\\/\\\/infmix.ro\\\/a6a\\\/\"},{\"@type\":\"ListItem\",\"position\":2,\"name\":\"Modul 5 Limbaje de programare\"}]},{\"@type\":\"WebSite\",\"@id\":\"https:\\\/\\\/infmix.ro\\\/a6a\\\/#website\",\"url\":\"https:\\\/\\\/infmix.ro\\\/a6a\\\/\",\"name\":\"Clasa a VI-a InfMix\",\"description\":\"Informa\u021bia a\u0219a cum o pute\u021bi imagina\",\"publisher\":{\"@id\":\"https:\\\/\\\/infmix.ro\\\/a6a\\\/#\\\/schema\\\/person\\\/2cebfe49f5302ee541291ee8efcc004d\"},\"potentialAction\":[{\"@type\":\"SearchAction\",\"target\":{\"@type\":\"EntryPoint\",\"urlTemplate\":\"https:\\\/\\\/infmix.ro\\\/a6a\\\/?s={search_term_string}\"},\"query-input\":{\"@type\":\"PropertyValueSpecification\",\"valueRequired\":true,\"valueName\":\"search_term_string\"}}],\"inLanguage\":\"ro-RO\"},{\"@type\":[\"Person\",\"Organization\"],\"@id\":\"https:\\\/\\\/infmix.ro\\\/a6a\\\/#\\\/schema\\\/person\\\/2cebfe49f5302ee541291ee8efcc004d\",\"name\":\"Profu DeInfo\",\"image\":{\"@type\":\"ImageObject\",\"inLanguage\":\"ro-RO\",\"@id\":\"https:\\\/\\\/infmix.ro\\\/a6a\\\/wp-content\\\/uploads\\\/sites\\\/2\\\/2024\\\/11\\\/64colorchanger.png\",\"url\":\"https:\\\/\\\/infmix.ro\\\/a6a\\\/wp-content\\\/uploads\\\/sites\\\/2\\\/2024\\\/11\\\/64colorchanger.png\",\"contentUrl\":\"https:\\\/\\\/infmix.ro\\\/a6a\\\/wp-content\\\/uploads\\\/sites\\\/2\\\/2024\\\/11\\\/64colorchanger.png\",\"width\":64,\"height\":64,\"caption\":\"Profu DeInfo\"},\"logo\":{\"@id\":\"https:\\\/\\\/infmix.ro\\\/a6a\\\/wp-content\\\/uploads\\\/sites\\\/2\\\/2024\\\/11\\\/64colorchanger.png\"},\"sameAs\":[\"https:\\\/\\\/infmix.ro\"]}]}<\/script>\n<!-- \/ Yoast SEO plugin. -->","yoast_head_json":{"title":"Modul 5 Limbaje de programare - Clasa a VI-a InfMix","robots":{"index":"index","follow":"follow","max-snippet":"max-snippet:-1","max-image-preview":"max-image-preview:large","max-video-preview":"max-video-preview:-1"},"canonical":"https:\/\/infmix.ro\/a6a\/modul-5-limbaje-de-programare\/","og_locale":"ro_RO","og_type":"article","og_title":"Modul 5 Limbaje de programare - Clasa a VI-a InfMix","og_description":"Calculatorul este o ma\u0219in\u0103 ce func\u021bioneaz\u0103 execut\u00e2nd un program memorat. Un program este o list\u0103 de instruc\u021biuni scrise \u00eentr-un limbaj de programare. Pentru a concepe un program omul trebuie s\u0103 g\u0103seasc\u0103 un algoritm de rezolvare a problemei. Algoritmul este o re\u021bet\u0103, adic\u0103 o succesiune de pa\u0219i ce trebuie efectua\u021bi pentru ajungerea la un rezultat. Algoritmul [&hellip;]","og_url":"https:\/\/infmix.ro\/a6a\/modul-5-limbaje-de-programare\/","og_site_name":"Clasa a VI-a InfMix","article_modified_time":"2026-04-14T08:03:57+00:00","twitter_card":"summary_large_image","twitter_misc":{"Timp estimat pentru citire":"1 minut"},"schema":{"@context":"https:\/\/schema.org","@graph":[{"@type":"WebPage","@id":"https:\/\/infmix.ro\/a6a\/modul-5-limbaje-de-programare\/","url":"https:\/\/infmix.ro\/a6a\/modul-5-limbaje-de-programare\/","name":"Modul 5 Limbaje de programare - Clasa a VI-a InfMix","isPartOf":{"@id":"https:\/\/infmix.ro\/a6a\/#website"},"datePublished":"2025-05-05T06:21:14+00:00","dateModified":"2026-04-14T08:03:57+00:00","breadcrumb":{"@id":"https:\/\/infmix.ro\/a6a\/modul-5-limbaje-de-programare\/#breadcrumb"},"inLanguage":"ro-RO","potentialAction":[{"@type":"ReadAction","target":["https:\/\/infmix.ro\/a6a\/modul-5-limbaje-de-programare\/"]}]},{"@type":"BreadcrumbList","@id":"https:\/\/infmix.ro\/a6a\/modul-5-limbaje-de-programare\/#breadcrumb","itemListElement":[{"@type":"ListItem","position":1,"name":"Prima pagin\u0103","item":"https:\/\/infmix.ro\/a6a\/"},{"@type":"ListItem","position":2,"name":"Modul 5 Limbaje de programare"}]},{"@type":"WebSite","@id":"https:\/\/infmix.ro\/a6a\/#website","url":"https:\/\/infmix.ro\/a6a\/","name":"Clasa a VI-a InfMix","description":"Informa\u021bia a\u0219a cum o pute\u021bi imagina","publisher":{"@id":"https:\/\/infmix.ro\/a6a\/#\/schema\/person\/2cebfe49f5302ee541291ee8efcc004d"},"potentialAction":[{"@type":"SearchAction","target":{"@type":"EntryPoint","urlTemplate":"https:\/\/infmix.ro\/a6a\/?s={search_term_string}"},"query-input":{"@type":"PropertyValueSpecification","valueRequired":true,"valueName":"search_term_string"}}],"inLanguage":"ro-RO"},{"@type":["Person","Organization"],"@id":"https:\/\/infmix.ro\/a6a\/#\/schema\/person\/2cebfe49f5302ee541291ee8efcc004d","name":"Profu DeInfo","image":{"@type":"ImageObject","inLanguage":"ro-RO","@id":"https:\/\/infmix.ro\/a6a\/wp-content\/uploads\/sites\/2\/2024\/11\/64colorchanger.png","url":"https:\/\/infmix.ro\/a6a\/wp-content\/uploads\/sites\/2\/2024\/11\/64colorchanger.png","contentUrl":"https:\/\/infmix.ro\/a6a\/wp-content\/uploads\/sites\/2\/2024\/11\/64colorchanger.png","width":64,"height":64,"caption":"Profu DeInfo"},"logo":{"@id":"https:\/\/infmix.ro\/a6a\/wp-content\/uploads\/sites\/2\/2024\/11\/64colorchanger.png"},"sameAs":["https:\/\/infmix.ro"]}]}},"_links":{"self":[{"href":"https:\/\/infmix.ro\/a6a\/wp-json\/wp\/v2\/pages\/160","targetHints":{"allow":["GET"]}}],"collection":[{"href":"https:\/\/infmix.ro\/a6a\/wp-json\/wp\/v2\/pages"}],"about":[{"href":"https:\/\/infmix.ro\/a6a\/wp-json\/wp\/v2\/types\/page"}],"author":[{"embeddable":true,"href":"https:\/\/infmix.ro\/a6a\/wp-json\/wp\/v2\/users\/1"}],"replies":[{"embeddable":true,"href":"https:\/\/infmix.ro\/a6a\/wp-json\/wp\/v2\/comments?post=160"}],"version-history":[{"count":3,"href":"https:\/\/infmix.ro\/a6a\/wp-json\/wp\/v2\/pages\/160\/revisions"}],"predecessor-version":[{"id":226,"href":"https:\/\/infmix.ro\/a6a\/wp-json\/wp\/v2\/pages\/160\/revisions\/226"}],"wp:attachment":[{"href":"https:\/\/infmix.ro\/a6a\/wp-json\/wp\/v2\/media?parent=160"}],"curies":[{"name":"wp","href":"https:\/\/api.w.org\/{rel}","templated":true}]}}