{"id":154,"date":"2025-03-20T10:48:17","date_gmt":"2025-03-20T10:48:17","guid":{"rendered":"https:\/\/infmix.ro\/a6a\/?page_id=154"},"modified":"2025-03-20T10:54:52","modified_gmt":"2025-03-20T10:54:52","slug":"m4-l4-tranzitii-animate-intr-o-prezentare","status":"publish","type":"page","link":"https:\/\/infmix.ro\/a6a\/m4\/m4-l4-tranzitii-animate-intr-o-prezentare\/","title":{"rendered":"M4 L4 Tranzi\u021bii animate \u00eentr-o prezentare"},"content":{"rendered":"\n<p>Pentru a realiza tranzi\u021bii animate \u00eentr-o prezentare PowerPoint trebuie s\u0103 vizualiz\u0103m prezentarea mai \u00eent\u00e2i \u00een modul Sortare Diapozitive.<\/p>\n\n\n\n<p>De la meniul Tranzi\u021bii alegem din caseta Tranzi\u021bia la acest diapozitiv tranzi\u021bia dorit\u0103. Iar din caseta Temporizare de-bif\u0103m op\u021biunea La clic de mouse \u0219i punem un timp de 3 &#8211; 4 secunde la op\u021biunea Dup\u0103.<\/p>\n\n\n<div class=\"wp-block-image\">\n<figure class=\"aligncenter size-large\"><picture><source srcset=\"https:\/\/infmix.ro\/a6a\/wp-content\/webp-express\/webp-images\/uploads\/sites\/2\/2025\/03\/Tranzitie-1024x245.png.webp 1024w, https:\/\/infmix.ro\/a6a\/wp-content\/webp-express\/webp-images\/uploads\/sites\/2\/2025\/03\/Tranzitie-300x72.png.webp 300w, https:\/\/infmix.ro\/a6a\/wp-content\/webp-express\/webp-images\/uploads\/sites\/2\/2025\/03\/Tranzitie-768x184.png.webp 768w, https:\/\/infmix.ro\/a6a\/wp-content\/webp-express\/webp-images\/uploads\/sites\/2\/2025\/03\/Tranzitie-1536x368.png.webp 1536w, https:\/\/infmix.ro\/a6a\/wp-content\/webp-express\/webp-images\/uploads\/sites\/2\/2025\/03\/Tranzitie-400x96.png.webp 400w, https:\/\/infmix.ro\/a6a\/wp-content\/webp-express\/webp-images\/uploads\/sites\/2\/2025\/03\/Tranzitie.png.webp 1569w\" sizes=\"auto, (max-width: 1024px) 100vw, 1024px\" type=\"image\/webp\"><img loading=\"lazy\" decoding=\"async\" width=\"1024\" height=\"245\" src=\"https:\/\/infmix.ro\/a6a\/wp-content\/uploads\/sites\/2\/2025\/03\/Tranzitie-1024x245.png\" alt=\"\" class=\"wp-image-155 webpexpress-processed\" srcset=\"https:\/\/infmix.ro\/a6a\/wp-content\/uploads\/sites\/2\/2025\/03\/Tranzitie-1024x245.png 1024w, https:\/\/infmix.ro\/a6a\/wp-content\/uploads\/sites\/2\/2025\/03\/Tranzitie-300x72.png 300w, https:\/\/infmix.ro\/a6a\/wp-content\/uploads\/sites\/2\/2025\/03\/Tranzitie-768x184.png 768w, https:\/\/infmix.ro\/a6a\/wp-content\/uploads\/sites\/2\/2025\/03\/Tranzitie-1536x368.png 1536w, https:\/\/infmix.ro\/a6a\/wp-content\/uploads\/sites\/2\/2025\/03\/Tranzitie-400x96.png 400w, https:\/\/infmix.ro\/a6a\/wp-content\/uploads\/sites\/2\/2025\/03\/Tranzitie.png 1569w\" sizes=\"auto, (max-width: 1024px) 100vw, 1024px\"><\/picture><figcaption class=\"wp-element-caption\">img 1 tranzi\u021bii animate<\/figcaption><\/figure>\n<\/div>\n\n\n<h2 class=\"wp-block-heading\">Tem\u0103 pentru not\u0103:<\/h2>\n\n\n\n<p>S\u0103 se realizeze o prezentare cu tema la alegere. Prezentarea trebuie s\u0103 fie salvat\u0103 cu numele vostru \u0219i s\u0103 avanseze automat de la \u00eenceput p\u00e2n\u0103 la sf\u00e2r\u0219it. S\u0103 se trimit\u0103 prezentarea pe adresa de e-mail a profesorului.<\/p>\n","protected":false},"excerpt":{"rendered":"<p>Pentru a realiza tranzi\u021bii animate \u00eentr-o prezentare PowerPoint trebuie s\u0103 vizualiz\u0103m prezentarea mai \u00eent\u00e2i \u00een modul Sortare Diapozitive. De la meniul Tranzi\u021bii alegem din caseta Tranzi\u021bia la acest diapozitiv tranzi\u021bia dorit\u0103. Iar din caseta Temporizare de-bif\u0103m op\u021biunea La clic de mouse \u0219i punem un timp de 3 &#8211; 4 secunde la op\u021biunea Dup\u0103. Tem\u0103 pentru [&hellip;]<\/p>\n","protected":false},"author":1,"featured_media":0,"parent":133,"menu_order":0,"comment_status":"closed","ping_status":"closed","template":"","meta":{"_FSMCFIC_featured_image_caption":"","_FSMCFIC_featured_image_nocaption":"","_FSMCFIC_featured_image_hide":"","footnotes":""},"class_list":["post-154","page","type-page","status-publish","hentry"],"yoast_head":"<!-- This site is optimized with the Yoast SEO plugin v27.4 - https:\/\/yoast.com\/product\/yoast-seo-wordpress\/ -->\n<title>M4 L4 Tranzi\u021bii animate \u00eentr-o prezentare - Clasa a VI-a InfMix<\/title>\n<meta name=\"robots\" content=\"index, follow, max-snippet:-1, max-image-preview:large, max-video-preview:-1\" \/>\n<link rel=\"canonical\" href=\"https:\/\/infmix.ro\/a6a\/m4\/m4-l4-tranzitii-animate-intr-o-prezentare\/\" \/>\n<meta property=\"og:locale\" content=\"ro_RO\" \/>\n<meta property=\"og:type\" content=\"article\" \/>\n<meta property=\"og:title\" content=\"M4 L4 Tranzi\u021bii animate \u00eentr-o prezentare - Clasa a VI-a InfMix\" \/>\n<meta property=\"og:description\" content=\"Pentru a realiza tranzi\u021bii animate \u00eentr-o prezentare PowerPoint trebuie s\u0103 vizualiz\u0103m prezentarea mai \u00eent\u00e2i \u00een modul Sortare Diapozitive. De la meniul Tranzi\u021bii alegem din caseta Tranzi\u021bia la acest diapozitiv tranzi\u021bia dorit\u0103. Iar din caseta Temporizare de-bif\u0103m op\u021biunea La clic de mouse \u0219i punem un timp de 3 &#8211; 4 secunde la op\u021biunea Dup\u0103. Tem\u0103 pentru [&hellip;]\" \/>\n<meta property=\"og:url\" content=\"https:\/\/infmix.ro\/a6a\/m4\/m4-l4-tranzitii-animate-intr-o-prezentare\/\" \/>\n<meta property=\"og:site_name\" content=\"Clasa a VI-a InfMix\" \/>\n<meta property=\"article:modified_time\" content=\"2025-03-20T10:54:52+00:00\" \/>\n<meta property=\"og:image\" content=\"https:\/\/infmix.ro\/a6a\/wp-content\/uploads\/sites\/2\/2025\/03\/Tranzitie.png\" \/>\n\t<meta property=\"og:image:width\" content=\"1569\" \/>\n\t<meta property=\"og:image:height\" content=\"376\" \/>\n\t<meta property=\"og:image:type\" content=\"image\/png\" \/>\n<meta name=\"twitter:card\" content=\"summary_large_image\" \/>\n<meta name=\"twitter:label1\" content=\"Timp estimat pentru citire\" \/>\n\t<meta name=\"twitter:data1\" content=\"1 minut\" \/>\n<script type=\"application\/ld+json\" class=\"yoast-schema-graph\">{\"@context\":\"https:\\\/\\\/schema.org\",\"@graph\":[{\"@type\":\"WebPage\",\"@id\":\"https:\\\/\\\/infmix.ro\\\/a6a\\\/m4\\\/m4-l4-tranzitii-animate-intr-o-prezentare\\\/\",\"url\":\"https:\\\/\\\/infmix.ro\\\/a6a\\\/m4\\\/m4-l4-tranzitii-animate-intr-o-prezentare\\\/\",\"name\":\"M4 L4 Tranzi\u021bii animate \u00eentr-o prezentare - Clasa a VI-a InfMix\",\"isPartOf\":{\"@id\":\"https:\\\/\\\/infmix.ro\\\/a6a\\\/#website\"},\"primaryImageOfPage\":{\"@id\":\"https:\\\/\\\/infmix.ro\\\/a6a\\\/m4\\\/m4-l4-tranzitii-animate-intr-o-prezentare\\\/#primaryimage\"},\"image\":{\"@id\":\"https:\\\/\\\/infmix.ro\\\/a6a\\\/m4\\\/m4-l4-tranzitii-animate-intr-o-prezentare\\\/#primaryimage\"},\"thumbnailUrl\":\"https:\\\/\\\/infmix.ro\\\/a6a\\\/wp-content\\\/uploads\\\/sites\\\/2\\\/2025\\\/03\\\/Tranzitie-1024x245.png\",\"datePublished\":\"2025-03-20T10:48:17+00:00\",\"dateModified\":\"2025-03-20T10:54:52+00:00\",\"breadcrumb\":{\"@id\":\"https:\\\/\\\/infmix.ro\\\/a6a\\\/m4\\\/m4-l4-tranzitii-animate-intr-o-prezentare\\\/#breadcrumb\"},\"inLanguage\":\"ro-RO\",\"potentialAction\":[{\"@type\":\"ReadAction\",\"target\":[\"https:\\\/\\\/infmix.ro\\\/a6a\\\/m4\\\/m4-l4-tranzitii-animate-intr-o-prezentare\\\/\"]}]},{\"@type\":\"ImageObject\",\"inLanguage\":\"ro-RO\",\"@id\":\"https:\\\/\\\/infmix.ro\\\/a6a\\\/m4\\\/m4-l4-tranzitii-animate-intr-o-prezentare\\\/#primaryimage\",\"url\":\"https:\\\/\\\/infmix.ro\\\/a6a\\\/wp-content\\\/uploads\\\/sites\\\/2\\\/2025\\\/03\\\/Tranzitie.png\",\"contentUrl\":\"https:\\\/\\\/infmix.ro\\\/a6a\\\/wp-content\\\/uploads\\\/sites\\\/2\\\/2025\\\/03\\\/Tranzitie.png\",\"width\":1569,\"height\":376},{\"@type\":\"BreadcrumbList\",\"@id\":\"https:\\\/\\\/infmix.ro\\\/a6a\\\/m4\\\/m4-l4-tranzitii-animate-intr-o-prezentare\\\/#breadcrumb\",\"itemListElement\":[{\"@type\":\"ListItem\",\"position\":1,\"name\":\"Prima pagin\u0103\",\"item\":\"https:\\\/\\\/infmix.ro\\\/a6a\\\/\"},{\"@type\":\"ListItem\",\"position\":2,\"name\":\"M4\",\"item\":\"https:\\\/\\\/infmix.ro\\\/a6a\\\/m4\\\/\"},{\"@type\":\"ListItem\",\"position\":3,\"name\":\"M4 L4 Tranzi\u021bii animate \u00eentr-o prezentare\"}]},{\"@type\":\"WebSite\",\"@id\":\"https:\\\/\\\/infmix.ro\\\/a6a\\\/#website\",\"url\":\"https:\\\/\\\/infmix.ro\\\/a6a\\\/\",\"name\":\"Clasa a VI-a InfMix\",\"description\":\"Informa\u021bia a\u0219a cum o pute\u021bi imagina\",\"publisher\":{\"@id\":\"https:\\\/\\\/infmix.ro\\\/a6a\\\/#\\\/schema\\\/person\\\/2cebfe49f5302ee541291ee8efcc004d\"},\"potentialAction\":[{\"@type\":\"SearchAction\",\"target\":{\"@type\":\"EntryPoint\",\"urlTemplate\":\"https:\\\/\\\/infmix.ro\\\/a6a\\\/?s={search_term_string}\"},\"query-input\":{\"@type\":\"PropertyValueSpecification\",\"valueRequired\":true,\"valueName\":\"search_term_string\"}}],\"inLanguage\":\"ro-RO\"},{\"@type\":[\"Person\",\"Organization\"],\"@id\":\"https:\\\/\\\/infmix.ro\\\/a6a\\\/#\\\/schema\\\/person\\\/2cebfe49f5302ee541291ee8efcc004d\",\"name\":\"Profu DeInfo\",\"image\":{\"@type\":\"ImageObject\",\"inLanguage\":\"ro-RO\",\"@id\":\"https:\\\/\\\/infmix.ro\\\/a6a\\\/wp-content\\\/uploads\\\/sites\\\/2\\\/2024\\\/11\\\/64colorchanger.png\",\"url\":\"https:\\\/\\\/infmix.ro\\\/a6a\\\/wp-content\\\/uploads\\\/sites\\\/2\\\/2024\\\/11\\\/64colorchanger.png\",\"contentUrl\":\"https:\\\/\\\/infmix.ro\\\/a6a\\\/wp-content\\\/uploads\\\/sites\\\/2\\\/2024\\\/11\\\/64colorchanger.png\",\"width\":64,\"height\":64,\"caption\":\"Profu DeInfo\"},\"logo\":{\"@id\":\"https:\\\/\\\/infmix.ro\\\/a6a\\\/wp-content\\\/uploads\\\/sites\\\/2\\\/2024\\\/11\\\/64colorchanger.png\"},\"sameAs\":[\"https:\\\/\\\/infmix.ro\"]}]}<\/script>\n<!-- \/ Yoast SEO plugin. -->","yoast_head_json":{"title":"M4 L4 Tranzi\u021bii animate \u00eentr-o prezentare - Clasa a VI-a InfMix","robots":{"index":"index","follow":"follow","max-snippet":"max-snippet:-1","max-image-preview":"max-image-preview:large","max-video-preview":"max-video-preview:-1"},"canonical":"https:\/\/infmix.ro\/a6a\/m4\/m4-l4-tranzitii-animate-intr-o-prezentare\/","og_locale":"ro_RO","og_type":"article","og_title":"M4 L4 Tranzi\u021bii animate \u00eentr-o prezentare - Clasa a VI-a InfMix","og_description":"Pentru a realiza tranzi\u021bii animate \u00eentr-o prezentare PowerPoint trebuie s\u0103 vizualiz\u0103m prezentarea mai \u00eent\u00e2i \u00een modul Sortare Diapozitive. De la meniul Tranzi\u021bii alegem din caseta Tranzi\u021bia la acest diapozitiv tranzi\u021bia dorit\u0103. Iar din caseta Temporizare de-bif\u0103m op\u021biunea La clic de mouse \u0219i punem un timp de 3 &#8211; 4 secunde la op\u021biunea Dup\u0103. Tem\u0103 pentru [&hellip;]","og_url":"https:\/\/infmix.ro\/a6a\/m4\/m4-l4-tranzitii-animate-intr-o-prezentare\/","og_site_name":"Clasa a VI-a InfMix","article_modified_time":"2025-03-20T10:54:52+00:00","og_image":[{"width":1569,"height":376,"url":"https:\/\/infmix.ro\/a6a\/wp-content\/uploads\/sites\/2\/2025\/03\/Tranzitie.png","type":"image\/png"}],"twitter_card":"summary_large_image","twitter_misc":{"Timp estimat pentru citire":"1 minut"},"schema":{"@context":"https:\/\/schema.org","@graph":[{"@type":"WebPage","@id":"https:\/\/infmix.ro\/a6a\/m4\/m4-l4-tranzitii-animate-intr-o-prezentare\/","url":"https:\/\/infmix.ro\/a6a\/m4\/m4-l4-tranzitii-animate-intr-o-prezentare\/","name":"M4 L4 Tranzi\u021bii animate \u00eentr-o prezentare - Clasa a VI-a InfMix","isPartOf":{"@id":"https:\/\/infmix.ro\/a6a\/#website"},"primaryImageOfPage":{"@id":"https:\/\/infmix.ro\/a6a\/m4\/m4-l4-tranzitii-animate-intr-o-prezentare\/#primaryimage"},"image":{"@id":"https:\/\/infmix.ro\/a6a\/m4\/m4-l4-tranzitii-animate-intr-o-prezentare\/#primaryimage"},"thumbnailUrl":"https:\/\/infmix.ro\/a6a\/wp-content\/uploads\/sites\/2\/2025\/03\/Tranzitie-1024x245.png","datePublished":"2025-03-20T10:48:17+00:00","dateModified":"2025-03-20T10:54:52+00:00","breadcrumb":{"@id":"https:\/\/infmix.ro\/a6a\/m4\/m4-l4-tranzitii-animate-intr-o-prezentare\/#breadcrumb"},"inLanguage":"ro-RO","potentialAction":[{"@type":"ReadAction","target":["https:\/\/infmix.ro\/a6a\/m4\/m4-l4-tranzitii-animate-intr-o-prezentare\/"]}]},{"@type":"ImageObject","inLanguage":"ro-RO","@id":"https:\/\/infmix.ro\/a6a\/m4\/m4-l4-tranzitii-animate-intr-o-prezentare\/#primaryimage","url":"https:\/\/infmix.ro\/a6a\/wp-content\/uploads\/sites\/2\/2025\/03\/Tranzitie.png","contentUrl":"https:\/\/infmix.ro\/a6a\/wp-content\/uploads\/sites\/2\/2025\/03\/Tranzitie.png","width":1569,"height":376},{"@type":"BreadcrumbList","@id":"https:\/\/infmix.ro\/a6a\/m4\/m4-l4-tranzitii-animate-intr-o-prezentare\/#breadcrumb","itemListElement":[{"@type":"ListItem","position":1,"name":"Prima pagin\u0103","item":"https:\/\/infmix.ro\/a6a\/"},{"@type":"ListItem","position":2,"name":"M4","item":"https:\/\/infmix.ro\/a6a\/m4\/"},{"@type":"ListItem","position":3,"name":"M4 L4 Tranzi\u021bii animate \u00eentr-o prezentare"}]},{"@type":"WebSite","@id":"https:\/\/infmix.ro\/a6a\/#website","url":"https:\/\/infmix.ro\/a6a\/","name":"Clasa a VI-a InfMix","description":"Informa\u021bia a\u0219a cum o pute\u021bi imagina","publisher":{"@id":"https:\/\/infmix.ro\/a6a\/#\/schema\/person\/2cebfe49f5302ee541291ee8efcc004d"},"potentialAction":[{"@type":"SearchAction","target":{"@type":"EntryPoint","urlTemplate":"https:\/\/infmix.ro\/a6a\/?s={search_term_string}"},"query-input":{"@type":"PropertyValueSpecification","valueRequired":true,"valueName":"search_term_string"}}],"inLanguage":"ro-RO"},{"@type":["Person","Organization"],"@id":"https:\/\/infmix.ro\/a6a\/#\/schema\/person\/2cebfe49f5302ee541291ee8efcc004d","name":"Profu DeInfo","image":{"@type":"ImageObject","inLanguage":"ro-RO","@id":"https:\/\/infmix.ro\/a6a\/wp-content\/uploads\/sites\/2\/2024\/11\/64colorchanger.png","url":"https:\/\/infmix.ro\/a6a\/wp-content\/uploads\/sites\/2\/2024\/11\/64colorchanger.png","contentUrl":"https:\/\/infmix.ro\/a6a\/wp-content\/uploads\/sites\/2\/2024\/11\/64colorchanger.png","width":64,"height":64,"caption":"Profu DeInfo"},"logo":{"@id":"https:\/\/infmix.ro\/a6a\/wp-content\/uploads\/sites\/2\/2024\/11\/64colorchanger.png"},"sameAs":["https:\/\/infmix.ro"]}]}},"_links":{"self":[{"href":"https:\/\/infmix.ro\/a6a\/wp-json\/wp\/v2\/pages\/154","targetHints":{"allow":["GET"]}}],"collection":[{"href":"https:\/\/infmix.ro\/a6a\/wp-json\/wp\/v2\/pages"}],"about":[{"href":"https:\/\/infmix.ro\/a6a\/wp-json\/wp\/v2\/types\/page"}],"author":[{"embeddable":true,"href":"https:\/\/infmix.ro\/a6a\/wp-json\/wp\/v2\/users\/1"}],"replies":[{"embeddable":true,"href":"https:\/\/infmix.ro\/a6a\/wp-json\/wp\/v2\/comments?post=154"}],"version-history":[{"count":2,"href":"https:\/\/infmix.ro\/a6a\/wp-json\/wp\/v2\/pages\/154\/revisions"}],"predecessor-version":[{"id":158,"href":"https:\/\/infmix.ro\/a6a\/wp-json\/wp\/v2\/pages\/154\/revisions\/158"}],"up":[{"embeddable":true,"href":"https:\/\/infmix.ro\/a6a\/wp-json\/wp\/v2\/pages\/133"}],"wp:attachment":[{"href":"https:\/\/infmix.ro\/a6a\/wp-json\/wp\/v2\/media?parent=154"}],"curies":[{"name":"wp","href":"https:\/\/api.w.org\/{rel}","templated":true}]}}