{"id":140,"date":"2025-02-10T08:39:12","date_gmt":"2025-02-10T08:39:12","guid":{"rendered":"https:\/\/infmix.ro\/a6a\/?page_id=140"},"modified":"2025-12-10T10:03:34","modified_gmt":"2025-12-10T10:03:34","slug":"m4-l1-ce-este-o-prezentare","status":"publish","type":"page","link":"https:\/\/infmix.ro\/a6a\/m4\/m4-l1-ce-este-o-prezentare\/","title":{"rendered":"M4 L1 Ce este o prezentare? Etape de realizare."},"content":{"rendered":"\n<p>Prezent\u0103rile PowerPoint constau dintr-un num\u0103r de pagini individuale sau &#8222;cadre&#8221; sau &#8222;slide&#8221;-uri. Diapozitivele pot con\u021bine text, grafic\u0103, sunet, filme, \u0219i alte obiecte, care pot fi aranjate \u00een mod liber. Acestea pot fi create at\u00e2t separat, c\u00e2t \u0219i cu ajutorul unui \u0219ablon sau &#8222;Slide Master&#8221;.<\/p>\n\n\n\n<p>Prezentarea poate fi imprimat\u0103, afi\u0219at\u0103 \u00een direct pe un calculator, sau cu ajutorul unui proiector video.<\/p>\n\n\n\n<p>Pentru a detalia ce este \u0219i de unde provine o prezentare vedem video de mai jos:<\/p>\n\n\n\n<figure class=\"wp-block-embed aligncenter is-type-video is-provider-youtube wp-block-embed-youtube wp-embed-aspect-16-9 wp-has-aspect-ratio\"><div class=\"wp-block-embed__wrapper\">\n<iframe loading=\"lazy\" title=\"12.60 Ce este o prezentare\" width=\"729\" height=\"410\" src=\"https:\/\/www.youtube.com\/embed\/vnGV83USH8U?feature=oembed\" frameborder=\"0\" allow=\"accelerometer; autoplay; clipboard-write; encrypted-media; gyroscope; picture-in-picture; web-share\" referrerpolicy=\"strict-origin-when-cross-origin\" allowfullscreen><\/iframe>\n<\/div><\/figure>\n\n\n\n<p>Aplica\u021bie:<\/p>\n\n\n\n<ul class=\"wp-block-list\">\n<li>Deschidem PowerPoint. <\/li>\n\n\n\n<li>Salv\u0103m prezentarea cu numele nostru. <\/li>\n\n\n\n<li>Trimitem prezentarea ca ata\u0219ament pe adresa de email a profesorului.<\/li>\n<\/ul>\n\n\n\n<figure class=\"wp-block-embed aligncenter is-type-video is-provider-youtube wp-block-embed-youtube wp-embed-aspect-16-9 wp-has-aspect-ratio\"><div class=\"wp-block-embed__wrapper\">\n<iframe loading=\"lazy\" title=\"12.61 Etape de realizare ale unei prezent\u0103ri\" width=\"729\" height=\"410\" src=\"https:\/\/www.youtube.com\/embed\/721R3uLhFQE?feature=oembed\" frameborder=\"0\" allow=\"accelerometer; autoplay; clipboard-write; encrypted-media; gyroscope; picture-in-picture; web-share\" referrerpolicy=\"strict-origin-when-cross-origin\" allowfullscreen><\/iframe>\n<\/div><\/figure>\n","protected":false},"excerpt":{"rendered":"<p>Prezent\u0103rile PowerPoint constau dintr-un num\u0103r de pagini individuale sau &#8222;cadre&#8221; sau &#8222;slide&#8221;-uri. Diapozitivele pot con\u021bine text, grafic\u0103, sunet, filme, \u0219i alte obiecte, care pot fi aranjate \u00een mod liber. Acestea pot fi create at\u00e2t separat, c\u00e2t \u0219i cu ajutorul unui \u0219ablon sau &#8222;Slide Master&#8221;. Prezentarea poate fi imprimat\u0103, afi\u0219at\u0103 \u00een direct pe un calculator, sau [&hellip;]<\/p>\n","protected":false},"author":1,"featured_media":0,"parent":133,"menu_order":0,"comment_status":"closed","ping_status":"closed","template":"","meta":{"_FSMCFIC_featured_image_caption":"","_FSMCFIC_featured_image_nocaption":"","_FSMCFIC_featured_image_hide":"","footnotes":""},"class_list":["post-140","page","type-page","status-publish","hentry"],"yoast_head":"<!-- This site is optimized with the Yoast SEO plugin v27.4 - https:\/\/yoast.com\/product\/yoast-seo-wordpress\/ -->\n<title>M4 L1 Ce este o prezentare? Etape de realizare. - Clasa a VI-a InfMix<\/title>\n<meta name=\"robots\" content=\"index, follow, max-snippet:-1, max-image-preview:large, max-video-preview:-1\" \/>\n<link rel=\"canonical\" href=\"https:\/\/infmix.ro\/a6a\/m4\/m4-l1-ce-este-o-prezentare\/\" \/>\n<meta property=\"og:locale\" content=\"ro_RO\" \/>\n<meta property=\"og:type\" content=\"article\" \/>\n<meta property=\"og:title\" content=\"M4 L1 Ce este o prezentare? Etape de realizare. - Clasa a VI-a InfMix\" \/>\n<meta property=\"og:description\" content=\"Prezent\u0103rile PowerPoint constau dintr-un num\u0103r de pagini individuale sau &#8222;cadre&#8221; sau &#8222;slide&#8221;-uri. Diapozitivele pot con\u021bine text, grafic\u0103, sunet, filme, \u0219i alte obiecte, care pot fi aranjate \u00een mod liber. Acestea pot fi create at\u00e2t separat, c\u00e2t \u0219i cu ajutorul unui \u0219ablon sau &#8222;Slide Master&#8221;. Prezentarea poate fi imprimat\u0103, afi\u0219at\u0103 \u00een direct pe un calculator, sau [&hellip;]\" \/>\n<meta property=\"og:url\" content=\"https:\/\/infmix.ro\/a6a\/m4\/m4-l1-ce-este-o-prezentare\/\" \/>\n<meta property=\"og:site_name\" content=\"Clasa a VI-a InfMix\" \/>\n<meta property=\"article:modified_time\" content=\"2025-12-10T10:03:34+00:00\" \/>\n<meta name=\"twitter:card\" content=\"summary_large_image\" \/>\n<meta name=\"twitter:label1\" content=\"Timp estimat pentru citire\" \/>\n\t<meta name=\"twitter:data1\" content=\"1 minut\" \/>\n<script type=\"application\/ld+json\" class=\"yoast-schema-graph\">{\"@context\":\"https:\\\/\\\/schema.org\",\"@graph\":[{\"@type\":\"WebPage\",\"@id\":\"https:\\\/\\\/infmix.ro\\\/a6a\\\/m4\\\/m4-l1-ce-este-o-prezentare\\\/\",\"url\":\"https:\\\/\\\/infmix.ro\\\/a6a\\\/m4\\\/m4-l1-ce-este-o-prezentare\\\/\",\"name\":\"M4 L1 Ce este o prezentare? Etape de realizare. - Clasa a VI-a InfMix\",\"isPartOf\":{\"@id\":\"https:\\\/\\\/infmix.ro\\\/a6a\\\/#website\"},\"datePublished\":\"2025-02-10T08:39:12+00:00\",\"dateModified\":\"2025-12-10T10:03:34+00:00\",\"breadcrumb\":{\"@id\":\"https:\\\/\\\/infmix.ro\\\/a6a\\\/m4\\\/m4-l1-ce-este-o-prezentare\\\/#breadcrumb\"},\"inLanguage\":\"ro-RO\",\"potentialAction\":[{\"@type\":\"ReadAction\",\"target\":[\"https:\\\/\\\/infmix.ro\\\/a6a\\\/m4\\\/m4-l1-ce-este-o-prezentare\\\/\"]}]},{\"@type\":\"BreadcrumbList\",\"@id\":\"https:\\\/\\\/infmix.ro\\\/a6a\\\/m4\\\/m4-l1-ce-este-o-prezentare\\\/#breadcrumb\",\"itemListElement\":[{\"@type\":\"ListItem\",\"position\":1,\"name\":\"Prima pagin\u0103\",\"item\":\"https:\\\/\\\/infmix.ro\\\/a6a\\\/\"},{\"@type\":\"ListItem\",\"position\":2,\"name\":\"M4\",\"item\":\"https:\\\/\\\/infmix.ro\\\/a6a\\\/m4\\\/\"},{\"@type\":\"ListItem\",\"position\":3,\"name\":\"M4 L1 Ce este o prezentare? Etape de realizare.\"}]},{\"@type\":\"WebSite\",\"@id\":\"https:\\\/\\\/infmix.ro\\\/a6a\\\/#website\",\"url\":\"https:\\\/\\\/infmix.ro\\\/a6a\\\/\",\"name\":\"Clasa a VI-a InfMix\",\"description\":\"Informa\u021bia a\u0219a cum o pute\u021bi imagina\",\"publisher\":{\"@id\":\"https:\\\/\\\/infmix.ro\\\/a6a\\\/#\\\/schema\\\/person\\\/2cebfe49f5302ee541291ee8efcc004d\"},\"potentialAction\":[{\"@type\":\"SearchAction\",\"target\":{\"@type\":\"EntryPoint\",\"urlTemplate\":\"https:\\\/\\\/infmix.ro\\\/a6a\\\/?s={search_term_string}\"},\"query-input\":{\"@type\":\"PropertyValueSpecification\",\"valueRequired\":true,\"valueName\":\"search_term_string\"}}],\"inLanguage\":\"ro-RO\"},{\"@type\":[\"Person\",\"Organization\"],\"@id\":\"https:\\\/\\\/infmix.ro\\\/a6a\\\/#\\\/schema\\\/person\\\/2cebfe49f5302ee541291ee8efcc004d\",\"name\":\"Profu DeInfo\",\"image\":{\"@type\":\"ImageObject\",\"inLanguage\":\"ro-RO\",\"@id\":\"https:\\\/\\\/infmix.ro\\\/a6a\\\/wp-content\\\/uploads\\\/sites\\\/2\\\/2024\\\/11\\\/64colorchanger.png\",\"url\":\"https:\\\/\\\/infmix.ro\\\/a6a\\\/wp-content\\\/uploads\\\/sites\\\/2\\\/2024\\\/11\\\/64colorchanger.png\",\"contentUrl\":\"https:\\\/\\\/infmix.ro\\\/a6a\\\/wp-content\\\/uploads\\\/sites\\\/2\\\/2024\\\/11\\\/64colorchanger.png\",\"width\":64,\"height\":64,\"caption\":\"Profu DeInfo\"},\"logo\":{\"@id\":\"https:\\\/\\\/infmix.ro\\\/a6a\\\/wp-content\\\/uploads\\\/sites\\\/2\\\/2024\\\/11\\\/64colorchanger.png\"},\"sameAs\":[\"https:\\\/\\\/infmix.ro\"]}]}<\/script>\n<!-- \/ Yoast SEO plugin. -->","yoast_head_json":{"title":"M4 L1 Ce este o prezentare? Etape de realizare. - Clasa a VI-a InfMix","robots":{"index":"index","follow":"follow","max-snippet":"max-snippet:-1","max-image-preview":"max-image-preview:large","max-video-preview":"max-video-preview:-1"},"canonical":"https:\/\/infmix.ro\/a6a\/m4\/m4-l1-ce-este-o-prezentare\/","og_locale":"ro_RO","og_type":"article","og_title":"M4 L1 Ce este o prezentare? Etape de realizare. - Clasa a VI-a InfMix","og_description":"Prezent\u0103rile PowerPoint constau dintr-un num\u0103r de pagini individuale sau &#8222;cadre&#8221; sau &#8222;slide&#8221;-uri. Diapozitivele pot con\u021bine text, grafic\u0103, sunet, filme, \u0219i alte obiecte, care pot fi aranjate \u00een mod liber. Acestea pot fi create at\u00e2t separat, c\u00e2t \u0219i cu ajutorul unui \u0219ablon sau &#8222;Slide Master&#8221;. Prezentarea poate fi imprimat\u0103, afi\u0219at\u0103 \u00een direct pe un calculator, sau [&hellip;]","og_url":"https:\/\/infmix.ro\/a6a\/m4\/m4-l1-ce-este-o-prezentare\/","og_site_name":"Clasa a VI-a InfMix","article_modified_time":"2025-12-10T10:03:34+00:00","twitter_card":"summary_large_image","twitter_misc":{"Timp estimat pentru citire":"1 minut"},"schema":{"@context":"https:\/\/schema.org","@graph":[{"@type":"WebPage","@id":"https:\/\/infmix.ro\/a6a\/m4\/m4-l1-ce-este-o-prezentare\/","url":"https:\/\/infmix.ro\/a6a\/m4\/m4-l1-ce-este-o-prezentare\/","name":"M4 L1 Ce este o prezentare? Etape de realizare. - Clasa a VI-a InfMix","isPartOf":{"@id":"https:\/\/infmix.ro\/a6a\/#website"},"datePublished":"2025-02-10T08:39:12+00:00","dateModified":"2025-12-10T10:03:34+00:00","breadcrumb":{"@id":"https:\/\/infmix.ro\/a6a\/m4\/m4-l1-ce-este-o-prezentare\/#breadcrumb"},"inLanguage":"ro-RO","potentialAction":[{"@type":"ReadAction","target":["https:\/\/infmix.ro\/a6a\/m4\/m4-l1-ce-este-o-prezentare\/"]}]},{"@type":"BreadcrumbList","@id":"https:\/\/infmix.ro\/a6a\/m4\/m4-l1-ce-este-o-prezentare\/#breadcrumb","itemListElement":[{"@type":"ListItem","position":1,"name":"Prima pagin\u0103","item":"https:\/\/infmix.ro\/a6a\/"},{"@type":"ListItem","position":2,"name":"M4","item":"https:\/\/infmix.ro\/a6a\/m4\/"},{"@type":"ListItem","position":3,"name":"M4 L1 Ce este o prezentare? Etape de realizare."}]},{"@type":"WebSite","@id":"https:\/\/infmix.ro\/a6a\/#website","url":"https:\/\/infmix.ro\/a6a\/","name":"Clasa a VI-a InfMix","description":"Informa\u021bia a\u0219a cum o pute\u021bi imagina","publisher":{"@id":"https:\/\/infmix.ro\/a6a\/#\/schema\/person\/2cebfe49f5302ee541291ee8efcc004d"},"potentialAction":[{"@type":"SearchAction","target":{"@type":"EntryPoint","urlTemplate":"https:\/\/infmix.ro\/a6a\/?s={search_term_string}"},"query-input":{"@type":"PropertyValueSpecification","valueRequired":true,"valueName":"search_term_string"}}],"inLanguage":"ro-RO"},{"@type":["Person","Organization"],"@id":"https:\/\/infmix.ro\/a6a\/#\/schema\/person\/2cebfe49f5302ee541291ee8efcc004d","name":"Profu DeInfo","image":{"@type":"ImageObject","inLanguage":"ro-RO","@id":"https:\/\/infmix.ro\/a6a\/wp-content\/uploads\/sites\/2\/2024\/11\/64colorchanger.png","url":"https:\/\/infmix.ro\/a6a\/wp-content\/uploads\/sites\/2\/2024\/11\/64colorchanger.png","contentUrl":"https:\/\/infmix.ro\/a6a\/wp-content\/uploads\/sites\/2\/2024\/11\/64colorchanger.png","width":64,"height":64,"caption":"Profu DeInfo"},"logo":{"@id":"https:\/\/infmix.ro\/a6a\/wp-content\/uploads\/sites\/2\/2024\/11\/64colorchanger.png"},"sameAs":["https:\/\/infmix.ro"]}]}},"_links":{"self":[{"href":"https:\/\/infmix.ro\/a6a\/wp-json\/wp\/v2\/pages\/140","targetHints":{"allow":["GET"]}}],"collection":[{"href":"https:\/\/infmix.ro\/a6a\/wp-json\/wp\/v2\/pages"}],"about":[{"href":"https:\/\/infmix.ro\/a6a\/wp-json\/wp\/v2\/types\/page"}],"author":[{"embeddable":true,"href":"https:\/\/infmix.ro\/a6a\/wp-json\/wp\/v2\/users\/1"}],"replies":[{"embeddable":true,"href":"https:\/\/infmix.ro\/a6a\/wp-json\/wp\/v2\/comments?post=140"}],"version-history":[{"count":3,"href":"https:\/\/infmix.ro\/a6a\/wp-json\/wp\/v2\/pages\/140\/revisions"}],"predecessor-version":[{"id":214,"href":"https:\/\/infmix.ro\/a6a\/wp-json\/wp\/v2\/pages\/140\/revisions\/214"}],"up":[{"embeddable":true,"href":"https:\/\/infmix.ro\/a6a\/wp-json\/wp\/v2\/pages\/133"}],"wp:attachment":[{"href":"https:\/\/infmix.ro\/a6a\/wp-json\/wp\/v2\/media?parent=140"}],"curies":[{"name":"wp","href":"https:\/\/api.w.org\/{rel}","templated":true}]}}