{"id":105,"date":"2025-01-13T08:26:26","date_gmt":"2025-01-13T08:26:26","guid":{"rendered":"https:\/\/infmix.ro\/a6a\/?page_id=105"},"modified":"2025-12-03T17:10:39","modified_gmt":"2025-12-03T17:10:39","slug":"m3-l1-retele-de-calculatoare","status":"publish","type":"page","link":"https:\/\/infmix.ro\/a6a\/m3\/m3-l1-retele-de-calculatoare\/","title":{"rendered":"M3 L1 Re\u021bele de calculatoare \u0219i topologie"},"content":{"rendered":"\n<p>\u00cen aceast\u0103 lec\u021bie prezent\u0103m pe scurt istoria Internetului, \u0219i protocoalele https:\/\/ \u0219i serviciul de e-mail.<\/p>\n\n\n\n<h2 class=\"wp-block-heading\"><strong>Istoria Internetului<\/strong><\/h2>\n\n\n\n<p>\u00cen 1957 ru\u0219ii au lansat pe orbit\u0103 circum-terestr\u0103 primul satelit artificial al planetei P\u0103m\u00e2nt denumit Sputnik. Numele \u201eSputnik\u201d \u00eenseamn\u0103 \u00een limba rus\u0103 chiar \u201esatelit\u201d sau \u201etovar\u0103\u0219 de c\u0103l\u0103torie\u201d.<\/p>\n\n\n\n<figure class=\"wp-block-image\"><img decoding=\"async\" src=\"https:\/\/infmix.ro\/wp-content\/uploads\/2023\/01\/sputnik-1024x646.jpg\" alt=\"\" class=\"wp-image-823\"\/><figcaption class=\"wp-element-caption\">sputnik<\/figcaption><\/figure>\n\n\n\n<p>\u00cen 1961, ru\u0219ii au lansat capsula Vostok 1 cu primul om care a c\u0103l\u0103torit \u00een spa\u021biul cosmic, cosmonautul Yuri Gagarin.<\/p>\n\n\n\n<figure class=\"wp-block-image\"><img decoding=\"async\" src=\"https:\/\/infmix.ro\/wp-content\/uploads\/2023\/01\/iuri-gagarin.jpg\" alt=\"\" class=\"wp-image-822\"\/><figcaption class=\"wp-element-caption\">Iuri Gagarin<\/figcaption><\/figure>\n\n\n\n<p>Advanced Research Projects Agency (ARPA), a fost creat\u0103 la 7 februarie 1958, de pre\u0219edintele Statelor Unite Dwight D. Eisenhower ca r\u0103spuns la programul spa\u021bial sovietic. <strong>ARPANET a fost prima re\u021bea de calculatoare<\/strong> care \u00een 1983 s-a divizat \u00een MILNET ca re\u021bea militar\u0103 \u0219i ceea ce a r\u0103mas se nume\u0219te ast\u0103zi INTERNET.<\/p>\n\n\n\n<p><strong>Defini\u021bie:<\/strong><\/p>\n\n\n\n<p>O mul\u021bime de dou\u0103 sau mai multe calculatoare conectate \u00eentre ele prin intermediul adaptoarelor (pl\u0103cilor) de re\u021bea se nume\u0219te re\u021bea de calculatoare.<\/p>\n\n\n\n<p><strong>INTERNETUL<\/strong> func\u021bioneaz\u0103 datorit\u0103 unor seturi de reguli denumite PROTOCOALE de comunica\u021bie ce permit transmisia de date \u00eentre componentele re\u021belei.<\/p>\n\n\n\n<p><strong>Elementele componente ale unei re\u021bele sunt:<\/strong><br>Terminalele = calculatoare, laptop-uri, tablete, telefoane, etc. denumite GAZDE.<br>Mediul de transmisie = fire de cupru, fibr\u0103 optic\u0103, atmosfera, spa\u021biul cosmic.<br>Echipamente de re\u021bea = SWITCH, GATEWAY, RUTER,.<\/p>\n\n\n\n<p>Un <strong>SWITCH<\/strong> face leg\u0103tura dintre gazdele unei re\u021bele locale.<br>Un <strong>GATEWAY<\/strong>(ROUTER) permite transmisia de date \u00eentre re\u021bele locale diferite.<br>Un <strong>RUTER<\/strong> permite transmisia de date \u00eentre re\u021bele diferite.<\/p>\n\n\n\n<h2 class=\"wp-block-heading\"><strong>CLIENT-SERVER:<\/strong><\/h2>\n\n\n\n<p>Aplica\u021biile client lanseaz\u0103 cereri la un server pentru a primi informa\u021bii. Cele mai cunoscute tipuri de servere sunt servere de web sau de mail. Pe serverele de web se afl\u0103 p\u0103strate site-uri web iar cele de mail ofer\u0103 spa\u021biu pentru c\u0103su\u021be de e-mail. Aplica\u021biile client pentru web sunt numite browsere (Chrome, Firefox, Microsoft Edge, Brave, etc.).<\/p>\n\n\n\n<h2 class=\"wp-block-heading\">Pagini WEB<\/h2>\n\n\n\n<p>Un site web con\u021bine mai multe pagini \u0219i se afl\u0103 pe un server de web. WEB \u00eenseamn\u0103 p\u00e2nz\u0103 de p\u0103ianjen \u0219i reprezint\u0103 un sistem de informa\u021bii partajate prin hipertext adic\u0103 textul paginilor web. Pentru a accesa o pagin\u0103 web noi folosim un program client denumit browser: (Chrome, Firefox, Brave, Edge etc.) cu care adres\u0103m cereri unui server. O adres\u0103 a unui site web se mai nume\u0219te \u0219i U.R.L. (Uniform resource locator) \u0219i este format\u0103 din:<\/p>\n\n\n\n<figure class=\"wp-block-image\"><img decoding=\"async\" src=\"https:\/\/infmix.ro\/wp-content\/uploads\/2025\/01\/urlro.png\" alt=\"\" class=\"wp-image-1359\"\/><figcaption class=\"wp-element-caption\">uniform resource locator<\/figcaption><\/figure>\n\n\n\n<h2 class=\"wp-block-heading\">C\u0103su\u021be de e-mail<\/h2>\n\n\n\n<p>Adresele de e-mail se pot accesa tot cu pagini web care apar\u021bin unor servere de e-mail: Google, Yahoo, etc. \u00cen video de mai jos pute\u021bi afla c\u00e2t de simplu este s\u0103 creea\u021bi un cont de google:<\/p>\n\n\n\n<figure class=\"wp-block-embed aligncenter is-type-video is-provider-youtube wp-block-embed-youtube wp-embed-aspect-4-3 wp-has-aspect-ratio\"><div class=\"wp-block-embed__wrapper\">\n<iframe loading=\"lazy\" title=\"Crearea unui cont google\" width=\"729\" height=\"547\" src=\"https:\/\/www.youtube.com\/embed\/kxlatuWA2v8?feature=oembed\" frameborder=\"0\" allow=\"accelerometer; autoplay; clipboard-write; encrypted-media; gyroscope; picture-in-picture; web-share\" referrerpolicy=\"strict-origin-when-cross-origin\" allowfullscreen><\/iframe>\n<\/div><\/figure>\n\n\n\n<p>Pentru a trimite fi\u0219iere pute\u021bi \u00eenv\u0103\u021ba cum se face vizion\u00e2nd video de mai jos:<\/p>\n\n\n\n<figure class=\"wp-block-embed aligncenter is-type-video is-provider-youtube wp-block-embed-youtube wp-embed-aspect-4-3 wp-has-aspect-ratio\"><div class=\"wp-block-embed__wrapper\">\n<iframe loading=\"lazy\" title=\"C\u00e2t de simplu e s\u0103 trimi\u021bi un mesaj cu ata\u0219ament.\" width=\"729\" height=\"547\" src=\"https:\/\/www.youtube.com\/embed\/K-x_8eTL1zI?feature=oembed\" frameborder=\"0\" allow=\"accelerometer; autoplay; clipboard-write; encrypted-media; gyroscope; picture-in-picture; web-share\" referrerpolicy=\"strict-origin-when-cross-origin\" allowfullscreen><\/iframe>\n<\/div><\/figure>\n\n\n\n<p>Observa\u021bii:<\/p>\n\n\n\n<pre class=\"wp-block-code\"><code>1. Dac\u0103 un calculator nu \u00eendepline\u0219te func\u021biile de GATEWAY, RUTER sau SERVER \u00een re\u021bea el se nume\u0219te GAZD\u0102.\n2. Internet cu I mare se refer\u0103 la re\u021beaua global\u0103 Internet care este unic\u0103 iar internet cu i mic se refer\u0103 la o inter-re\u021bea format\u0103 din dou\u0103 sau mai multe re\u021bele locale oarecare.<\/code><\/pre>\n\n\n\n<p><strong>\u00centreb\u0103ri:<\/strong><\/p>\n\n\n\n<ol class=\"wp-block-list\">\n<li>Ce este o re\u021bea de calculatoare?<\/li>\n\n\n\n<li>Ce func\u021bie are un switch \u00eentr-o re\u021bea?<\/li>\n\n\n\n<li>Care sunt elementele componente ale unei re\u021bele de calculatoare?<\/li>\n\n\n\n<li>Ce func\u021bie au echipamentele de gateway\/ruter \u00een re\u021belele de calculatoare?<\/li>\n\n\n\n<li>Care sunt cele mai cunoscute tipuri de servere \u0219i care sunt rolurile lor?<\/li>\n\n\n\n<li>Cum func\u021bioneaz\u0103 modelul client-server?<\/li>\n<\/ol>\n\n\n\n<p><\/p>\n","protected":false},"excerpt":{"rendered":"<p>\u00cen aceast\u0103 lec\u021bie prezent\u0103m pe scurt istoria Internetului, \u0219i protocoalele https:\/\/ \u0219i serviciul de e-mail. Istoria Internetului \u00cen 1957 ru\u0219ii au lansat pe orbit\u0103 circum-terestr\u0103 primul satelit artificial al planetei P\u0103m\u00e2nt denumit Sputnik. Numele \u201eSputnik\u201d \u00eenseamn\u0103 \u00een limba rus\u0103 chiar \u201esatelit\u201d sau \u201etovar\u0103\u0219 de c\u0103l\u0103torie\u201d. \u00cen 1961, ru\u0219ii au lansat capsula Vostok 1 cu primul [&hellip;]<\/p>\n","protected":false},"author":1,"featured_media":0,"parent":102,"menu_order":0,"comment_status":"closed","ping_status":"closed","template":"","meta":{"_FSMCFIC_featured_image_caption":"","_FSMCFIC_featured_image_nocaption":"","_FSMCFIC_featured_image_hide":"","footnotes":""},"class_list":["post-105","page","type-page","status-publish","hentry"],"yoast_head":"<!-- This site is optimized with the Yoast SEO plugin v27.4 - https:\/\/yoast.com\/product\/yoast-seo-wordpress\/ -->\n<title>M3 L1 Re\u021bele de calculatoare \u0219i topologie - Clasa a VI-a InfMix<\/title>\n<meta name=\"robots\" content=\"index, follow, max-snippet:-1, max-image-preview:large, max-video-preview:-1\" \/>\n<link rel=\"canonical\" href=\"https:\/\/infmix.ro\/a6a\/m3\/m3-l1-retele-de-calculatoare\/\" \/>\n<meta property=\"og:locale\" content=\"ro_RO\" \/>\n<meta property=\"og:type\" content=\"article\" \/>\n<meta property=\"og:title\" content=\"M3 L1 Re\u021bele de calculatoare \u0219i topologie - Clasa a VI-a InfMix\" \/>\n<meta property=\"og:description\" content=\"\u00cen aceast\u0103 lec\u021bie prezent\u0103m pe scurt istoria Internetului, \u0219i protocoalele https:\/\/ \u0219i serviciul de e-mail. Istoria Internetului \u00cen 1957 ru\u0219ii au lansat pe orbit\u0103 circum-terestr\u0103 primul satelit artificial al planetei P\u0103m\u00e2nt denumit Sputnik. Numele \u201eSputnik\u201d \u00eenseamn\u0103 \u00een limba rus\u0103 chiar \u201esatelit\u201d sau \u201etovar\u0103\u0219 de c\u0103l\u0103torie\u201d. \u00cen 1961, ru\u0219ii au lansat capsula Vostok 1 cu primul [&hellip;]\" \/>\n<meta property=\"og:url\" content=\"https:\/\/infmix.ro\/a6a\/m3\/m3-l1-retele-de-calculatoare\/\" \/>\n<meta property=\"og:site_name\" content=\"Clasa a VI-a InfMix\" \/>\n<meta property=\"article:modified_time\" content=\"2025-12-03T17:10:39+00:00\" \/>\n<meta name=\"twitter:card\" content=\"summary_large_image\" \/>\n<meta name=\"twitter:label1\" content=\"Timp estimat pentru citire\" \/>\n\t<meta name=\"twitter:data1\" content=\"4 minute\" \/>\n<script type=\"application\/ld+json\" class=\"yoast-schema-graph\">{\"@context\":\"https:\\\/\\\/schema.org\",\"@graph\":[{\"@type\":\"WebPage\",\"@id\":\"https:\\\/\\\/infmix.ro\\\/a6a\\\/m3\\\/m3-l1-retele-de-calculatoare\\\/\",\"url\":\"https:\\\/\\\/infmix.ro\\\/a6a\\\/m3\\\/m3-l1-retele-de-calculatoare\\\/\",\"name\":\"M3 L1 Re\u021bele de calculatoare \u0219i topologie - Clasa a VI-a InfMix\",\"isPartOf\":{\"@id\":\"https:\\\/\\\/infmix.ro\\\/a6a\\\/#website\"},\"primaryImageOfPage\":{\"@id\":\"https:\\\/\\\/infmix.ro\\\/a6a\\\/m3\\\/m3-l1-retele-de-calculatoare\\\/#primaryimage\"},\"image\":{\"@id\":\"https:\\\/\\\/infmix.ro\\\/a6a\\\/m3\\\/m3-l1-retele-de-calculatoare\\\/#primaryimage\"},\"thumbnailUrl\":\"https:\\\/\\\/infmix.ro\\\/wp-content\\\/uploads\\\/2023\\\/01\\\/sputnik-1024x646.jpg\",\"datePublished\":\"2025-01-13T08:26:26+00:00\",\"dateModified\":\"2025-12-03T17:10:39+00:00\",\"breadcrumb\":{\"@id\":\"https:\\\/\\\/infmix.ro\\\/a6a\\\/m3\\\/m3-l1-retele-de-calculatoare\\\/#breadcrumb\"},\"inLanguage\":\"ro-RO\",\"potentialAction\":[{\"@type\":\"ReadAction\",\"target\":[\"https:\\\/\\\/infmix.ro\\\/a6a\\\/m3\\\/m3-l1-retele-de-calculatoare\\\/\"]}]},{\"@type\":\"ImageObject\",\"inLanguage\":\"ro-RO\",\"@id\":\"https:\\\/\\\/infmix.ro\\\/a6a\\\/m3\\\/m3-l1-retele-de-calculatoare\\\/#primaryimage\",\"url\":\"https:\\\/\\\/infmix.ro\\\/wp-content\\\/uploads\\\/2023\\\/01\\\/sputnik-1024x646.jpg\",\"contentUrl\":\"https:\\\/\\\/infmix.ro\\\/wp-content\\\/uploads\\\/2023\\\/01\\\/sputnik-1024x646.jpg\"},{\"@type\":\"BreadcrumbList\",\"@id\":\"https:\\\/\\\/infmix.ro\\\/a6a\\\/m3\\\/m3-l1-retele-de-calculatoare\\\/#breadcrumb\",\"itemListElement\":[{\"@type\":\"ListItem\",\"position\":1,\"name\":\"Prima pagin\u0103\",\"item\":\"https:\\\/\\\/infmix.ro\\\/a6a\\\/\"},{\"@type\":\"ListItem\",\"position\":2,\"name\":\"M3\",\"item\":\"https:\\\/\\\/infmix.ro\\\/a6a\\\/m3\\\/\"},{\"@type\":\"ListItem\",\"position\":3,\"name\":\"M3 L1 Re\u021bele de calculatoare \u0219i topologie\"}]},{\"@type\":\"WebSite\",\"@id\":\"https:\\\/\\\/infmix.ro\\\/a6a\\\/#website\",\"url\":\"https:\\\/\\\/infmix.ro\\\/a6a\\\/\",\"name\":\"Clasa a VI-a InfMix\",\"description\":\"Informa\u021bia a\u0219a cum o pute\u021bi imagina\",\"publisher\":{\"@id\":\"https:\\\/\\\/infmix.ro\\\/a6a\\\/#\\\/schema\\\/person\\\/2cebfe49f5302ee541291ee8efcc004d\"},\"potentialAction\":[{\"@type\":\"SearchAction\",\"target\":{\"@type\":\"EntryPoint\",\"urlTemplate\":\"https:\\\/\\\/infmix.ro\\\/a6a\\\/?s={search_term_string}\"},\"query-input\":{\"@type\":\"PropertyValueSpecification\",\"valueRequired\":true,\"valueName\":\"search_term_string\"}}],\"inLanguage\":\"ro-RO\"},{\"@type\":[\"Person\",\"Organization\"],\"@id\":\"https:\\\/\\\/infmix.ro\\\/a6a\\\/#\\\/schema\\\/person\\\/2cebfe49f5302ee541291ee8efcc004d\",\"name\":\"Profu DeInfo\",\"image\":{\"@type\":\"ImageObject\",\"inLanguage\":\"ro-RO\",\"@id\":\"https:\\\/\\\/infmix.ro\\\/a6a\\\/wp-content\\\/uploads\\\/sites\\\/2\\\/2024\\\/11\\\/64colorchanger.png\",\"url\":\"https:\\\/\\\/infmix.ro\\\/a6a\\\/wp-content\\\/uploads\\\/sites\\\/2\\\/2024\\\/11\\\/64colorchanger.png\",\"contentUrl\":\"https:\\\/\\\/infmix.ro\\\/a6a\\\/wp-content\\\/uploads\\\/sites\\\/2\\\/2024\\\/11\\\/64colorchanger.png\",\"width\":64,\"height\":64,\"caption\":\"Profu DeInfo\"},\"logo\":{\"@id\":\"https:\\\/\\\/infmix.ro\\\/a6a\\\/wp-content\\\/uploads\\\/sites\\\/2\\\/2024\\\/11\\\/64colorchanger.png\"},\"sameAs\":[\"https:\\\/\\\/infmix.ro\"]}]}<\/script>\n<!-- \/ Yoast SEO plugin. -->","yoast_head_json":{"title":"M3 L1 Re\u021bele de calculatoare \u0219i topologie - Clasa a VI-a InfMix","robots":{"index":"index","follow":"follow","max-snippet":"max-snippet:-1","max-image-preview":"max-image-preview:large","max-video-preview":"max-video-preview:-1"},"canonical":"https:\/\/infmix.ro\/a6a\/m3\/m3-l1-retele-de-calculatoare\/","og_locale":"ro_RO","og_type":"article","og_title":"M3 L1 Re\u021bele de calculatoare \u0219i topologie - Clasa a VI-a InfMix","og_description":"\u00cen aceast\u0103 lec\u021bie prezent\u0103m pe scurt istoria Internetului, \u0219i protocoalele https:\/\/ \u0219i serviciul de e-mail. Istoria Internetului \u00cen 1957 ru\u0219ii au lansat pe orbit\u0103 circum-terestr\u0103 primul satelit artificial al planetei P\u0103m\u00e2nt denumit Sputnik. Numele \u201eSputnik\u201d \u00eenseamn\u0103 \u00een limba rus\u0103 chiar \u201esatelit\u201d sau \u201etovar\u0103\u0219 de c\u0103l\u0103torie\u201d. \u00cen 1961, ru\u0219ii au lansat capsula Vostok 1 cu primul [&hellip;]","og_url":"https:\/\/infmix.ro\/a6a\/m3\/m3-l1-retele-de-calculatoare\/","og_site_name":"Clasa a VI-a InfMix","article_modified_time":"2025-12-03T17:10:39+00:00","twitter_card":"summary_large_image","twitter_misc":{"Timp estimat pentru citire":"4 minute"},"schema":{"@context":"https:\/\/schema.org","@graph":[{"@type":"WebPage","@id":"https:\/\/infmix.ro\/a6a\/m3\/m3-l1-retele-de-calculatoare\/","url":"https:\/\/infmix.ro\/a6a\/m3\/m3-l1-retele-de-calculatoare\/","name":"M3 L1 Re\u021bele de calculatoare \u0219i topologie - Clasa a VI-a InfMix","isPartOf":{"@id":"https:\/\/infmix.ro\/a6a\/#website"},"primaryImageOfPage":{"@id":"https:\/\/infmix.ro\/a6a\/m3\/m3-l1-retele-de-calculatoare\/#primaryimage"},"image":{"@id":"https:\/\/infmix.ro\/a6a\/m3\/m3-l1-retele-de-calculatoare\/#primaryimage"},"thumbnailUrl":"https:\/\/infmix.ro\/wp-content\/uploads\/2023\/01\/sputnik-1024x646.jpg","datePublished":"2025-01-13T08:26:26+00:00","dateModified":"2025-12-03T17:10:39+00:00","breadcrumb":{"@id":"https:\/\/infmix.ro\/a6a\/m3\/m3-l1-retele-de-calculatoare\/#breadcrumb"},"inLanguage":"ro-RO","potentialAction":[{"@type":"ReadAction","target":["https:\/\/infmix.ro\/a6a\/m3\/m3-l1-retele-de-calculatoare\/"]}]},{"@type":"ImageObject","inLanguage":"ro-RO","@id":"https:\/\/infmix.ro\/a6a\/m3\/m3-l1-retele-de-calculatoare\/#primaryimage","url":"https:\/\/infmix.ro\/wp-content\/uploads\/2023\/01\/sputnik-1024x646.jpg","contentUrl":"https:\/\/infmix.ro\/wp-content\/uploads\/2023\/01\/sputnik-1024x646.jpg"},{"@type":"BreadcrumbList","@id":"https:\/\/infmix.ro\/a6a\/m3\/m3-l1-retele-de-calculatoare\/#breadcrumb","itemListElement":[{"@type":"ListItem","position":1,"name":"Prima pagin\u0103","item":"https:\/\/infmix.ro\/a6a\/"},{"@type":"ListItem","position":2,"name":"M3","item":"https:\/\/infmix.ro\/a6a\/m3\/"},{"@type":"ListItem","position":3,"name":"M3 L1 Re\u021bele de calculatoare \u0219i topologie"}]},{"@type":"WebSite","@id":"https:\/\/infmix.ro\/a6a\/#website","url":"https:\/\/infmix.ro\/a6a\/","name":"Clasa a VI-a InfMix","description":"Informa\u021bia a\u0219a cum o pute\u021bi imagina","publisher":{"@id":"https:\/\/infmix.ro\/a6a\/#\/schema\/person\/2cebfe49f5302ee541291ee8efcc004d"},"potentialAction":[{"@type":"SearchAction","target":{"@type":"EntryPoint","urlTemplate":"https:\/\/infmix.ro\/a6a\/?s={search_term_string}"},"query-input":{"@type":"PropertyValueSpecification","valueRequired":true,"valueName":"search_term_string"}}],"inLanguage":"ro-RO"},{"@type":["Person","Organization"],"@id":"https:\/\/infmix.ro\/a6a\/#\/schema\/person\/2cebfe49f5302ee541291ee8efcc004d","name":"Profu DeInfo","image":{"@type":"ImageObject","inLanguage":"ro-RO","@id":"https:\/\/infmix.ro\/a6a\/wp-content\/uploads\/sites\/2\/2024\/11\/64colorchanger.png","url":"https:\/\/infmix.ro\/a6a\/wp-content\/uploads\/sites\/2\/2024\/11\/64colorchanger.png","contentUrl":"https:\/\/infmix.ro\/a6a\/wp-content\/uploads\/sites\/2\/2024\/11\/64colorchanger.png","width":64,"height":64,"caption":"Profu DeInfo"},"logo":{"@id":"https:\/\/infmix.ro\/a6a\/wp-content\/uploads\/sites\/2\/2024\/11\/64colorchanger.png"},"sameAs":["https:\/\/infmix.ro"]}]}},"_links":{"self":[{"href":"https:\/\/infmix.ro\/a6a\/wp-json\/wp\/v2\/pages\/105","targetHints":{"allow":["GET"]}}],"collection":[{"href":"https:\/\/infmix.ro\/a6a\/wp-json\/wp\/v2\/pages"}],"about":[{"href":"https:\/\/infmix.ro\/a6a\/wp-json\/wp\/v2\/types\/page"}],"author":[{"embeddable":true,"href":"https:\/\/infmix.ro\/a6a\/wp-json\/wp\/v2\/users\/1"}],"replies":[{"embeddable":true,"href":"https:\/\/infmix.ro\/a6a\/wp-json\/wp\/v2\/comments?post=105"}],"version-history":[{"count":6,"href":"https:\/\/infmix.ro\/a6a\/wp-json\/wp\/v2\/pages\/105\/revisions"}],"predecessor-version":[{"id":212,"href":"https:\/\/infmix.ro\/a6a\/wp-json\/wp\/v2\/pages\/105\/revisions\/212"}],"up":[{"embeddable":true,"href":"https:\/\/infmix.ro\/a6a\/wp-json\/wp\/v2\/pages\/102"}],"wp:attachment":[{"href":"https:\/\/infmix.ro\/a6a\/wp-json\/wp\/v2\/media?parent=105"}],"curies":[{"name":"wp","href":"https:\/\/api.w.org\/{rel}","templated":true}]}}